{"id":51137,"date":"2025-12-01T12:50:30","date_gmt":"2025-12-01T12:50:30","guid":{"rendered":"https:\/\/finewoodencreations.com\/?post_type=product&#038;p=51137"},"modified":"2025-12-06T15:25:26","modified_gmt":"2025-12-06T15:25:26","slug":"deska-do-serwowania-i-krojenia-z-pojedynczego-kawlaka-orzecha-do-kuchni-deska-na-prezent-na-swieta","status":"publish","type":"product","link":"https:\/\/finewoodencreations.com\/pl\/shop\/deski-do-serwowania\/deska-do-serwowania-i-krojenia-z-pojedynczego-kawlaka-orzecha-do-kuchni-deska-na-prezent-na-swieta\/","title":{"rendered":"Deska do serwowania i krojenia z pojedy\u0144czego kaw\u0142aka orzecha \/ do kuchni, deska na prezent na \u015bwi\u0119ta"},"content":{"rendered":"\r\n<p class=\"ai-optimize-47 ai-optimize-introduction\" data-path-to-node=\"3\"><span class=\"\">Poczuj prawdziw\u0105 si\u0142\u0119 i ciep\u0142o natury w swojej kuchni!<\/span><span class=\"\">\u00a0Ta wyj\u0105tkowa deska to 100% natury \u2013 wykonana z\u00a0<\/span><b class=\"\">jednego, litego kawa\u0142ka drewna orzechowego (monolit)<\/b><span class=\"\">.<\/span><span class=\"\">\u00a0<\/span><\/p>\r\n<p class=\"ai-optimize-47 ai-optimize-introduction\" data-path-to-node=\"3\"><span class=\"\">Nie jest to deska klejona,<\/span><span class=\"\">\u00a0dzi\u0119ki czemu zachowuje naturalny,<\/span><span class=\"\">\u00a0ci\u0105g\u0142y rysunek s\u0142oj\u00f3w,<\/span><span class=\"\">\u00a0kt\u00f3ry czyni j\u0105 niepowtarzaln\u0105.<\/span><\/p>\r\n<p class=\"ai-optimize-48\" data-path-to-node=\"4\"><span class=\"\">W przeciwie\u0144stwie do delikatnych desek ozdobnych,<\/span><span class=\"\">\u00a0ten produkt to prawdziwy &#8220;w\u00f3\u0142 roboczy&#8221; o szlachetnym wygl\u0105dzie.<\/span><span class=\"\">\u00a0Dzi\u0119ki imponuj\u0105cej grubo\u015bci\u00a0<\/span><b class=\"\">25 mm<\/b><span class=\"\">\u00a0jest niezwykle solidna i stabilna.<\/span><\/p>\r\n<p class=\"ai-optimize-49\" data-path-to-node=\"5\"><span class=\"\">To produkt 2w1,<\/span><span class=\"\">\u00a0kt\u00f3ry sprawdzi si\u0119 w ka\u017cdym domu:<\/span><\/p>\r\n<ol start=\"1\" data-path-to-node=\"6\">\r\n<li class=\"ai-optimize-50\">\r\n<p class=\"ai-optimize-51\" data-path-to-node=\"6,0,0\"><b class=\"\">Do krojenia:<\/b><span class=\"\">\u00a0Twarde drewno orzechowe i solidna konstrukcja pozwalaj\u0105 na swobodne przygotowywanie posi\u0142k\u00f3w.<\/span><\/p>\r\n<\/li>\r\n<li class=\"ai-optimize-52\">\r\n<p class=\"ai-optimize-53\" data-path-to-node=\"6,1,0\"><b class=\"\">Do serwowania:<\/b><span class=\"\">\u00a0Niezwyk\u0142e us\u0142ojenie sprawia,<\/span><span class=\"\">\u00a0\u017ce deska jest pi\u0119knym t\u0142em dla ser\u00f3w,<\/span><span class=\"\">\u00a0w\u0119dlin czy pieczywa podczas spotka\u0144 z bliskimi.<\/span><\/p>\r\n<\/li>\r\n<\/ol>\r\n<p data-path-to-node=\"7\">\u00a0<\/p>\r\n<p class=\"ai-optimize-72\" data-path-to-node=\"7\"><span class=\"\">W przeciwie\u0144stwie do desek klejonych,<\/span><span class=\"\">\u00a0ten model to 100% natury w jednym kawa\u0142ku \u2013 solidnym i trwa\u0142ym.<\/span><span class=\"\">\u00a0Nasze deski s\u0105 niezwykle wszechstronne \u2013\u00a0<\/span><b class=\"\">idealnie sprawdzaj\u0105 si\u0119 zar\u00f3wno do intensywnego krojenia, jak i do efektownego serwowania<\/b><span class=\"\">\u00a0ser\u00f3w,<\/span><span class=\"\">\u00a0w\u0119dlin czy pieczywa podczas spotka\u0144 z bliskimi.<\/span><\/p>\r\n\n\t\t\t<style type='text\/css'>\n\t\t\t\t#sc_gallery-1 {\n\t\t\t\t\tmargin: auto;\n\t\t\t\t}\n\t\t\t\t#sc_gallery-1 .gallery-item {\n\t\t\t\t\tfloat: left;\n\t\t\t\t\ttext-align: center;\n\t\t\t\t\twidth: 33.33%;\n\t\t\t\t}\n\t\t\t\t#sc_gallery-1 img {\n\t\t\t\t\tborder: 2px solid #cfcfcf;\n\t\t\t\t}\n\t\t\t\t\/* see sc_gallery() in functions\/theme-shortcodes.php *\/\n\t\t\t<\/style>\n\t\t<div id='sc_gallery-1' class='gallery galleryid-51137 gallery-columns-3 gallery-size-medium file element_classes gallery-default'><dl class='gallery-item'  data-title='desska-do-krojenia-orzech-18a' data-description=''><div class='gallery-item-wrapper'>\n\t\t\t\t<dt class='gallery-icon landscape'>\n\t\t\t\t\t<a href='https:\/\/finewoodencreations.com\/wp-content\/uploads\/2025\/12\/desska-do-krojenia-orzech-18a.webp'><img loading=\"lazy\" decoding=\"async\" width=\"400\" height=\"222\" src=\"https:\/\/finewoodencreations.com\/wp-content\/uploads\/2025\/12\/desska-do-krojenia-orzech-18a-400x222.webp\" class=\"attachment-medium size-medium\" alt=\"\" srcset=\"https:\/\/finewoodencreations.com\/wp-content\/uploads\/2025\/12\/desska-do-krojenia-orzech-18a-400x222.webp 400w, https:\/\/finewoodencreations.com\/wp-content\/uploads\/2025\/12\/desska-do-krojenia-orzech-18a-768x427.webp 768w, https:\/\/finewoodencreations.com\/wp-content\/uploads\/2025\/12\/desska-do-krojenia-orzech-18a-135x75.webp 135w, https:\/\/finewoodencreations.com\/wp-content\/uploads\/2025\/12\/desska-do-krojenia-orzech-18a-480x267.webp 480w, https:\/\/finewoodencreations.com\/wp-content\/uploads\/2025\/12\/desska-do-krojenia-orzech-18a-800x445.webp 800w, https:\/\/finewoodencreations.com\/wp-content\/uploads\/2025\/12\/desska-do-krojenia-orzech-18a.webp 1024w\" sizes=\"auto, (max-width:767px) 400px, 400px\" \/><\/a>\n\t\t\t\t<\/dt><\/div><\/dl><dl class='gallery-item'  data-title='desska-do-krojenia-orzech-23' data-description=''><div class='gallery-item-wrapper'>\n\t\t\t\t<dt class='gallery-icon landscape'>\n\t\t\t\t\t<a href='https:\/\/finewoodencreations.com\/wp-content\/uploads\/2025\/12\/desska-do-krojenia-orzech-23.webp'><img loading=\"lazy\" decoding=\"async\" width=\"400\" height=\"260\" src=\"https:\/\/finewoodencreations.com\/wp-content\/uploads\/2025\/12\/desska-do-krojenia-orzech-23-400x260.webp\" class=\"attachment-medium size-medium\" alt=\"\" srcset=\"https:\/\/finewoodencreations.com\/wp-content\/uploads\/2025\/12\/desska-do-krojenia-orzech-23-400x260.webp 400w, https:\/\/finewoodencreations.com\/wp-content\/uploads\/2025\/12\/desska-do-krojenia-orzech-23-768x500.webp 768w, https:\/\/finewoodencreations.com\/wp-content\/uploads\/2025\/12\/desska-do-krojenia-orzech-23-115x75.webp 115w, https:\/\/finewoodencreations.com\/wp-content\/uploads\/2025\/12\/desska-do-krojenia-orzech-23-480x312.webp 480w, https:\/\/finewoodencreations.com\/wp-content\/uploads\/2025\/12\/desska-do-krojenia-orzech-23-800x520.webp 800w, https:\/\/finewoodencreations.com\/wp-content\/uploads\/2025\/12\/desska-do-krojenia-orzech-23.webp 1024w\" sizes=\"auto, (max-width:767px) 400px, 400px\" \/><\/a>\n\t\t\t\t<\/dt><\/div><\/dl><dl class='gallery-item'  data-title='desska-do-krojenia-orzech-22a' data-description=''><div class='gallery-item-wrapper'>\n\t\t\t\t<dt class='gallery-icon landscape'>\n\t\t\t\t\t<a href='https:\/\/finewoodencreations.com\/wp-content\/uploads\/2025\/12\/desska-do-krojenia-orzech-22a-e1764592524921.webp'><img loading=\"lazy\" decoding=\"async\" width=\"400\" height=\"255\" src=\"https:\/\/finewoodencreations.com\/wp-content\/uploads\/2025\/12\/desska-do-krojenia-orzech-22a-e1764592524921-400x255.webp\" class=\"attachment-medium size-medium\" alt=\"\" srcset=\"https:\/\/finewoodencreations.com\/wp-content\/uploads\/2025\/12\/desska-do-krojenia-orzech-22a-e1764592524921-400x255.webp 400w, https:\/\/finewoodencreations.com\/wp-content\/uploads\/2025\/12\/desska-do-krojenia-orzech-22a-e1764592524921-768x490.webp 768w, https:\/\/finewoodencreations.com\/wp-content\/uploads\/2025\/12\/desska-do-krojenia-orzech-22a-e1764592524921-118x75.webp 118w, https:\/\/finewoodencreations.com\/wp-content\/uploads\/2025\/12\/desska-do-krojenia-orzech-22a-e1764592524921-480x305.webp 480w, https:\/\/finewoodencreations.com\/wp-content\/uploads\/2025\/12\/desska-do-krojenia-orzech-22a-e1764592524921.webp 770w\" sizes=\"auto, (max-width:767px) 400px, 400px\" \/><\/a>\n\t\t\t\t<\/dt><\/div><\/dl><br style=\"clear: both\" \/><dl class='gallery-item'  data-title='desska-do-krojenia-orzech-14a' data-description=''><div class='gallery-item-wrapper'>\n\t\t\t\t<dt class='gallery-icon landscape'>\n\t\t\t\t\t<a href='https:\/\/finewoodencreations.com\/wp-content\/uploads\/2025\/12\/desska-do-krojenia-orzech-14a-e1764591828195.webp'><img loading=\"lazy\" decoding=\"async\" width=\"400\" height=\"231\" src=\"https:\/\/finewoodencreations.com\/wp-content\/uploads\/2025\/12\/desska-do-krojenia-orzech-14a-e1764591828195-400x231.webp\" class=\"attachment-medium size-medium\" alt=\"\" srcset=\"https:\/\/finewoodencreations.com\/wp-content\/uploads\/2025\/12\/desska-do-krojenia-orzech-14a-e1764591828195-400x231.webp 400w, https:\/\/finewoodencreations.com\/wp-content\/uploads\/2025\/12\/desska-do-krojenia-orzech-14a-e1764591828195-130x75.webp 130w, https:\/\/finewoodencreations.com\/wp-content\/uploads\/2025\/12\/desska-do-krojenia-orzech-14a-e1764591828195-480x278.webp 480w, https:\/\/finewoodencreations.com\/wp-content\/uploads\/2025\/12\/desska-do-krojenia-orzech-14a-e1764591828195-768x444.webp 768w, https:\/\/finewoodencreations.com\/wp-content\/uploads\/2025\/12\/desska-do-krojenia-orzech-14a-e1764591828195-800x463.webp 800w, https:\/\/finewoodencreations.com\/wp-content\/uploads\/2025\/12\/desska-do-krojenia-orzech-14a-e1764591828195.webp 1024w\" sizes=\"auto, (max-width:767px) 400px, 400px\" \/><\/a>\n\t\t\t\t<\/dt><\/div><\/dl><dl class='gallery-item'  data-title='desska-do-krojenia-orzech-13' data-description=''><div class='gallery-item-wrapper'>\n\t\t\t\t<dt class='gallery-icon landscape'>\n\t\t\t\t\t<a href='https:\/\/finewoodencreations.com\/wp-content\/uploads\/2025\/12\/desska-do-krojenia-orzech-13.webp'><img loading=\"lazy\" decoding=\"async\" width=\"400\" height=\"260\" src=\"https:\/\/finewoodencreations.com\/wp-content\/uploads\/2025\/12\/desska-do-krojenia-orzech-13-400x260.webp\" class=\"attachment-medium size-medium\" alt=\"\" srcset=\"https:\/\/finewoodencreations.com\/wp-content\/uploads\/2025\/12\/desska-do-krojenia-orzech-13-400x260.webp 400w, https:\/\/finewoodencreations.com\/wp-content\/uploads\/2025\/12\/desska-do-krojenia-orzech-13-768x500.webp 768w, https:\/\/finewoodencreations.com\/wp-content\/uploads\/2025\/12\/desska-do-krojenia-orzech-13-115x75.webp 115w, https:\/\/finewoodencreations.com\/wp-content\/uploads\/2025\/12\/desska-do-krojenia-orzech-13-480x312.webp 480w, https:\/\/finewoodencreations.com\/wp-content\/uploads\/2025\/12\/desska-do-krojenia-orzech-13-800x520.webp 800w, https:\/\/finewoodencreations.com\/wp-content\/uploads\/2025\/12\/desska-do-krojenia-orzech-13.webp 1024w\" sizes=\"auto, (max-width:767px) 400px, 400px\" \/><\/a>\n\t\t\t\t<\/dt><\/div><\/dl><dl class='gallery-item'  data-title='desska-do-krojenia-orzech-9a' data-description=''><div class='gallery-item-wrapper'>\n\t\t\t\t<dt class='gallery-icon landscape'>\n\t\t\t\t\t<a href='https:\/\/finewoodencreations.com\/wp-content\/uploads\/2025\/12\/desska-do-krojenia-orzech-9a.webp'><img loading=\"lazy\" decoding=\"async\" width=\"400\" height=\"272\" src=\"https:\/\/finewoodencreations.com\/wp-content\/uploads\/2025\/12\/desska-do-krojenia-orzech-9a-400x272.webp\" class=\"attachment-medium size-medium\" alt=\"\" srcset=\"https:\/\/finewoodencreations.com\/wp-content\/uploads\/2025\/12\/desska-do-krojenia-orzech-9a-400x272.webp 400w, https:\/\/finewoodencreations.com\/wp-content\/uploads\/2025\/12\/desska-do-krojenia-orzech-9a-768x523.webp 768w, https:\/\/finewoodencreations.com\/wp-content\/uploads\/2025\/12\/desska-do-krojenia-orzech-9a-110x75.webp 110w, https:\/\/finewoodencreations.com\/wp-content\/uploads\/2025\/12\/desska-do-krojenia-orzech-9a-480x327.webp 480w, https:\/\/finewoodencreations.com\/wp-content\/uploads\/2025\/12\/desska-do-krojenia-orzech-9a-800x545.webp 800w, https:\/\/finewoodencreations.com\/wp-content\/uploads\/2025\/12\/desska-do-krojenia-orzech-9a.webp 1024w\" sizes=\"auto, (max-width:767px) 400px, 400px\" \/><\/a>\n\t\t\t\t<\/dt><\/div><\/dl><br style=\"clear: both\" \/>\n\t\t\t<\/div>\n\r\n<hr \/>\r\n<p class=\"ai-optimize-54\" data-path-to-node=\"7\"><span class=\"\"><br \/>Drewno zosta\u0142o starannie wyszlifowane i zabezpieczone\u00a0<\/span><b class=\"\">naturalnym olejem<\/b><span class=\"\">,<\/span><span class=\"\">\u00a0bezpiecznym w kontakcie z \u017cywno\u015bci\u0105,<\/span><span class=\"\">\u00a0co wydobywa g\u0142\u0119bi\u0119 koloru orzecha i chroni go przed wilgoci\u0105.<\/span><\/p>\r\n<p class=\"ai-optimize-55\" data-path-to-node=\"8\"><b class=\"\">Wa\u017cne wskaz\u00f3wki piel\u0119gnacyjne:<\/b><span class=\"\">\u00a0Mycie TYLKO r\u0119cznie!<\/span><span class=\"\">\u00a0Drewna nie mo\u017cna my\u0107 w zmywarce ani d\u0142ugotrwale namacza\u0107.<\/span><span class=\"\">\u00a0Regularne olejowanie pozwoli cieszy\u0107 si\u0119 jej pi\u0119knem przez lata.<\/span><\/p>\r\n<p class=\"ai-optimize-56\" data-path-to-node=\"9\"><b class=\"\">Szukasz innego rozmiaru?<\/b><span class=\"\">\u00a0Sprawd\u017a nasze pozosta\u0142e oferty \u2013 posiadamy deski dopasowane do ka\u017cdej kuchni.<\/span><\/p>\r\n<p data-path-to-node=\"10\">\u00a0<\/p>\r\n<p class=\"ai-optimize-57\" data-path-to-node=\"10\"><b class=\"\">Najwa\u017cniejsze cechy deski:<\/b><\/p>\r\n<ul data-path-to-node=\"11\">\r\n<li class=\"ai-optimize-58\">\r\n<p class=\"ai-optimize-59\" data-path-to-node=\"11,0,0\"><b class=\"\">Rodzaj drewna:<\/b><span class=\"\">\u00a0Szlachetny orzech.<\/span><\/p>\r\n<\/li>\r\n<li class=\"ai-optimize-30\"><strong>Rozmiar:<\/strong> 47cm x 27cm x 2,5cm<\/li>\r\n<li class=\"ai-optimize-60\">\r\n<p class=\"ai-optimize-61\" data-path-to-node=\"11,1,0\"><b class=\"\">Konstrukcja:<\/b><span class=\"\">\u00a0MONOLIT \u2013 jeden lity kawa\u0142ek drewna (nieklejona!<\/span><span class=\"\">).<\/span><\/p>\r\n<\/li>\r\n<li class=\"ai-optimize-62\">\r\n<p class=\"ai-optimize-63\" data-path-to-node=\"11,2,0\"><b class=\"\">Grubo\u015b\u0107:<\/b><span class=\"\">\u00a0ok.<\/span><span class=\"\">\u00a025 mm (gwarancja solidno\u015bci).<\/span><\/p>\r\n<\/li>\r\n<li class=\"ai-optimize-64\">\r\n<p class=\"ai-optimize-65\" data-path-to-node=\"11,3,0\"><b class=\"\">Wyko\u0144czenie:<\/b><span class=\"\">\u00a0Impregnowana naturalnym olejem jadalnym.<\/span><\/p>\r\n<\/li>\r\n<li class=\"ai-optimize-66\">\r\n<p class=\"ai-optimize-67\" data-path-to-node=\"11,4,0\"><b class=\"\">Zastosowanie:<\/b><b class=\"\"><\/b><span class=\"\">\u00a02w1 \u2013 doskona\u0142a do krojenia oraz serwowania da\u0144<\/span><\/p>\r\n<\/li>\r\n<li class=\"ai-optimize-68\">\r\n<p class=\"ai-optimize-69\" data-path-to-node=\"11,5,0\"><b class=\"\">Unikatowo\u015b\u0107:<\/b><span class=\"\">\u00a0Ka\u017cda sztuka ma inne,<\/span><span class=\"\">\u00a0naturalne us\u0142ojenie i kszta\u0142t kraw\u0119dzi.<\/span><\/p>\r\n<\/li>\r\n<li class=\"ai-optimize-70\">\r\n<p class=\"ai-optimize-71\" data-path-to-node=\"11,6,0\"><b class=\"\">Produkt w pe\u0142ni naturalny i ekologiczny.<\/b><\/p>\r\n<\/li>\r\n<\/ul>\r\n<p class=\"ai-optimize-36\">\u00a0<\/p>\r\n<p class=\"ai-optimize-37\"><strong><\/strong><\/p>\r\n<table class=\" aligncenter\">\r\n<thead>\r\n<tr>\r\n<th>\r\n<p class=\"ai-optimize-38\">Mo\u017cesz skonfigurowa\u0107 swoj\u0105 w\u0142asn\u0105 desk\u0119 <strong><span style=\"font-family: inherit; font-size: inherit;\">przy u\u017cyciu konfiguratora:<\/span><\/strong><\/p>\r\n<p class=\"ai-optimize-39\"><a href=\"https:\/\/finewoodencreations.com\/pl\/shop\/deski-do-serwowania\/zbuduj-swoja-deske-do-serwowania-konfigurator\/\">https:\/\/finewoodencreations.com\/pl\/shop\/deski-do-serwowania\/zbuduj-swoja-deske-do-serwowania-konfigurator\/<\/a><\/p>\r\n<\/th>\r\n<th><a href=\"https:\/\/finewoodencreations.com\/pl\/shop\/deski-do-serwowania\/zbuduj-swoja-deske-do-serwowania-konfigurator\/\"><img loading=\"lazy\" decoding=\"async\" class=\"wp-image-37934 size-medium alignnone\" style=\"font-weight: 400; text-align: start;\" src=\"https:\/\/finewoodencreations.com\/wp-content\/uploads\/2022\/11\/konfigurator-desek-do-serwowania-400x265.webp\" alt=\"\" width=\"400\" height=\"265\" srcset=\"https:\/\/finewoodencreations.com\/wp-content\/uploads\/2022\/11\/konfigurator-desek-do-serwowania-400x265.webp 400w, https:\/\/finewoodencreations.com\/wp-content\/uploads\/2022\/11\/konfigurator-desek-do-serwowania-600x397.webp 600w, https:\/\/finewoodencreations.com\/wp-content\/uploads\/2022\/11\/konfigurator-desek-do-serwowania-1024x678.webp 1024w, https:\/\/finewoodencreations.com\/wp-content\/uploads\/2022\/11\/konfigurator-desek-do-serwowania-768x508.webp 768w, https:\/\/finewoodencreations.com\/wp-content\/uploads\/2022\/11\/konfigurator-desek-do-serwowania-221x146.webp 221w, https:\/\/finewoodencreations.com\/wp-content\/uploads\/2022\/11\/konfigurator-desek-do-serwowania-50x33.webp 50w, https:\/\/finewoodencreations.com\/wp-content\/uploads\/2022\/11\/konfigurator-desek-do-serwowania-113x75.webp 113w, https:\/\/finewoodencreations.com\/wp-content\/uploads\/2022\/11\/konfigurator-desek-do-serwowania-91x60.webp 91w, https:\/\/finewoodencreations.com\/wp-content\/uploads\/2022\/11\/konfigurator-desek-do-serwowania-136x90.webp 136w, https:\/\/finewoodencreations.com\/wp-content\/uploads\/2022\/11\/konfigurator-desek-do-serwowania.webp 1035w\" sizes=\"auto, (max-width:767px) 400px, 400px\" \/><\/a><\/th>\r\n<\/tr>\r\n<\/thead>\r\n<\/table>\r\n<p class=\"ai-optimize-40\">Je\u015bli potrzebujesz <strong>niestandardowych wymiar\u00f3w<\/strong> prosimy o kontakt z nami.<\/p>\r\n<p class=\"ai-optimize-45\">Deski do transportu zabezpieczone s\u0105 specjalnymi naro\u017cnikami ochronnymi oraz foli\u0105 b\u0105belkow\u0105. Dostarczamy je w <strong>bezpiecznych opakowaniach.<\/strong><\/p>\r\n<p class=\"ai-optimize-46\">\n<div class=\"wpcf7 no-js\" id=\"wpcf7-f719-o1\" lang=\"en-US\" dir=\"ltr\" data-wpcf7-id=\"719\">\n<div class=\"screen-reader-response\"><p role=\"status\" aria-live=\"polite\" aria-atomic=\"true\"><\/p> <ul><\/ul><\/div>\n<form action=\"\/pl\/wp-json\/wp\/v2\/product\/51137#wpcf7-f719-o1\" method=\"post\" class=\"wpcf7-form init\" aria-label=\"Contact form\" novalidate=\"novalidate\" data-status=\"init\">\n<fieldset class=\"hidden-fields-container\"><input type=\"hidden\" name=\"_wpcf7\" value=\"719\" \/><input type=\"hidden\" name=\"_wpcf7_version\" value=\"6.1.5\" \/><input type=\"hidden\" name=\"_wpcf7_locale\" value=\"en_US\" \/><input type=\"hidden\" name=\"_wpcf7_unit_tag\" value=\"wpcf7-f719-o1\" \/><input type=\"hidden\" name=\"_wpcf7_container_post\" value=\"0\" \/><input type=\"hidden\" name=\"_wpcf7_posted_data_hash\" value=\"\" \/><input type=\"hidden\" name=\"_wpcf7dtx_version\" value=\"5.0.5\" \/><input type=\"hidden\" name=\"_wpcf7_recaptcha_response\" value=\"\" \/>\n<\/fieldset>\n<h5 style=\"margin-bottom: 5px;\">Z\u0142\u00f3\u017c zapytanie\n<\/h5>\n<p><strong>E-mail: <\/strong><a style=\"color: #404040\">info (at) finewoodencreations (dot) com<\/a>\n<\/p>\n<p><strong>Telefon: <\/strong><a style=\"color: #404040\">+48 534 005 534<\/a>\n<\/p>\n<div class=\"column one-third\">\n\t<p><span class=\"wpcf7-form-control-wrap\" data-name=\"your-name\"><input size=\"40\" maxlength=\"400\" class=\"wpcf7-form-control wpcf7-text wpcf7-validates-as-required\" aria-required=\"true\" aria-invalid=\"false\" placeholder=\"Imi\u0119 i nazwisko\" value=\"\" type=\"text\" name=\"your-name\" \/><\/span>\n\t<\/p>\n<\/div>\n<div class=\"column one-third\">\n\t<p><span class=\"wpcf7-form-control-wrap\" data-name=\"your-email\"><input size=\"40\" maxlength=\"400\" class=\"wpcf7-form-control wpcf7-email wpcf7-validates-as-required wpcf7-text wpcf7-validates-as-email\" aria-required=\"true\" aria-invalid=\"false\" placeholder=\"Adres e-mail\" value=\"\" type=\"email\" name=\"your-email\" \/><\/span>\n\t<\/p>\n<\/div>\n<div class=\"column one-third\">\n\t<p><span class=\"wpcf7-form-control-wrap\" data-name=\"your-phone\"><input class=\"wpcf7-form-control wpcf7-number wpcf7-validates-as-number\" aria-invalid=\"false\" placeholder=\"Telefon\" value=\"\" type=\"number\" name=\"your-phone\" \/><\/span>\n\t<\/p>\n<\/div>\n<div class=\"column one\">\n\t<p><span class=\"wpcf7-form-control-wrap your-subject\" data-name=\"your-subject\"><input type=\"text\" name=\"your-subject\" class=\"wpcf7-form-control wpcf7-text wpcf7dtx wpcf7dtx-text\" aria-invalid=\"false\" value=\"Deska do serwowania i krojenia z pojedy\u0144czego kaw\u0142aka orzecha \/ do kuchni, deska na prezent na \u015bwi\u0119ta\"><\/span>\n\t<\/p>\n<\/div>\n<div class=\"column one\">\n\t<p><span class=\"wpcf7-form-control-wrap\" data-name=\"your-message\"><textarea cols=\"40\" rows=\"10\" maxlength=\"2000\" class=\"wpcf7-form-control wpcf7-textarea\" aria-invalid=\"false\" placeholder=\"Wiadomo\u015b\u0107\" name=\"your-message\"><\/textarea><\/span>\n\t<\/p>\n<\/div>\n<div class=\"column one\">\n\n<\/div>\n<div class=\"column one\">\n\t<p><input class=\"wpcf7-form-control wpcf7-submit has-spinner\" type=\"submit\" value=\"Wy\u015blij wiadomo\u015b\u0107\" \/>\n\t<\/p>\n<\/div>\n<span class=\"wpcf7-form-control-wrap dynamichidden-898\" data-name=\"dynamichidden-898\"><input type=\"hidden\" name=\"dynamichidden-898\" class=\"wpcf7-form-control wpcf7-hidden wpcf7dtx wpcf7dtx-hidden\" aria-invalid=\"false\" value=\"https:\/\/finewoodencreations.com\/pl\/wp-json\/wp\/v2\/product\/51137\"><\/span><div class=\"wpcf7-response-output\" aria-hidden=\"true\"><\/div>\n<\/form>\n<\/div>\n<\/p>\r\n<!-- \/wp:post-content -->","protected":false},"excerpt":{"rendered":"<p class=\"ai-optimize-23\">Odkryj si\u0142\u0119 natury dzi\u0119ki solidnej desce typu monolit, wykonanej z jednego kawa\u0142ka szlachetnego drewna orzechowego o imponuj\u0105cej grubo\u015bci 25 mm. To niezawodny produkt 2w1, kt\u00f3ry \u0142\u0105czy wytrzyma\u0142o\u015b\u0107 niezb\u0119dn\u0105 do codziennego krojenia z unikalnym designem idealnym do serwowania przek\u0105sek.<\/p>\n","protected":false},"featured_media":51100,"template":"","meta":{"footnotes":""},"product_brand":[],"product_cat":[457],"product_tag":[714,719,721,718,723,724,725,716,727,726,717,713,722,715,720],"class_list":{"0":"post-51137","1":"product","2":"type-product","3":"status-publish","4":"has-post-thumbnail","6":"product_cat-deski-do-serwowania","7":"product_tag-deska-do-serow","8":"product_tag-deska-do-serwowania","9":"product_tag-deska-z-orzecha-wloskiego","10":"product_tag-deska-z-zywa-krawedzia","11":"product_tag-drewniana-deska","12":"product_tag-drewniana-deska-do-serow","13":"product_tag-drewniana-deska-do-serwowania","14":"product_tag-idealny-prezent","15":"product_tag-naturalne-drewno-z-zywica-epoksydowa","16":"product_tag-oryginalny-prezent","17":"product_tag-prezent-na-parapetowke","18":"product_tag-prezent-na-rocznice","19":"product_tag-prezent-slubny","20":"product_tag-taca-do-serow","21":"product_tag-unikalna-deska-do-serwowania","22":"tm-has-options","24":"first","25":"instock","26":"taxable","27":"shipping-taxable","28":"purchasable","29":"product-type-simple"},"bundled_by":[],"bundle_stock_status":"instock","bundle_stock_quantity":null,"bundle_virtual":false,"bundle_layout":"","bundle_add_to_cart_form_location":"","bundle_editable_in_cart":false,"bundle_sold_individually_context":"","bundle_item_grouping":"","bundle_min_size":"","bundle_max_size":"","bundle_price":[],"bundled_items":[],"bundle_sell_ids":[],"_links":{"self":[{"href":"https:\/\/finewoodencreations.com\/pl\/wp-json\/wp\/v2\/product\/51137","targetHints":{"allow":["GET"]}}],"collection":[{"href":"https:\/\/finewoodencreations.com\/pl\/wp-json\/wp\/v2\/product"}],"about":[{"href":"https:\/\/finewoodencreations.com\/pl\/wp-json\/wp\/v2\/types\/product"}],"version-history":[{"count":4,"href":"https:\/\/finewoodencreations.com\/pl\/wp-json\/wp\/v2\/product\/51137\/revisions"}],"predecessor-version":[{"id":51207,"href":"https:\/\/finewoodencreations.com\/pl\/wp-json\/wp\/v2\/product\/51137\/revisions\/51207"}],"wp:featuredmedia":[{"embeddable":true,"href":"https:\/\/finewoodencreations.com\/pl\/wp-json\/wp\/v2\/media\/51100"}],"wp:attachment":[{"href":"https:\/\/finewoodencreations.com\/pl\/wp-json\/wp\/v2\/media?parent=51137"}],"wp:term":[{"taxonomy":"product_brand","embeddable":true,"href":"https:\/\/finewoodencreations.com\/pl\/wp-json\/wp\/v2\/product_brand?post=51137"},{"taxonomy":"product_cat","embeddable":true,"href":"https:\/\/finewoodencreations.com\/pl\/wp-json\/wp\/v2\/product_cat?post=51137"},{"taxonomy":"product_tag","embeddable":true,"href":"https:\/\/finewoodencreations.com\/pl\/wp-json\/wp\/v2\/product_tag?post=51137"}],"curies":[{"name":"wp","href":"https:\/\/api.w.org\/{rel}","templated":true}]}}