{"id":47877,"date":"2024-07-16T21:52:37","date_gmt":"2024-07-16T21:52:38","guid":{"rendered":"https:\/\/finewoodencreations.com\/?post_type=product&#038;p=47877"},"modified":"2024-07-16T22:28:46","modified_gmt":"2024-07-16T22:28:46","slug":"podwojna-umywalka-z-naturalnymi-krawedziami","status":"publish","type":"product","link":"https:\/\/finewoodencreations.com\/pl\/shop\/umywalki-drewniane\/podwojna-umywalka-z-naturalnymi-krawedziami\/","title":{"rendered":"Podw\u00f3jna umywalka z naturalnymi kraw\u0119dziami \/ Umywalka drewniana \/ Ekskluzywna umywalka drewniana"},"content":{"rendered":"<p>Ta wyj\u0105tkowa <strong>podw\u00f3jna umywalka<\/strong> w stylu live edge z naturalnymi kraw\u0119dziami wykonana jednego kawa\u0142ka drewna d\u0119bowego, wi\u0105zowego lub jesionowego.<\/p>\n<p>Po\u0142\u0105czenie specjalnie wyselekcjonowanego drewna d\u0119bowego i \u017cywicy epoksydowej, kt\u00f3re w po\u0142\u0105czeniu tworz\u0105 nowoczesn\u0105 i dynamiczn\u0105 form\u0119.<br \/>\nStarannie wyselekcjonowane kawa\u0142ki drewna d\u0119bowego, ukszta\u0142towane poprzez obr\u00f3bk\u0119 r\u0119czn\u0105 i CNC.<\/p>\n<p>Drewno zosta\u0142o zabezpieczone odpowiednio dobran\u0105 \u017cywic\u0105 epoksydow\u0105, kt\u00f3ra wnikn\u0119\u0142a g\u0142\u0119boko w struktur\u0119 drewna zapewniaj\u0105c mu wysoki stopie\u0144 ochrony i niesamowit\u0105 wytrzyma\u0142o\u015b\u0107. Wierzchnia warstwa lakieru dodatkowo zapobiega przedostawaniu si\u0119 do drewna najmniejszej kropli wody.<\/p>\n<p><span style=\"color: #ff0000;\"><strong>TA UMYWALKA JEST SPRZEDANA &#8211; Je\u015bli chcesz tak\u0105 kupi\u0107 &#8211; z\u0142\u00f3\u017c zam\u00f3wienie, a my wykonamy produkt mo\u017cliwie najbardziej zbli\u017cony do prezentowanego w galerii.<\/strong><\/span><\/p>\n<p><strong>Sprzedajemy sam\u0105 umywalk\u0119, bez armatury, p\u00f3\u0142ki i innych akcesori\u00f3w<br \/>\n<\/strong><\/p>\n<p><strong>Najwa\u017cniejsze cechy umywalki:<\/strong><\/p>\n<p><strong>-Wykonany jest z jednego kawa\u0142ka drewna d\u0119bowego, wi\u0105zowego lub jesionowego<br \/>\n<\/strong><strong>&#8211; rozmiar: 120 cm x 45 cm x 20 cm<br \/>\n-Otwory wykonane zgodnie z wymaganiami klienta<\/strong><br \/>\n<strong>-Wyko\u0144czona i zabezpieczona \u017cywic\u0105 epoksydow\u0105 i dwusk\u0142adnikowym lakierem ochronnym<\/strong><br \/>\n<strong>-Drewno by\u0142o suszone na zewn\u0105trz i w suszarni<\/strong><\/p>\n<p>&nbsp;<\/p>\n\n\t\t\t<style type='text\/css'>\n\t\t\t\t#sc_gallery-1 {\n\t\t\t\t\tmargin: auto;\n\t\t\t\t}\n\t\t\t\t#sc_gallery-1 .gallery-item {\n\t\t\t\t\tfloat: left;\n\t\t\t\t\ttext-align: center;\n\t\t\t\t\twidth: 19.99%;\n\t\t\t\t}\n\t\t\t\t#sc_gallery-1 img {\n\t\t\t\t\tborder: 2px solid #cfcfcf;\n\t\t\t\t}\n\t\t\t\t\/* see sc_gallery() in functions\/theme-shortcodes.php *\/\n\t\t\t<\/style>\n\t\t<div id='sc_gallery-1' class='gallery galleryid-47877 gallery-columns-5 gallery-size-thumbnail file element_classes gallery-default'><dl class='gallery-item'  data-title='live edge double Washbasin 8' data-description=''><div class='gallery-item-wrapper'>\n\t\t\t\t<dt class='gallery-icon landscape'>\n\t\t\t\t\t<a href='https:\/\/finewoodencreations.com\/wp-content\/uploads\/2024\/07\/live-edge-double-Washbasin-8-1.webp'><img loading=\"lazy\" decoding=\"async\" width=\"150\" height=\"150\" src=\"https:\/\/finewoodencreations.com\/wp-content\/uploads\/2024\/07\/live-edge-double-Washbasin-8-1-150x150.webp\" class=\"attachment-thumbnail size-thumbnail\" alt=\"\" srcset=\"https:\/\/finewoodencreations.com\/wp-content\/uploads\/2024\/07\/live-edge-double-Washbasin-8-1-150x150.webp 150w, https:\/\/finewoodencreations.com\/wp-content\/uploads\/2024\/07\/live-edge-double-Washbasin-8-1-768x768.webp 768w, https:\/\/finewoodencreations.com\/wp-content\/uploads\/2024\/07\/live-edge-double-Washbasin-8-1-600x600.webp 600w, https:\/\/finewoodencreations.com\/wp-content\/uploads\/2024\/07\/live-edge-double-Washbasin-8-1-300x300.webp 300w\" sizes=\"auto, (max-width:767px) 150px, 150px\" \/><\/a>\n\t\t\t\t<\/dt><\/div><\/dl><dl class='gallery-item'  data-title='live edge double Washbasin 1' data-description=''><div class='gallery-item-wrapper'>\n\t\t\t\t<dt class='gallery-icon landscape'>\n\t\t\t\t\t<a href='https:\/\/finewoodencreations.com\/wp-content\/uploads\/2024\/07\/live-edge-double-Washbasin-1.webp'><img loading=\"lazy\" decoding=\"async\" width=\"150\" height=\"150\" src=\"https:\/\/finewoodencreations.com\/wp-content\/uploads\/2024\/07\/live-edge-double-Washbasin-1-150x150.webp\" class=\"attachment-thumbnail size-thumbnail\" alt=\"\" srcset=\"https:\/\/finewoodencreations.com\/wp-content\/uploads\/2024\/07\/live-edge-double-Washbasin-1-150x150.webp 150w, https:\/\/finewoodencreations.com\/wp-content\/uploads\/2024\/07\/live-edge-double-Washbasin-1-600x600.webp 600w, https:\/\/finewoodencreations.com\/wp-content\/uploads\/2024\/07\/live-edge-double-Washbasin-1-300x300.webp 300w\" sizes=\"auto, (max-width:767px) 150px, 150px\" \/><\/a>\n\t\t\t\t<\/dt><\/div><\/dl><dl class='gallery-item'  data-title='live edge double Washbasin 5' data-description=''><div class='gallery-item-wrapper'>\n\t\t\t\t<dt class='gallery-icon landscape'>\n\t\t\t\t\t<a href='https:\/\/finewoodencreations.com\/wp-content\/uploads\/2024\/07\/live-edge-double-Washbasin-5.webp'><img loading=\"lazy\" decoding=\"async\" width=\"150\" height=\"150\" src=\"https:\/\/finewoodencreations.com\/wp-content\/uploads\/2024\/07\/live-edge-double-Washbasin-5-150x150.webp\" class=\"attachment-thumbnail size-thumbnail\" alt=\"\" srcset=\"https:\/\/finewoodencreations.com\/wp-content\/uploads\/2024\/07\/live-edge-double-Washbasin-5-150x150.webp 150w, https:\/\/finewoodencreations.com\/wp-content\/uploads\/2024\/07\/live-edge-double-Washbasin-5-300x300.webp 300w\" sizes=\"auto, (max-width:767px) 150px, 150px\" \/><\/a>\n\t\t\t\t<\/dt><\/div><\/dl><dl class='gallery-item'  data-title='live edge double Washbasin 2' data-description=''><div class='gallery-item-wrapper'>\n\t\t\t\t<dt class='gallery-icon landscape'>\n\t\t\t\t\t<a href='https:\/\/finewoodencreations.com\/wp-content\/uploads\/2024\/07\/live-edge-double-Washbasin-2.webp'><img loading=\"lazy\" decoding=\"async\" width=\"150\" height=\"150\" src=\"https:\/\/finewoodencreations.com\/wp-content\/uploads\/2024\/07\/live-edge-double-Washbasin-2-150x150.webp\" class=\"attachment-thumbnail size-thumbnail\" alt=\"\" srcset=\"https:\/\/finewoodencreations.com\/wp-content\/uploads\/2024\/07\/live-edge-double-Washbasin-2-150x150.webp 150w, https:\/\/finewoodencreations.com\/wp-content\/uploads\/2024\/07\/live-edge-double-Washbasin-2-600x600.webp 600w, https:\/\/finewoodencreations.com\/wp-content\/uploads\/2024\/07\/live-edge-double-Washbasin-2-300x300.webp 300w\" sizes=\"auto, (max-width:767px) 150px, 150px\" \/><\/a>\n\t\t\t\t<\/dt><\/div><\/dl><dl class='gallery-item'  data-title='live edge double Washbasin 9' data-description=''><div class='gallery-item-wrapper'>\n\t\t\t\t<dt class='gallery-icon landscape'>\n\t\t\t\t\t<a href='https:\/\/finewoodencreations.com\/wp-content\/uploads\/2024\/07\/live-edge-double-Washbasin-9.webp'><img loading=\"lazy\" decoding=\"async\" width=\"150\" height=\"150\" src=\"https:\/\/finewoodencreations.com\/wp-content\/uploads\/2024\/07\/live-edge-double-Washbasin-9-150x150.webp\" class=\"attachment-thumbnail size-thumbnail\" alt=\"\" srcset=\"https:\/\/finewoodencreations.com\/wp-content\/uploads\/2024\/07\/live-edge-double-Washbasin-9-150x150.webp 150w, https:\/\/finewoodencreations.com\/wp-content\/uploads\/2024\/07\/live-edge-double-Washbasin-9-768x768.webp 768w, https:\/\/finewoodencreations.com\/wp-content\/uploads\/2024\/07\/live-edge-double-Washbasin-9-600x600.webp 600w, https:\/\/finewoodencreations.com\/wp-content\/uploads\/2024\/07\/live-edge-double-Washbasin-9-300x300.webp 300w\" sizes=\"auto, (max-width:767px) 150px, 150px\" \/><\/a>\n\t\t\t\t<\/dt><\/div><\/dl><br style=\"clear: both\" \/><dl class='gallery-item'  data-title='live edge double Washbasin 4' data-description=''><div class='gallery-item-wrapper'>\n\t\t\t\t<dt class='gallery-icon portrait'>\n\t\t\t\t\t<a href='https:\/\/finewoodencreations.com\/wp-content\/uploads\/2024\/07\/live-edge-double-Washbasin-4.webp'><img loading=\"lazy\" decoding=\"async\" width=\"150\" height=\"150\" src=\"https:\/\/finewoodencreations.com\/wp-content\/uploads\/2024\/07\/live-edge-double-Washbasin-4-150x150.webp\" class=\"attachment-thumbnail size-thumbnail\" alt=\"\" srcset=\"https:\/\/finewoodencreations.com\/wp-content\/uploads\/2024\/07\/live-edge-double-Washbasin-4-150x150.webp 150w, https:\/\/finewoodencreations.com\/wp-content\/uploads\/2024\/07\/live-edge-double-Washbasin-4-993x1000.webp 993w, https:\/\/finewoodencreations.com\/wp-content\/uploads\/2024\/07\/live-edge-double-Washbasin-4-600x600.webp 600w, https:\/\/finewoodencreations.com\/wp-content\/uploads\/2024\/07\/live-edge-double-Washbasin-4-300x300.webp 300w\" sizes=\"auto, (max-width:767px) 150px, 150px\" \/><\/a>\n\t\t\t\t<\/dt><\/div><\/dl><dl class='gallery-item'  data-title='live edge double Washbasin 6' data-description=''><div class='gallery-item-wrapper'>\n\t\t\t\t<dt class='gallery-icon landscape'>\n\t\t\t\t\t<a href='https:\/\/finewoodencreations.com\/wp-content\/uploads\/2024\/07\/live-edge-double-Washbasin-6.webp'><img loading=\"lazy\" decoding=\"async\" width=\"150\" height=\"150\" src=\"https:\/\/finewoodencreations.com\/wp-content\/uploads\/2024\/07\/live-edge-double-Washbasin-6-150x150.webp\" class=\"attachment-thumbnail size-thumbnail\" alt=\"\" srcset=\"https:\/\/finewoodencreations.com\/wp-content\/uploads\/2024\/07\/live-edge-double-Washbasin-6-150x150.webp 150w, https:\/\/finewoodencreations.com\/wp-content\/uploads\/2024\/07\/live-edge-double-Washbasin-6-768x768.webp 768w, https:\/\/finewoodencreations.com\/wp-content\/uploads\/2024\/07\/live-edge-double-Washbasin-6-600x600.webp 600w, https:\/\/finewoodencreations.com\/wp-content\/uploads\/2024\/07\/live-edge-double-Washbasin-6-300x300.webp 300w\" sizes=\"auto, (max-width:767px) 150px, 150px\" \/><\/a>\n\t\t\t\t<\/dt><\/div><\/dl><dl class='gallery-item'  data-title='live edge double Washbasin 10' data-description=''><div class='gallery-item-wrapper'>\n\t\t\t\t<dt class='gallery-icon landscape'>\n\t\t\t\t\t<a href='https:\/\/finewoodencreations.com\/wp-content\/uploads\/2024\/07\/live-edge-double-Washbasin-10.webp'><img loading=\"lazy\" decoding=\"async\" width=\"150\" height=\"150\" src=\"https:\/\/finewoodencreations.com\/wp-content\/uploads\/2024\/07\/live-edge-double-Washbasin-10-150x150.webp\" class=\"attachment-thumbnail size-thumbnail\" alt=\"\" srcset=\"https:\/\/finewoodencreations.com\/wp-content\/uploads\/2024\/07\/live-edge-double-Washbasin-10-150x150.webp 150w, https:\/\/finewoodencreations.com\/wp-content\/uploads\/2024\/07\/live-edge-double-Washbasin-10-768x768.webp 768w, https:\/\/finewoodencreations.com\/wp-content\/uploads\/2024\/07\/live-edge-double-Washbasin-10-600x600.webp 600w, https:\/\/finewoodencreations.com\/wp-content\/uploads\/2024\/07\/live-edge-double-Washbasin-10-300x300.webp 300w\" sizes=\"auto, (max-width:767px) 150px, 150px\" \/><\/a>\n\t\t\t\t<\/dt><\/div><\/dl><dl class='gallery-item'  data-title='live edge double Washbasin 3' data-description=''><div class='gallery-item-wrapper'>\n\t\t\t\t<dt class='gallery-icon landscape'>\n\t\t\t\t\t<a href='https:\/\/finewoodencreations.com\/wp-content\/uploads\/2024\/07\/live-edge-double-Washbasin-3.webp'><img loading=\"lazy\" decoding=\"async\" width=\"150\" height=\"150\" src=\"https:\/\/finewoodencreations.com\/wp-content\/uploads\/2024\/07\/live-edge-double-Washbasin-3-150x150.webp\" class=\"attachment-thumbnail size-thumbnail\" alt=\"\" srcset=\"https:\/\/finewoodencreations.com\/wp-content\/uploads\/2024\/07\/live-edge-double-Washbasin-3-150x150.webp 150w, https:\/\/finewoodencreations.com\/wp-content\/uploads\/2024\/07\/live-edge-double-Washbasin-3-768x768.webp 768w, https:\/\/finewoodencreations.com\/wp-content\/uploads\/2024\/07\/live-edge-double-Washbasin-3-600x600.webp 600w, https:\/\/finewoodencreations.com\/wp-content\/uploads\/2024\/07\/live-edge-double-Washbasin-3-300x300.webp 300w\" sizes=\"auto, (max-width:767px) 150px, 150px\" \/><\/a>\n\t\t\t\t<\/dt><\/div><\/dl><dl class='gallery-item'  data-title='live edge double Washbasin 7' data-description=''><div class='gallery-item-wrapper'>\n\t\t\t\t<dt class='gallery-icon landscape'>\n\t\t\t\t\t<a href='https:\/\/finewoodencreations.com\/wp-content\/uploads\/2024\/07\/live-edge-double-Washbasin-7.webp'><img loading=\"lazy\" decoding=\"async\" width=\"150\" height=\"150\" src=\"https:\/\/finewoodencreations.com\/wp-content\/uploads\/2024\/07\/live-edge-double-Washbasin-7-150x150.webp\" class=\"attachment-thumbnail size-thumbnail\" alt=\"\" srcset=\"https:\/\/finewoodencreations.com\/wp-content\/uploads\/2024\/07\/live-edge-double-Washbasin-7-150x150.webp 150w, https:\/\/finewoodencreations.com\/wp-content\/uploads\/2024\/07\/live-edge-double-Washbasin-7-768x768.webp 768w, https:\/\/finewoodencreations.com\/wp-content\/uploads\/2024\/07\/live-edge-double-Washbasin-7-600x600.webp 600w, https:\/\/finewoodencreations.com\/wp-content\/uploads\/2024\/07\/live-edge-double-Washbasin-7-300x300.webp 300w\" sizes=\"auto, (max-width:767px) 150px, 150px\" \/><\/a>\n\t\t\t\t<\/dt><\/div><\/dl><br style=\"clear: both\" \/>\n\t\t\t<\/div>\n\n<p>&nbsp;<\/p>\n<hr class=\"\" style=\"margin:0 auto 30px;\"\/>\n\n<p>&nbsp;<\/p>\n<p>Je\u015bli potrzebujesz <strong>niestandardowych wymiar\u00f3w<\/strong> prosimy o kontakt z nami.<\/p>\n<p>Wykorzystywane przez nas drewno jest <strong>suszone dwuetapowo<\/strong>: najpierw drewno suszone jest <strong>na wolnym powietrzu<\/strong>, nast\u0119pnie suszone jest w <strong>aerodynamicznej suszarni drewna<\/strong>. Taka kombinacja jest doskona\u0142ym sposobem na ochron\u0119 ko\u0144cowego dzie\u0142a przed naturalnymi uszkodzeniami, takimi jak p\u0119kni\u0119cia.<\/p>\n<p>Wyko\u0144czenie jest bardzo wa\u017cne dla <strong>d\u0142ugowieczno\u015bci<\/strong> tworzonych przez nas produkt\u00f3w drewnianych. Stosujemy sprawdzone, <strong>naturalne oleje wyko\u0144czeniowe<\/strong> takie jak olej tungowy lub du\u0144ski, czasem \u0142\u0105czone z woskami. Deski mog\u0105 by\u0107 olejowane lub lakierowane zgodnie z \u017cyczeniem i preferencjami klienta. <strong>Oleje wydobywaj\u0105 kolor<\/strong>, us\u0142ojenie i struktur\u0119, a <strong>lakiery chroni\u0105 powierzchni\u0119<\/strong> przed uszkodzeniami takimi jak wysoka temperatura, zarysowania, p\u0142yny (kawa, alkohol).<\/p>\n<p>Zdj\u0119cia przedstawiaj\u0105 <strong>przyk\u0142adowy przedmiot<\/strong>, kolor i struktura drewna <strong>mog\u0105 si\u0119 r\u00f3\u017cni\u0107<\/strong>. Ka\u017cdy produkt jest budowany z <strong>naturalnego drewna<\/strong> i dopasowywany do Pa\u0144stwa preferencji i specyfikacji.<\/p>\n<p>W zale\u017cno\u015bci od stopnia skomplikowania i dodatkowych element\u00f3w takich jak wype\u0142nienie \u017cywic\u0105, efekt \u015bwiecenia, zatopione elementy czy wielko\u015b\u0107, <strong>przygotowanie zam\u00f3wienia mo\u017ce potrwa\u0107 od 2 do 4 tygodni.<\/strong><\/p>\n<p>Deski do transportu zabezpieczone s\u0105 specjalnymi naro\u017cnikami ochronnymi oraz foli\u0105 b\u0105belkow\u0105. Dostarczamy je w <strong>bezpiecznych opakowaniach.<\/strong><\/p>\n\n<div class=\"wpcf7 no-js\" id=\"wpcf7-f719-o1\" lang=\"en-US\" dir=\"ltr\" data-wpcf7-id=\"719\">\n<div class=\"screen-reader-response\"><p role=\"status\" aria-live=\"polite\" aria-atomic=\"true\"><\/p> <ul><\/ul><\/div>\n<form action=\"\/pl\/wp-json\/wp\/v2\/product\/47877#wpcf7-f719-o1\" method=\"post\" class=\"wpcf7-form init\" aria-label=\"Contact form\" novalidate=\"novalidate\" data-status=\"init\">\n<fieldset class=\"hidden-fields-container\"><input type=\"hidden\" name=\"_wpcf7\" value=\"719\" \/><input type=\"hidden\" name=\"_wpcf7_version\" value=\"6.1.5\" \/><input type=\"hidden\" name=\"_wpcf7_locale\" value=\"en_US\" \/><input type=\"hidden\" name=\"_wpcf7_unit_tag\" value=\"wpcf7-f719-o1\" \/><input type=\"hidden\" name=\"_wpcf7_container_post\" value=\"0\" \/><input type=\"hidden\" name=\"_wpcf7_posted_data_hash\" value=\"\" \/><input type=\"hidden\" name=\"_wpcf7dtx_version\" value=\"5.0.5\" \/><input type=\"hidden\" name=\"_wpcf7_recaptcha_response\" value=\"\" \/>\n<\/fieldset>\n<h5 style=\"margin-bottom: 5px;\">Z\u0142\u00f3\u017c zapytanie\n<\/h5>\n<p><strong>E-mail: <\/strong><a style=\"color: #404040\">info (at) finewoodencreations (dot) com<\/a>\n<\/p>\n<p><strong>Telefon: <\/strong><a style=\"color: #404040\">+48 534 005 534<\/a>\n<\/p>\n<div class=\"column one-third\">\n\t<p><span class=\"wpcf7-form-control-wrap\" data-name=\"your-name\"><input size=\"40\" maxlength=\"400\" class=\"wpcf7-form-control wpcf7-text wpcf7-validates-as-required\" aria-required=\"true\" aria-invalid=\"false\" placeholder=\"Imi\u0119 i nazwisko\" value=\"\" type=\"text\" name=\"your-name\" \/><\/span>\n\t<\/p>\n<\/div>\n<div class=\"column one-third\">\n\t<p><span class=\"wpcf7-form-control-wrap\" data-name=\"your-email\"><input size=\"40\" maxlength=\"400\" class=\"wpcf7-form-control wpcf7-email wpcf7-validates-as-required wpcf7-text wpcf7-validates-as-email\" aria-required=\"true\" aria-invalid=\"false\" placeholder=\"Adres e-mail\" value=\"\" type=\"email\" name=\"your-email\" \/><\/span>\n\t<\/p>\n<\/div>\n<div class=\"column one-third\">\n\t<p><span class=\"wpcf7-form-control-wrap\" data-name=\"your-phone\"><input class=\"wpcf7-form-control wpcf7-number wpcf7-validates-as-number\" aria-invalid=\"false\" placeholder=\"Telefon\" value=\"\" type=\"number\" name=\"your-phone\" \/><\/span>\n\t<\/p>\n<\/div>\n<div class=\"column one\">\n\t<p><span class=\"wpcf7-form-control-wrap your-subject\" data-name=\"your-subject\"><input type=\"text\" name=\"your-subject\" class=\"wpcf7-form-control wpcf7-text wpcf7dtx wpcf7dtx-text\" aria-invalid=\"false\" value=\"Podw\u00f3jna umywalka z naturalnymi kraw\u0119dziami \/ Umywalka drewniana \/ Ekskluzywna umywalka drewniana\"><\/span>\n\t<\/p>\n<\/div>\n<div class=\"column one\">\n\t<p><span class=\"wpcf7-form-control-wrap\" data-name=\"your-message\"><textarea cols=\"40\" rows=\"10\" maxlength=\"2000\" class=\"wpcf7-form-control wpcf7-textarea\" aria-invalid=\"false\" placeholder=\"Wiadomo\u015b\u0107\" name=\"your-message\"><\/textarea><\/span>\n\t<\/p>\n<\/div>\n<div class=\"column one\">\n\n<\/div>\n<div class=\"column one\">\n\t<p><input class=\"wpcf7-form-control wpcf7-submit has-spinner\" type=\"submit\" value=\"Wy\u015blij wiadomo\u015b\u0107\" \/>\n\t<\/p>\n<\/div>\n<span class=\"wpcf7-form-control-wrap dynamichidden-898\" data-name=\"dynamichidden-898\"><input type=\"hidden\" name=\"dynamichidden-898\" class=\"wpcf7-form-control wpcf7-hidden wpcf7dtx wpcf7dtx-hidden\" aria-invalid=\"false\" value=\"https:\/\/finewoodencreations.com\/pl\/wp-json\/wp\/v2\/product\/47877\"><\/span><div class=\"wpcf7-response-output\" aria-hidden=\"true\"><\/div>\n<\/form>\n<\/div>\n\n","protected":false},"excerpt":{"rendered":"<p>Unikalna podw\u00f3jna umywalka wykonana z klejonego drewna d\u0119bowego, z opcj\u0105 wykonania z litego d\u0119bu, \u0142\u0105czy specjalnie wyselekcjonowane drewno i \u017cywic\u0119 epoksydow\u0105, tworz\u0105c nowoczesn\u0105 form\u0119. Ka\u017cdy element jest r\u0119cznie obrabiany, zabezpieczony \u017cywic\u0105 epoksydow\u0105 i lakierem, co zapewnia wysok\u0105 ochron\u0119 i wytrzyma\u0142o\u015b\u0107 na wod\u0119.<\/p>\n","protected":false},"featured_media":47885,"template":"","meta":{"footnotes":""},"product_brand":[],"product_cat":[647],"product_tag":[],"class_list":{"0":"post-47877","1":"product","2":"type-product","3":"status-publish","4":"has-post-thumbnail","6":"product_cat-umywalki-drewniane","7":"tm-has-options","9":"first","10":"instock","11":"taxable","12":"shipping-taxable","13":"purchasable","14":"product-type-simple"},"bundled_by":[],"bundle_stock_status":"instock","bundle_stock_quantity":87,"bundle_virtual":false,"bundle_layout":"","bundle_add_to_cart_form_location":"","bundle_editable_in_cart":false,"bundle_sold_individually_context":"","bundle_item_grouping":"","bundle_min_size":"","bundle_max_size":"","bundle_price":[],"bundled_items":[],"bundle_sell_ids":[],"_links":{"self":[{"href":"https:\/\/finewoodencreations.com\/pl\/wp-json\/wp\/v2\/product\/47877","targetHints":{"allow":["GET"]}}],"collection":[{"href":"https:\/\/finewoodencreations.com\/pl\/wp-json\/wp\/v2\/product"}],"about":[{"href":"https:\/\/finewoodencreations.com\/pl\/wp-json\/wp\/v2\/types\/product"}],"version-history":[{"count":1,"href":"https:\/\/finewoodencreations.com\/pl\/wp-json\/wp\/v2\/product\/47877\/revisions"}],"predecessor-version":[{"id":47923,"href":"https:\/\/finewoodencreations.com\/pl\/wp-json\/wp\/v2\/product\/47877\/revisions\/47923"}],"wp:featuredmedia":[{"embeddable":true,"href":"https:\/\/finewoodencreations.com\/pl\/wp-json\/wp\/v2\/media\/47885"}],"wp:attachment":[{"href":"https:\/\/finewoodencreations.com\/pl\/wp-json\/wp\/v2\/media?parent=47877"}],"wp:term":[{"taxonomy":"product_brand","embeddable":true,"href":"https:\/\/finewoodencreations.com\/pl\/wp-json\/wp\/v2\/product_brand?post=47877"},{"taxonomy":"product_cat","embeddable":true,"href":"https:\/\/finewoodencreations.com\/pl\/wp-json\/wp\/v2\/product_cat?post=47877"},{"taxonomy":"product_tag","embeddable":true,"href":"https:\/\/finewoodencreations.com\/pl\/wp-json\/wp\/v2\/product_tag?post=47877"}],"curies":[{"name":"wp","href":"https:\/\/api.w.org\/{rel}","templated":true}]}}