{"id":46597,"date":"2024-05-31T13:45:59","date_gmt":"2024-05-31T13:45:59","guid":{"rendered":"https:\/\/finewoodencreations.com\/?post_type=product&#038;p=46597"},"modified":"2026-01-17T10:42:46","modified_gmt":"2026-01-17T10:42:46","slug":"pur-hardener-8419","status":"publish","type":"product","link":"https:\/\/finewoodencreations.com\/pl\/shop\/lakiery-oleje-lazury\/lakiery-do-mebli\/pur-hardener-8419\/","title":{"rendered":"PUR-Hardener 8419"},"content":{"rendered":"<h5>O produkcie<\/h5>\n<div class=\"d-sm-none d-xl-block wysiwyg\">\n<div class=\"d-sm-none d-xl-block wysiwyg\">\n<div class=\"d-sm-none d-xl-block wysiwyg\">\n<p>Rozpuszczalnikowy utwardzacz do 2-komponentowych, poliuretanowych lakier\u00f3w ADLER dedykowany dla przemys\u0142u i rzemios\u0142a<\/p>\n<\/div>\n<\/div>\n<\/div>\n<p>&nbsp;<\/p>\n<div class=\"d-sm-none d-xl-block wysiwyg\">\n<div class=\"d-sm-none d-xl-block wysiwyg\">\n<div class=\"d-sm-none d-xl-block wysiwyg\">\n<p><span style=\"font-weight: bold; text-align: center;\">Baza systemu<\/span><\/p>\n<\/div>\n<\/div>\n<\/div>\n<ul class=\"list-unstyled\">\n<li class=\"mb-2\">Na bazie rozpuszczalnika<\/li>\n<\/ul>\n<p>&nbsp;<\/p>\n<p><span style=\"font-weight: bold; text-align: center;\">GTIN &#8211; EAN Code<\/span><\/p>\n<ul class=\"list-unstyled\">\n<li class=\"mb-2\">9004267353207<\/li>\n<\/ul>\n<p>&nbsp;<\/p>\n<p><span style=\"font-weight: bold; text-align: center;\">Uwagi o zagro\u017ceniach<\/span><\/p>\n<p><strong>Uwaga!<\/strong><\/p>\n<p><img decoding=\"async\" src=\"https:\/\/www.adler-lakiery.pl\/Canto\/pictograms\/image-thumb__14604__pictogram\/GHS02.webp\" \/><img decoding=\"async\" src=\"https:\/\/www.adler-lakiery.pl\/Canto\/pictograms\/image-thumb__14609__pictogram\/GHS07.webp\" \/><\/p>\n<ul>\n<li style=\"list-style-type: none;\">\n<ul class=\"list-unstyled\">\n<li class=\"mb-2\">\n<div class=\"row\">\n<div class=\"col-4 col-md-3 col-xl-2\">EUH066 &#8211; Powtarzaj\u0105ce si\u0119 nara\u017cenie mo\u017ce powodowa\u0107 wysuszanie lub p\u0119kanie sk\u00f3ry.<\/div>\n<\/div>\n<\/li>\n<li class=\"mb-2\">\n<div class=\"row\">\n<div class=\"col-4 col-md-3 col-xl-2\">EUH204 &#8211; Zawiera izocyjaniany. Mo\u017ce powodowa\u0107 wyst\u0105pienie reakcji alergicznej.<\/div>\n<\/div>\n<\/li>\n<li class=\"mb-2\">\n<div class=\"row\">\n<div class=\"col-4 col-md-3 col-xl-2\">H226 &#8211; \u0141atwopalna ciecz i pary.<\/div>\n<\/div>\n<\/li>\n<li class=\"mb-2\">\n<div class=\"row\">\n<div class=\"col-4 col-md-3 col-xl-2\">H317 &#8211; Mo\u017ce powodowa\u0107 reakcj\u0119 alergiczn\u0105 sk\u00f3ry.<\/div>\n<\/div>\n<\/li>\n<li class=\"mb-2\">\n<div class=\"row\">\n<div class=\"col-4 col-md-3 col-xl-2\">H332 &#8211; Dzia\u0142a szkodliwie w nast\u0119pstwie wdychania.<\/div>\n<\/div>\n<\/li>\n<li class=\"mb-2\">\n<div class=\"row\">\n<div class=\"col-4 col-md-3 col-xl-2\">H335 &#8211; Mo\u017ce powodowa\u0107 podra\u017cnienie dr\u00f3g oddechowych.<\/div>\n<\/div>\n<\/li>\n<li class=\"mb-2\">\n<div class=\"row\">\n<div class=\"col-4 col-md-3 col-xl-2\">H336 &#8211; Mo\u017ce wywo\u0142ywa\u0107 uczucie senno\u015bci lub zawroty g\u0142owy.<\/div>\n<\/div>\n<\/li>\n<\/ul>\n<\/li>\n<\/ul>\n<p>&nbsp;<\/p>\n<p><strong class=\"mr-2\">Numer artykulu: <\/strong>841900021011<\/p>\n<div>\n<p>Pliki do pobrania:<br \/>\n<a href=\"https:\/\/finewoodencreations.com\/wp-content\/uploads\/2024\/05\/pur-hardener-8419_tmb_8419_pl.pdf\">Karta techniczna (PDF | 480 KB)<\/a><\/p>\n<\/div>\n<p>&nbsp;<\/p>\n<p>Potrzebujesz wi\u0119kszych ilo\u015bci lub indywidualnego koloru z mieszalnika? &#8211; prosimy o kontakt z nami: <strong>+48 534005534<\/strong> \/ <a href=\"mailto:info@finewoodencreations.com\"><strong>info@finewoodencreations.com<\/strong><\/a><\/p>\n<p>Prace zabezpieczone produktami Adler mo\u017cna obejrze\u0107 na <a href=\"http:\/\/facebook.com\/FineWoodenCreations\">facebook.com\/FineWoodenCreations<\/a><\/p>\n","protected":false},"excerpt":{"rendered":"<p class=\"ai-optimize-24\">Rozpuszczalnikowy utwardzacz poliizocyjanianowy do 2-komponentowych lakier\u00f3w poliuretanowych ADLER.<\/p>\n","protected":false},"featured_media":46610,"template":"","meta":{"footnotes":""},"product_brand":[],"product_cat":[2663,366],"product_tag":[],"class_list":{"0":"post-46597","1":"product","2":"type-product","3":"status-publish","4":"has-post-thumbnail","6":"product_cat-lakiery-do-mebli","7":"product_cat-lakiery-oleje-lazury","8":"pa_rozmiar-opakowan-1-kg","9":"pa_rozmiar-opakowan-100-g","10":"pa_rozmiar-opakowan-26-kg","11":"pa_rozmiar-opakowan-400-g","12":"pa_rozmiar-opakowan-9-kg","13":"tm-no-options","15":"first","16":"instock","17":"taxable","18":"shipping-taxable","19":"purchasable","20":"product-type-variable"},"bundled_by":[],"bundle_stock_status":"instock","bundle_stock_quantity":995,"bundle_virtual":false,"bundle_layout":"","bundle_add_to_cart_form_location":"","bundle_editable_in_cart":false,"bundle_sold_individually_context":"","bundle_item_grouping":"","bundle_min_size":"","bundle_max_size":"","bundle_price":[],"bundled_items":[],"bundle_sell_ids":[],"_links":{"self":[{"href":"https:\/\/finewoodencreations.com\/pl\/wp-json\/wp\/v2\/product\/46597","targetHints":{"allow":["GET"]}}],"collection":[{"href":"https:\/\/finewoodencreations.com\/pl\/wp-json\/wp\/v2\/product"}],"about":[{"href":"https:\/\/finewoodencreations.com\/pl\/wp-json\/wp\/v2\/types\/product"}],"version-history":[{"count":7,"href":"https:\/\/finewoodencreations.com\/pl\/wp-json\/wp\/v2\/product\/46597\/revisions"}],"predecessor-version":[{"id":50905,"href":"https:\/\/finewoodencreations.com\/pl\/wp-json\/wp\/v2\/product\/46597\/revisions\/50905"}],"wp:featuredmedia":[{"embeddable":true,"href":"https:\/\/finewoodencreations.com\/pl\/wp-json\/wp\/v2\/media\/46610"}],"wp:attachment":[{"href":"https:\/\/finewoodencreations.com\/pl\/wp-json\/wp\/v2\/media?parent=46597"}],"wp:term":[{"taxonomy":"product_brand","embeddable":true,"href":"https:\/\/finewoodencreations.com\/pl\/wp-json\/wp\/v2\/product_brand?post=46597"},{"taxonomy":"product_cat","embeddable":true,"href":"https:\/\/finewoodencreations.com\/pl\/wp-json\/wp\/v2\/product_cat?post=46597"},{"taxonomy":"product_tag","embeddable":true,"href":"https:\/\/finewoodencreations.com\/pl\/wp-json\/wp\/v2\/product_tag?post=46597"}],"curies":[{"name":"wp","href":"https:\/\/api.w.org\/{rel}","templated":true}]}}