{"id":40128,"date":"2023-03-21T19:53:52","date_gmt":"2023-03-21T19:53:52","guid":{"rendered":"https:\/\/finewoodencreations.com\/?post_type=product&#038;p=40128"},"modified":"2024-12-07T00:39:58","modified_gmt":"2024-12-07T00:39:58","slug":"stardust-pigment-platki-metaliczne-brzoskiwniowe-peach-30g-02mm","status":"publish","type":"product","link":"https:\/\/finewoodencreations.com\/pl\/shop\/barwniki-pigmenty\/pigmenty-perlowe\/stardust-pigment-platki-metaliczne-brzoskiwniowe-peach-30g-02mm\/","title":{"rendered":"Stardust Pigment P\u0142atki Metaliczne &#8211; Brzoskiwniowe, Peach 30g 0,2mm"},"content":{"rendered":"<h5>P\u0142atki Stardust <strong>Metal Flakes <\/strong>s\u0105 produktem najwy\u017cszej jako\u015bci w\u015br\u00f3d<strong> sze\u015bciok\u0105tnych p\u0142atk\u00f3w poliestrowych o bardzo<\/strong>\u00a0precyzyjnemu ci\u0119ciu<strong>.<\/strong><\/h5>\n<div><\/div>\n<div>S\u0105 jedynym produktem tego typu, kt\u00f3ry mo\u017cna stosowa\u0107 zar\u00f3wno z<strong> lakierami rozpuszczalnikowymi, jak i z wodnymi. <\/strong>Zosta\u0142y wykonane z ultracienkiego poliestru, pokrytego warstw\u0105 b\u0142yszcz\u0105cego metalu, co czyni je zar\u00f3wno ultra <strong>odpornymi, jak i ultra-b\u0142yszcz\u0105cymi<\/strong>.<\/div>\n<div><\/div>\n<div>\n<p>Dost\u0119pne s\u0105 w 3 \u015brednicach: 0,2 mm, 0,4 mm, 0,6 mm (+ 0,05 mm dla ultra drobnego brokatu BRIGHT SILVER)<\/p>\n<p>(Grubo\u015b\u0107: od 12 do 25 \u03bcm)<\/p>\n<\/div>\n<div>\n<p><strong>Waga:<\/strong> 30g<\/p>\n<p><strong>\u015arednie zu\u017cycie<\/strong>: 80g na m\u00b2<\/p>\n<p><strong>Dawkowanie<\/strong>: 90-150g na litr spoiwa lub rozcie\u0144czonego lakieru<\/p>\n<\/div>\n<p>P\u0142atki metaliczne mo\u017cna \u0142atwo nak\u0142ada\u0107 za pomoc\u0105 pistoletu. Nale\u017cy zastosowa\u0107 dysz\u0119 minimum 1,4 mm dla brokatu 200 \u03bcm i dysz\u0119 2,0-2,5 mm dla du\u017cego brokatu 400 \u03bcm lub 600 \u03bcm.<br \/>\nW przypadku tradycyjnego pistoletu lakiernicego wystarczy zwi\u0119kszy\u0107 ci\u015bnienie powietrza i zdecydowanie naciska\u0107 spust.<\/p>\n<p>&nbsp;<\/p>\n<p>Katalog p\u0142atk\u00f3w metalicznych:<\/p>\n<p><a href=\"https:\/\/p.calameoassets.com\/170430134007-62b07374c5a7285b70409f1c0a32e0c1\/p1.svgz\">https:\/\/p.calameoassets.com\/170430134007-62b07374c5a7285b70409f1c0a32e0c1\/p1.svgz<\/a><\/p>\n","protected":false},"excerpt":{"rendered":"<p>Brokat &#8211; Metaliczne p\u0142atki poliestrowe do zdobienia<\/p>\n","protected":false},"featured_media":40126,"template":"","meta":{"footnotes":""},"product_brand":[],"product_cat":[407],"product_tag":[],"class_list":{"0":"post-40128","1":"product","2":"type-product","3":"status-publish","4":"has-post-thumbnail","6":"product_cat-pigmenty-perlowe","7":"tm-has-options","9":"first","10":"outofstock","11":"taxable","12":"shipping-taxable","13":"purchasable","14":"product-type-simple"},"bundled_by":[],"bundle_stock_status":"outofstock","bundle_stock_quantity":null,"bundle_virtual":false,"bundle_layout":"","bundle_add_to_cart_form_location":"","bundle_editable_in_cart":false,"bundle_sold_individually_context":"","bundle_item_grouping":"","bundle_min_size":"","bundle_max_size":"","bundle_price":[],"bundled_items":[],"bundle_sell_ids":[],"_links":{"self":[{"href":"https:\/\/finewoodencreations.com\/pl\/wp-json\/wp\/v2\/product\/40128","targetHints":{"allow":["GET"]}}],"collection":[{"href":"https:\/\/finewoodencreations.com\/pl\/wp-json\/wp\/v2\/product"}],"about":[{"href":"https:\/\/finewoodencreations.com\/pl\/wp-json\/wp\/v2\/types\/product"}],"version-history":[{"count":1,"href":"https:\/\/finewoodencreations.com\/pl\/wp-json\/wp\/v2\/product\/40128\/revisions"}],"predecessor-version":[{"id":40129,"href":"https:\/\/finewoodencreations.com\/pl\/wp-json\/wp\/v2\/product\/40128\/revisions\/40129"}],"wp:featuredmedia":[{"embeddable":true,"href":"https:\/\/finewoodencreations.com\/pl\/wp-json\/wp\/v2\/media\/40126"}],"wp:attachment":[{"href":"https:\/\/finewoodencreations.com\/pl\/wp-json\/wp\/v2\/media?parent=40128"}],"wp:term":[{"taxonomy":"product_brand","embeddable":true,"href":"https:\/\/finewoodencreations.com\/pl\/wp-json\/wp\/v2\/product_brand?post=40128"},{"taxonomy":"product_cat","embeddable":true,"href":"https:\/\/finewoodencreations.com\/pl\/wp-json\/wp\/v2\/product_cat?post=40128"},{"taxonomy":"product_tag","embeddable":true,"href":"https:\/\/finewoodencreations.com\/pl\/wp-json\/wp\/v2\/product_tag?post=40128"}],"curies":[{"name":"wp","href":"https:\/\/api.w.org\/{rel}","templated":true}]}}