{"id":39099,"date":"2023-01-25T23:13:29","date_gmt":"2023-01-25T23:13:29","guid":{"rendered":"https:\/\/finewoodencreations.com\/?post_type=product&#038;p=39099"},"modified":"2023-03-01T10:21:37","modified_gmt":"2023-03-01T10:21:37","slug":"monolit-z-drewna-suar-2","status":"publish","type":"product","link":"https:\/\/finewoodencreations.com\/pl\/shop\/blaty-monolity-deski\/monolit-z-drewna-suar-2\/","title":{"rendered":"Monolit z drewna suar 2"},"content":{"rendered":"<p>Wyj\u0105tkowy monolit z drewna suar. Idealny materia\u0142 na st\u00f3\u0142 jadalny lub konferencyjny.<br \/>\nwymiary: D\u0142ugo\u015b\u0107: 300 cm x Szeroko\u015b\u0107: 175 x Grubo\u015b\u0107 7 cm<\/p>\n<p>Gwarancja nie obejmuje naturalnego p\u0119kni\u0119cia drewna widocznego na blacie oraz uszkodze\u0144 mog\u0105cych powsta\u0107 w przysz\u0142o\u015bci &#8211; wynikaj\u0105cych z naturalnej pracy drewna (p\u0119kni\u0119cia, odkszta\u0142cenia).<\/p>\n<div style=\"width: 1220px;\" class=\"wp-video\"><video class=\"wp-video-shortcode\" id=\"video-39099-1\" width=\"1220\" height=\"691\" loop autoplay preload=\"metadata\" controls=\"controls\"><source type=\"video\/mp4\" src=\"https:\/\/finewoodencreations.com\/wp-content\/uploads\/2020\/10\/big-suar-slab2.mp4?_=1\" \/><a href=\"https:\/\/finewoodencreations.com\/wp-content\/uploads\/2020\/10\/big-suar-slab2.mp4\">https:\/\/finewoodencreations.com\/wp-content\/uploads\/2020\/10\/big-suar-slab2.mp4<\/a><\/video><\/div>\n","protected":false},"excerpt":{"rendered":"<p>Wyj\u0105tkowy monolit z drewna suar. Idealny materia\u0142 na st\u00f3\u0142 jadalny lub konferencyjny. wymiary: D\u0142ugo\u015b\u0107: 300 cm x Szeroko\u015b\u0107: 175 x Grubo\u015b\u0107 7 cm Gwarancja nie obejmuje<span class=\"excerpt-hellip\"> [\u2026]<\/span><\/p>\n","protected":false},"featured_media":39086,"template":"","meta":{"footnotes":""},"product_brand":[],"product_cat":[747],"product_tag":[],"class_list":{"0":"post-39099","1":"product","2":"type-product","3":"status-publish","4":"has-post-thumbnail","6":"product_cat-blaty-monolity-deski","7":"pa_dlugosc-300pl","8":"pa_gatunek-drewna-suar","9":"pa_grubosc-11pl","10":"pa_szerokosc-99pl","11":"pa_wood-condition-sezonowane","12":"tm-has-options","14":"first","15":"outofstock","16":"taxable","17":"shipping-taxable","18":"purchasable","19":"product-type-simple"},"bundled_by":[],"bundle_stock_status":"outofstock","bundle_stock_quantity":0,"bundle_virtual":false,"bundle_layout":"","bundle_add_to_cart_form_location":"","bundle_editable_in_cart":false,"bundle_sold_individually_context":"","bundle_item_grouping":"","bundle_min_size":"","bundle_max_size":"","bundle_price":[],"bundled_items":[],"bundle_sell_ids":[],"_links":{"self":[{"href":"https:\/\/finewoodencreations.com\/pl\/wp-json\/wp\/v2\/product\/39099","targetHints":{"allow":["GET"]}}],"collection":[{"href":"https:\/\/finewoodencreations.com\/pl\/wp-json\/wp\/v2\/product"}],"about":[{"href":"https:\/\/finewoodencreations.com\/pl\/wp-json\/wp\/v2\/types\/product"}],"version-history":[{"count":2,"href":"https:\/\/finewoodencreations.com\/pl\/wp-json\/wp\/v2\/product\/39099\/revisions"}],"predecessor-version":[{"id":39115,"href":"https:\/\/finewoodencreations.com\/pl\/wp-json\/wp\/v2\/product\/39099\/revisions\/39115"}],"wp:featuredmedia":[{"embeddable":true,"href":"https:\/\/finewoodencreations.com\/pl\/wp-json\/wp\/v2\/media\/39086"}],"wp:attachment":[{"href":"https:\/\/finewoodencreations.com\/pl\/wp-json\/wp\/v2\/media?parent=39099"}],"wp:term":[{"taxonomy":"product_brand","embeddable":true,"href":"https:\/\/finewoodencreations.com\/pl\/wp-json\/wp\/v2\/product_brand?post=39099"},{"taxonomy":"product_cat","embeddable":true,"href":"https:\/\/finewoodencreations.com\/pl\/wp-json\/wp\/v2\/product_cat?post=39099"},{"taxonomy":"product_tag","embeddable":true,"href":"https:\/\/finewoodencreations.com\/pl\/wp-json\/wp\/v2\/product_tag?post=39099"}],"curies":[{"name":"wp","href":"https:\/\/api.w.org\/{rel}","templated":true}]}}