{"id":37979,"date":"2022-11-03T00:50:53","date_gmt":"2022-11-03T00:50:53","guid":{"rendered":"https:\/\/finewoodencreations.com\/shop\/bez-kategorii\/serving-walnut-board-with-red-pepper-black-pepper-cardamon-bay-leaf-in-resin-cheese-board-housewarming-gift-charcuterie-wedding\/"},"modified":"2023-05-25T08:55:00","modified_gmt":"2023-05-25T08:55:00","slug":"orzechowa-deska-do-serwowania-z-czerwonym-pieprzem-czarnym-pieprzem-kardamonem-lisciem-laurowym-zatopionym-w-zywicy","status":"publish","type":"product","link":"https:\/\/finewoodencreations.com\/pl\/shop\/deski-do-serwowania\/orzechowa-deska-do-serwowania-z-czerwonym-pieprzem-czarnym-pieprzem-kardamonem-lisciem-laurowym-zatopionym-w-zywicy\/","title":{"rendered":"Orzechowa deska do serwowania z czerwonym pieprzem \/ czarnym pieprzem \/ kardamonem \/ li\u015bciem laurowym zatopionym w \u017cywicy"},"content":{"rendered":"Niezwyk\u0142a drewniana <strong>deska do serwowania<\/strong> \/ deska do ser\u00f3w z czerwonym pieprzem \/ czarnym pieprzem \/ kardamonem \/ li\u015bciem laurowym zatopionym w <strong>\u017cywicy epoksydowej<\/strong> &#8211; nada Twojemu spotkaniu rodzinnemu nowy, <strong>\u015bwie\u017cy look i klimat!<\/strong>\r\nTa jedyna w swoim rodzaju deska do serwowania jest <strong>wykonana r\u0119cznie z drewna orzechowego<\/strong>.\r\n\r\n<strong>Mycie TYLKO r\u0119cznie!<\/strong> Nie mo\u017cna my\u0107 w zmywarce!\r\n<strong>Prosz\u0119 nie kroi\u0107 na desce<\/strong> &#8211; jest to deska do serwowania. <strong>Bezpieczna w kontakcie z \u017cywno\u015bci\u0105.<\/strong>\r\n\r\n<span style=\"color: #ff0000\"><strong>TA DESKA JEST SPRZEDANA &#8211; Je\u015bli chcesz tak\u0105 kupi\u0107 &#8211; z\u0142\u00f3\u017c zam\u00f3wienie, a my wykonamy produkt mo\u017cliwie najbardziej zbli\u017cony do prezentowanego w galerii.<\/strong><\/span>\r\n\r\n<strong>Najwa\u017cniejsze cechy deski:<\/strong>\r\n<strong>&#8211; rodzaj drewna: orzech w\u0142oski<\/strong>\r\n<strong>&#8211; rozmiar: 20 cm x 15 cm<\/strong>\r\n<strong>&#8211; rozmiar mo\u017ce si\u0119 nieco r\u00f3\u017cni\u0107 w zale\u017cno\u015bci od deski<\/strong>\r\n<strong>&#8211; czarne t\u0142o dla podkre\u015blenia widoczno\u015bci zatopionych element\u00f3w<\/strong>\r\n<strong>&#8211; wysuszone przyprawy zalane s\u0105 krystalicznie przezroczyst\u0105 \u017cywic\u0105<\/strong>\r\n<strong>&#8211; wyko\u0144czona i zabezpieczona dwusk\u0142adnikowym lakierem ochronnym <\/strong>\r\n<strong>&#8211; p\u0119kni\u0119cia, s\u0119ki i wg\u0142\u0119bienia wype\u0142nione \u017cywic\u0105<\/strong>\r\n<strong>&#8211; drewno suszone na wolnym powietrzu, nast\u0119pnie w aerodynamicznej suszarni drewna<\/strong>\r\n<strong>&#8211; u\u017cyte materia\u0142y s\u0105 przyjazne dla \u015brodowiska<\/strong> <strong><\/strong>\r\n<table class=\" aligncenter\">\r\n<thead>\r\n<tr>\r\n<th>Mo\u017cesz skonfigurowa\u0107 swoj\u0105 w\u0142asn\u0105 desk\u0119\r\n\r\n<strong><span style=\"font-family: inherit;font-size: inherit\">przy u\u017cyciu konfiguratora:<\/span><\/strong>\r\n\r\n<a href=\"http:\/\/finewoodencreations.com\/pl\/konfigurator-desek\/\">https:\/\/finewoodencreations.com\/pl\/shop\/deski-do-serwowania\/zbuduj-swoja-deske-do-serwowania-konfigurator\/<\/a><\/th>\r\n<th><a href=\"https:\/\/finewoodencreations.com\/pl\/shop\/deski-do-serwowania\/zbuduj-swoja-deske-do-serwowania-konfigurator\/\">\r\n<img loading=\"lazy\" decoding=\"async\" class=\"wp-image-37934 alignright\" style=\"font-weight: 400;text-align: start\" src=\"https:\/\/finewoodencreations.com\/wp-content\/uploads\/2022\/11\/konfigurator-desek-do-serwowania-400x265.webp\" alt=\"\" width=\"444\" height=\"294\" srcset=\"https:\/\/finewoodencreations.com\/wp-content\/uploads\/2022\/11\/konfigurator-desek-do-serwowania-400x265.webp 400w, https:\/\/finewoodencreations.com\/wp-content\/uploads\/2022\/11\/konfigurator-desek-do-serwowania-600x397.webp 600w, https:\/\/finewoodencreations.com\/wp-content\/uploads\/2022\/11\/konfigurator-desek-do-serwowania-1024x678.webp 1024w, https:\/\/finewoodencreations.com\/wp-content\/uploads\/2022\/11\/konfigurator-desek-do-serwowania-768x508.webp 768w, https:\/\/finewoodencreations.com\/wp-content\/uploads\/2022\/11\/konfigurator-desek-do-serwowania-221x146.webp 221w, https:\/\/finewoodencreations.com\/wp-content\/uploads\/2022\/11\/konfigurator-desek-do-serwowania-50x33.webp 50w, https:\/\/finewoodencreations.com\/wp-content\/uploads\/2022\/11\/konfigurator-desek-do-serwowania-113x75.webp 113w, https:\/\/finewoodencreations.com\/wp-content\/uploads\/2022\/11\/konfigurator-desek-do-serwowania-91x60.webp 91w, https:\/\/finewoodencreations.com\/wp-content\/uploads\/2022\/11\/konfigurator-desek-do-serwowania-136x90.webp 136w, https:\/\/finewoodencreations.com\/wp-content\/uploads\/2022\/11\/konfigurator-desek-do-serwowania.webp 1035w\" sizes=\"auto, (max-width:767px) 444px, 444px\" \/><\/a><\/th>\r\n<\/tr>\r\n<\/thead>\r\n<\/table>\r\nJe\u015bli potrzebujesz <strong>niestandardowych wymiar\u00f3w<\/strong> prosimy o kontakt z nami.\r\n\r\nWykorzystywane przez nas drewno jest <strong>suszone dwuetapowo<\/strong>: najpierw drewno suszone jest <strong>na wolnym powietrzu<\/strong>, nast\u0119pnie suszone jest w <strong>aerodynamicznej suszarni drewna<\/strong>. Taka kombinacja jest doskona\u0142ym sposobem na ochron\u0119 ko\u0144cowego dzie\u0142a przed naturalnymi uszkodzeniami, takimi jak p\u0119kni\u0119cia.\r\n\r\nWyko\u0144czenie jest bardzo wa\u017cne dla <strong>d\u0142ugowieczno\u015bci<\/strong> tworzonych przez nas produkt\u00f3w drewnianych. Stosujemy sprawdzone, <strong>naturalne oleje wyko\u0144czeniowe<\/strong> takie jak olej tungowy lub du\u0144ski, czasem \u0142\u0105czone z woskami. Deski mog\u0105 by\u0107 olejowane lub lakierowane zgodnie z \u017cyczeniem i preferencjami klienta. <strong>Oleje wydobywaj\u0105 kolor<\/strong>, us\u0142ojenie i struktur\u0119, a <strong>lakiery chroni\u0105 powierzchni\u0119<\/strong> przed uszkodzeniami takimi jak wysoka temperatura, zarysowania, p\u0142yny (kawa, alkohol).\r\n\r\nZdj\u0119cia przedstawiaj\u0105 <strong>przyk\u0142adowy przedmiot<\/strong>, kolor i struktura drewna <strong>mog\u0105 si\u0119 r\u00f3\u017cni\u0107<\/strong>. Ka\u017cdy produkt jest budowany z <strong>naturalnego drewna<\/strong> i dopasowywany do Pa\u0144stwa preferencji i specyfikacji.\r\n\r\nW zale\u017cno\u015bci od stopnia skomplikowania i dodatkowych element\u00f3w takich jak wype\u0142nienie \u017cywic\u0105, efekt \u015bwiecenia, zatopione elementy czy wielko\u015b\u0107, <strong>przygotowanie zam\u00f3wienia mo\u017ce potrwa\u0107 od 2 do 4 tygodni.<\/strong>\r\n\r\nDeski do transportu zabezpieczone s\u0105 specjalnymi naro\u017cnikami ochronnymi oraz foli\u0105 b\u0105belkow\u0105. Dostarczamy je w <strong>bezpiecznych opakowaniach.<\/strong>\r\n\r\n\n<div class=\"wpcf7 no-js\" id=\"wpcf7-f719-o1\" lang=\"en-US\" dir=\"ltr\" data-wpcf7-id=\"719\">\n<div class=\"screen-reader-response\"><p role=\"status\" aria-live=\"polite\" aria-atomic=\"true\"><\/p> <ul><\/ul><\/div>\n<form action=\"\/pl\/wp-json\/wp\/v2\/product\/37979#wpcf7-f719-o1\" method=\"post\" class=\"wpcf7-form init\" aria-label=\"Contact form\" novalidate=\"novalidate\" data-status=\"init\">\n<fieldset class=\"hidden-fields-container\"><input type=\"hidden\" name=\"_wpcf7\" value=\"719\" \/><input type=\"hidden\" name=\"_wpcf7_version\" value=\"6.1.5\" \/><input type=\"hidden\" name=\"_wpcf7_locale\" value=\"en_US\" \/><input type=\"hidden\" name=\"_wpcf7_unit_tag\" value=\"wpcf7-f719-o1\" \/><input type=\"hidden\" name=\"_wpcf7_container_post\" value=\"0\" \/><input type=\"hidden\" name=\"_wpcf7_posted_data_hash\" value=\"\" \/><input type=\"hidden\" name=\"_wpcf7dtx_version\" value=\"5.0.5\" \/><input type=\"hidden\" name=\"_wpcf7_recaptcha_response\" value=\"\" \/>\n<\/fieldset>\n<h5 style=\"margin-bottom: 5px;\">Z\u0142\u00f3\u017c zapytanie\n<\/h5>\n<p><strong>E-mail: <\/strong><a style=\"color: #404040\">info (at) finewoodencreations (dot) com<\/a>\n<\/p>\n<p><strong>Telefon: <\/strong><a style=\"color: #404040\">+48 534 005 534<\/a>\n<\/p>\n<div class=\"column one-third\">\n\t<p><span class=\"wpcf7-form-control-wrap\" data-name=\"your-name\"><input size=\"40\" maxlength=\"400\" class=\"wpcf7-form-control wpcf7-text wpcf7-validates-as-required\" aria-required=\"true\" aria-invalid=\"false\" placeholder=\"Imi\u0119 i nazwisko\" value=\"\" type=\"text\" name=\"your-name\" \/><\/span>\n\t<\/p>\n<\/div>\n<div class=\"column one-third\">\n\t<p><span class=\"wpcf7-form-control-wrap\" data-name=\"your-email\"><input size=\"40\" maxlength=\"400\" class=\"wpcf7-form-control wpcf7-email wpcf7-validates-as-required wpcf7-text wpcf7-validates-as-email\" aria-required=\"true\" aria-invalid=\"false\" placeholder=\"Adres e-mail\" value=\"\" type=\"email\" name=\"your-email\" \/><\/span>\n\t<\/p>\n<\/div>\n<div class=\"column one-third\">\n\t<p><span class=\"wpcf7-form-control-wrap\" data-name=\"your-phone\"><input class=\"wpcf7-form-control wpcf7-number wpcf7-validates-as-number\" aria-invalid=\"false\" placeholder=\"Telefon\" value=\"\" type=\"number\" name=\"your-phone\" \/><\/span>\n\t<\/p>\n<\/div>\n<div class=\"column one\">\n\t<p><span class=\"wpcf7-form-control-wrap your-subject\" data-name=\"your-subject\"><input type=\"text\" name=\"your-subject\" class=\"wpcf7-form-control wpcf7-text wpcf7dtx wpcf7dtx-text\" aria-invalid=\"false\" value=\"Orzechowa deska do serwowania z czerwonym pieprzem \/ czarnym pieprzem \/ kardamonem \/ li\u015bciem laurowym zatopionym w \u017cywicy\"><\/span>\n\t<\/p>\n<\/div>\n<div class=\"column one\">\n\t<p><span class=\"wpcf7-form-control-wrap\" data-name=\"your-message\"><textarea cols=\"40\" rows=\"10\" maxlength=\"2000\" class=\"wpcf7-form-control wpcf7-textarea\" aria-invalid=\"false\" placeholder=\"Wiadomo\u015b\u0107\" name=\"your-message\"><\/textarea><\/span>\n\t<\/p>\n<\/div>\n<div class=\"column one\">\n\n<\/div>\n<div class=\"column one\">\n\t<p><input class=\"wpcf7-form-control wpcf7-submit has-spinner\" type=\"submit\" value=\"Wy\u015blij wiadomo\u015b\u0107\" \/>\n\t<\/p>\n<\/div>\n<span class=\"wpcf7-form-control-wrap dynamichidden-898\" data-name=\"dynamichidden-898\"><input type=\"hidden\" name=\"dynamichidden-898\" class=\"wpcf7-form-control wpcf7-hidden wpcf7dtx wpcf7dtx-hidden\" aria-invalid=\"false\" value=\"https:\/\/finewoodencreations.com\/pl\/wp-json\/wp\/v2\/product\/37979\"><\/span><div class=\"wpcf7-response-output\" aria-hidden=\"true\"><\/div>\n<\/form>\n<\/div>\n\r\n\r\n&nbsp;<!-- \/wp:post-content -->","protected":false},"excerpt":{"rendered":"<p>Niezwyk\u0142a drewniana <strong>deska do serwowania<\/strong> \/ deska do ser\u00f3w z czerwonym pieprzem \/ czarnym pieprzem \/ kardamonem \/ li\u015bciem laurowym zatopionym w <strong>\u017cywicy epoksydowej<\/strong> &#8211; nada Twojemu spotkaniu rodzinnemu nowy, <strong>\u015bwie\u017cy look i klimat!<\/strong><\/p>\n","protected":false},"featured_media":37761,"template":"","meta":{"footnotes":""},"product_brand":[],"product_cat":[457],"product_tag":[679,681,728,683,684,729,685,730,686,687,688,689,690],"class_list":{"0":"post-37979","1":"product","2":"type-product","3":"status-publish","4":"has-post-thumbnail","6":"product_cat-deski-do-serwowania","7":"product_tag-anniversary-gift-pl","8":"product_tag-cheese-tray-pl","9":"product_tag-dried-spices-pl","10":"product_tag-housewarming-gift-pl","11":"product_tag-live-edge-board-pl","12":"product_tag-premium-gift-pl","13":"product_tag-serving-board-pl","14":"product_tag-unique-gift-pl","15":"product_tag-unique-serving-board-pl","16":"product_tag-walnut-board-pl","17":"product_tag-wedding-gift-pl","18":"product_tag-wood-board-pl","19":"product_tag-wood-cheese-board-pl","20":"tm-has-options","22":"first","23":"instock","24":"taxable","25":"shipping-taxable","26":"purchasable","27":"product-type-simple"},"bundled_by":[],"bundle_stock_status":"instock","bundle_stock_quantity":9,"bundle_virtual":false,"bundle_layout":"","bundle_add_to_cart_form_location":"","bundle_editable_in_cart":false,"bundle_sold_individually_context":"","bundle_item_grouping":"","bundle_min_size":"","bundle_max_size":"","bundle_price":[],"bundled_items":[],"bundle_sell_ids":[],"_links":{"self":[{"href":"https:\/\/finewoodencreations.com\/pl\/wp-json\/wp\/v2\/product\/37979","targetHints":{"allow":["GET"]}}],"collection":[{"href":"https:\/\/finewoodencreations.com\/pl\/wp-json\/wp\/v2\/product"}],"about":[{"href":"https:\/\/finewoodencreations.com\/pl\/wp-json\/wp\/v2\/types\/product"}],"version-history":[{"count":3,"href":"https:\/\/finewoodencreations.com\/pl\/wp-json\/wp\/v2\/product\/37979\/revisions"}],"predecessor-version":[{"id":37999,"href":"https:\/\/finewoodencreations.com\/pl\/wp-json\/wp\/v2\/product\/37979\/revisions\/37999"}],"wp:featuredmedia":[{"embeddable":true,"href":"https:\/\/finewoodencreations.com\/pl\/wp-json\/wp\/v2\/media\/37761"}],"wp:attachment":[{"href":"https:\/\/finewoodencreations.com\/pl\/wp-json\/wp\/v2\/media?parent=37979"}],"wp:term":[{"taxonomy":"product_brand","embeddable":true,"href":"https:\/\/finewoodencreations.com\/pl\/wp-json\/wp\/v2\/product_brand?post=37979"},{"taxonomy":"product_cat","embeddable":true,"href":"https:\/\/finewoodencreations.com\/pl\/wp-json\/wp\/v2\/product_cat?post=37979"},{"taxonomy":"product_tag","embeddable":true,"href":"https:\/\/finewoodencreations.com\/pl\/wp-json\/wp\/v2\/product_tag?post=37979"}],"curies":[{"name":"wp","href":"https:\/\/api.w.org\/{rel}","templated":true}]}}