{"id":37950,"date":"2022-11-13T18:32:25","date_gmt":"2022-11-08T16:56:46","guid":{"rendered":"https:\/\/finewoodencreations.com\/?post_type=product&#038;p=37950"},"modified":"2023-02-03T10:51:33","modified_gmt":"2023-02-03T10:51:33","slug":"deska-orzechowa-z-czerwonym-pieprzem-czarnym-pieprzem-kardamonem-lisciem-laurowym-w-zywicy-deska-do-serow-idealny-prezent","status":"publish","type":"product","link":"https:\/\/finewoodencreations.com\/pl\/shop\/deski-do-serwowania\/deska-orzechowa-z-czerwonym-pieprzem-czarnym-pieprzem-kardamonem-lisciem-laurowym-w-zywicy-deska-do-serow-idealny-prezent\/","title":{"rendered":"Deska orzechowa z czerwonym pieprzem \/ czarnym pieprzem \/ kardamonem \/ li\u015bciem laurowym w \u017cywicy \/ deska do ser\u00f3w, idealny prezent"},"content":{"rendered":"\r\n<p>Niezwyk\u0142a drewniana <strong>deska do serwowania<\/strong> \/ deska do ser\u00f3w z czerwonym pieprzem, czarnym pieprzem, kardamonem i li\u015bciem laurowym &#8211; a to wszystko zalane \u017cywic\u0105 epoksydow\u0105 &#8211; nada Twojemu spotkaniu rodzinnemu <strong>nowy, \u015bwie\u017cy klimat!<\/strong><br \/>Ta jedyna w swoim rodzaju deska do serwowania jest <strong>wykonana r\u0119cznie<\/strong> z drewna orzechowego.<br \/>S\u0105 one idealne dla ka\u017cdego domu i jako prezenty na r\u00f3\u017cne okazje.<\/p>\r\n<p>Do tworzenia naszych desek u\u017cywamy tylko <strong>naturalnego drewna<\/strong>, a jego pi\u0119kno podkre\u015blamy <strong>specjalnym lakierem lub olejem<\/strong>, kt\u00f3re przeznaczone s\u0105 <strong>do kontaktu z \u017cywno\u015bci\u0105.<\/strong>\u00a0<\/p>\r\n<p>\r\n\r\n\r\n\r\n<\/p>\r\n<p><strong>Mycie TYLKO r\u0119cznie!<\/strong> Nie mo\u017cna my\u0107 w zmywarce!<br \/><strong>Prosz\u0119 nie kroi\u0107 na desce<\/strong> &#8211; jest to deska do serwowania. <strong>Bezpieczna w kontakcie z \u017cywno\u015bci\u0105.<\/strong><\/p>\r\n<p><span style=\"color: #ff0000\"><strong>TA DESKA JEST SPRZEDANA &#8211; Je\u015bli chcesz tak\u0105 kupi\u0107 &#8211; z\u0142\u00f3\u017c zam\u00f3wienie, a my wykonamy produkt mo\u017cliwie najbardziej zbli\u017cony do prezentowanego w galerii.<\/strong><\/span><\/p>\r\n\r\n\r\n\r\n\r\n\r\n<p><strong>Najwa\u017cniejsze cechy deski:<\/strong><br \/><strong>&#8211; rodzaj drewna: orzech w\u0142oski<\/strong><br \/><strong>&#8211; wymiary: 20 cm x 15 cm x 2cm<\/strong><br \/><strong>&#8211; rozmiar mo\u017ce si\u0119 nieco r\u00f3\u017cni\u0107 w zale\u017cno\u015bci od deski<\/strong><br \/><strong>&#8211; czarne t\u0142o dla podkre\u015blenia widoczno\u015bci zatopionych element\u00f3w<\/strong><br \/><strong>&#8211; przyprawy s\u0105 zalane przezroczyst\u0105 \u017cywic\u0105<\/strong><br \/><strong>&#8211; wyko\u0144czona i zabezpieczona dwusk\u0142adnikowym lakierem ochronnym <\/strong><br \/><strong>&#8211; p\u0119kni\u0119cia, s\u0119ki i wg\u0142\u0119bienia wype\u0142nione \u017cywic\u0105<\/strong><br \/><strong>&#8211; drewno suszone na wolnym powietrzu, nast\u0119pnie w aerodynamicznej suszarni drewna<\/strong><br \/><strong>&#8211; u\u017cyte materia\u0142y s\u0105 przyjazne dla \u015brodowiska<\/strong><\/p>\r\n<p><strong><\/strong><\/p>\r\n<table class=\" aligncenter\">\r\n<thead>\r\n<tr>\r\n<th>\r\n<p>Mo\u017cesz skonfigurowa\u0107 swoj\u0105 w\u0142asn\u0105 desk\u0119 <strong><span style=\"font-family: inherit;font-size: inherit\">przy u\u017cyciu konfiguratora:<\/span><\/strong><\/p>\r\n<p><a href=\"https:\/\/finewoodencreations.com\/pl\/shop\/deski-do-serwowania\/zbuduj-swoja-deske-do-serwowania-konfigurator\/\">https:\/\/finewoodencreations.com\/pl\/shop\/deski-do-serwowania\/zbuduj-swoja-deske-do-serwowania-konfigurator\/<\/a><\/p>\r\n<\/th>\r\n<th><a href=\"https:\/\/finewoodencreations.com\/pl\/shop\/deski-do-serwowania\/zbuduj-swoja-deske-do-serwowania-konfigurator\/\"><img loading=\"lazy\" decoding=\"async\" class=\"wp-image-37934 size-medium alignnone\" style=\"font-weight: 400;text-align: start\" src=\"https:\/\/finewoodencreations.com\/wp-content\/uploads\/2022\/11\/konfigurator-desek-do-serwowania-400x265.webp\" alt=\"\" width=\"400\" height=\"265\" srcset=\"https:\/\/finewoodencreations.com\/wp-content\/uploads\/2022\/11\/konfigurator-desek-do-serwowania-400x265.webp 400w, https:\/\/finewoodencreations.com\/wp-content\/uploads\/2022\/11\/konfigurator-desek-do-serwowania-600x397.webp 600w, https:\/\/finewoodencreations.com\/wp-content\/uploads\/2022\/11\/konfigurator-desek-do-serwowania-1024x678.webp 1024w, https:\/\/finewoodencreations.com\/wp-content\/uploads\/2022\/11\/konfigurator-desek-do-serwowania-768x508.webp 768w, https:\/\/finewoodencreations.com\/wp-content\/uploads\/2022\/11\/konfigurator-desek-do-serwowania-221x146.webp 221w, https:\/\/finewoodencreations.com\/wp-content\/uploads\/2022\/11\/konfigurator-desek-do-serwowania-50x33.webp 50w, https:\/\/finewoodencreations.com\/wp-content\/uploads\/2022\/11\/konfigurator-desek-do-serwowania-113x75.webp 113w, https:\/\/finewoodencreations.com\/wp-content\/uploads\/2022\/11\/konfigurator-desek-do-serwowania-91x60.webp 91w, https:\/\/finewoodencreations.com\/wp-content\/uploads\/2022\/11\/konfigurator-desek-do-serwowania-136x90.webp 136w, https:\/\/finewoodencreations.com\/wp-content\/uploads\/2022\/11\/konfigurator-desek-do-serwowania.webp 1035w\" sizes=\"auto, (max-width:767px) 400px, 400px\" \/><\/a><\/th>\r\n<\/tr>\r\n<\/thead>\r\n<\/table>\r\n<p>Je\u015bli potrzebujesz <strong>niestandardowych wymiar\u00f3w<\/strong> prosimy o kontakt z nami.<\/p>\r\n<p>Wykorzystywane przez nas drewno jest <strong>suszone dwuetapowo<\/strong>: najpierw drewno suszone jest <strong>na wolnym powietrzu<\/strong>, nast\u0119pnie suszone jest w <strong>aerodynamicznej suszarni drewna<\/strong>. Taka kombinacja jest doskona\u0142ym sposobem na ochron\u0119 ko\u0144cowego dzie\u0142a przed naturalnymi uszkodzeniami, takimi jak p\u0119kni\u0119cia.<\/p>\r\n<p>Wyko\u0144czenie jest bardzo wa\u017cne dla <strong>d\u0142ugowieczno\u015bci<\/strong> tworzonych przez nas produkt\u00f3w drewnianych. Stosujemy sprawdzone, <strong>naturalne oleje wyko\u0144czeniowe<\/strong> takie jak olej tungowy lub du\u0144ski, czasem \u0142\u0105czone z woskami. Deski mog\u0105 by\u0107 olejowane lub lakierowane zgodnie z \u017cyczeniem i preferencjami klienta. <strong>Oleje wydobywaj\u0105 kolor<\/strong>, us\u0142ojenie i struktur\u0119, a <strong>lakiery chroni\u0105 powierzchni\u0119<\/strong> przed uszkodzeniami takimi jak wysoka temperatura, zarysowania, p\u0142yny (kawa, alkohol).<\/p>\r\n<p>Zdj\u0119cia przedstawiaj\u0105 <strong>przyk\u0142adowy przedmiot<\/strong>, kolor i struktura drewna <strong>mog\u0105 si\u0119 r\u00f3\u017cni\u0107<\/strong>. Ka\u017cdy produkt jest budowany z <strong>naturalnego drewna<\/strong> i dopasowywany do Pa\u0144stwa preferencji i specyfikacji.<\/p>\r\n<p>W zale\u017cno\u015bci od stopnia skomplikowania i dodatkowych element\u00f3w takich jak wype\u0142nienie \u017cywic\u0105, efekt \u015bwiecenia, zatopione elementy czy wielko\u015b\u0107, <strong>przygotowanie zam\u00f3wienia mo\u017ce potrwa\u0107 od 2 do 4 tygodni.<\/strong><\/p>\r\n<p>Deski do transportu zabezpieczone s\u0105 specjalnymi naro\u017cnikami ochronnymi oraz foli\u0105 b\u0105belkow\u0105. Dostarczamy je w <strong>bezpiecznych opakowaniach.<\/strong><\/p>\r\n\n<div class=\"wpcf7 no-js\" id=\"wpcf7-f719-o1\" lang=\"en-US\" dir=\"ltr\" data-wpcf7-id=\"719\">\n<div class=\"screen-reader-response\"><p role=\"status\" aria-live=\"polite\" aria-atomic=\"true\"><\/p> <ul><\/ul><\/div>\n<form action=\"\/pl\/wp-json\/wp\/v2\/product\/37950#wpcf7-f719-o1\" method=\"post\" class=\"wpcf7-form init\" aria-label=\"Contact form\" novalidate=\"novalidate\" data-status=\"init\">\n<fieldset class=\"hidden-fields-container\"><input type=\"hidden\" name=\"_wpcf7\" value=\"719\" \/><input type=\"hidden\" name=\"_wpcf7_version\" value=\"6.1.5\" \/><input type=\"hidden\" name=\"_wpcf7_locale\" value=\"en_US\" \/><input type=\"hidden\" name=\"_wpcf7_unit_tag\" value=\"wpcf7-f719-o1\" \/><input type=\"hidden\" name=\"_wpcf7_container_post\" value=\"0\" \/><input type=\"hidden\" name=\"_wpcf7_posted_data_hash\" value=\"\" \/><input type=\"hidden\" name=\"_wpcf7dtx_version\" value=\"5.0.5\" \/><input type=\"hidden\" name=\"_wpcf7_recaptcha_response\" value=\"\" \/>\n<\/fieldset>\n<h5 style=\"margin-bottom: 5px;\">Z\u0142\u00f3\u017c zapytanie\n<\/h5>\n<p><strong>E-mail: <\/strong><a style=\"color: #404040\">info (at) finewoodencreations (dot) com<\/a>\n<\/p>\n<p><strong>Telefon: <\/strong><a style=\"color: #404040\">+48 534 005 534<\/a>\n<\/p>\n<div class=\"column one-third\">\n\t<p><span class=\"wpcf7-form-control-wrap\" data-name=\"your-name\"><input size=\"40\" maxlength=\"400\" class=\"wpcf7-form-control wpcf7-text wpcf7-validates-as-required\" aria-required=\"true\" aria-invalid=\"false\" placeholder=\"Imi\u0119 i nazwisko\" value=\"\" type=\"text\" name=\"your-name\" \/><\/span>\n\t<\/p>\n<\/div>\n<div class=\"column one-third\">\n\t<p><span class=\"wpcf7-form-control-wrap\" data-name=\"your-email\"><input size=\"40\" maxlength=\"400\" class=\"wpcf7-form-control wpcf7-email wpcf7-validates-as-required wpcf7-text wpcf7-validates-as-email\" aria-required=\"true\" aria-invalid=\"false\" placeholder=\"Adres e-mail\" value=\"\" type=\"email\" name=\"your-email\" \/><\/span>\n\t<\/p>\n<\/div>\n<div class=\"column one-third\">\n\t<p><span class=\"wpcf7-form-control-wrap\" data-name=\"your-phone\"><input class=\"wpcf7-form-control wpcf7-number wpcf7-validates-as-number\" aria-invalid=\"false\" placeholder=\"Telefon\" value=\"\" type=\"number\" name=\"your-phone\" \/><\/span>\n\t<\/p>\n<\/div>\n<div class=\"column one\">\n\t<p><span class=\"wpcf7-form-control-wrap your-subject\" data-name=\"your-subject\"><input type=\"text\" name=\"your-subject\" class=\"wpcf7-form-control wpcf7-text wpcf7dtx wpcf7dtx-text\" aria-invalid=\"false\" value=\"Deska orzechowa z czerwonym pieprzem \/ czarnym pieprzem \/ kardamonem \/ li\u015bciem laurowym w \u017cywicy \/ deska do ser\u00f3w, idealny prezent\"><\/span>\n\t<\/p>\n<\/div>\n<div class=\"column one\">\n\t<p><span class=\"wpcf7-form-control-wrap\" data-name=\"your-message\"><textarea cols=\"40\" rows=\"10\" maxlength=\"2000\" class=\"wpcf7-form-control wpcf7-textarea\" aria-invalid=\"false\" placeholder=\"Wiadomo\u015b\u0107\" name=\"your-message\"><\/textarea><\/span>\n\t<\/p>\n<\/div>\n<div class=\"column one\">\n\n<\/div>\n<div class=\"column one\">\n\t<p><input class=\"wpcf7-form-control wpcf7-submit has-spinner\" type=\"submit\" value=\"Wy\u015blij wiadomo\u015b\u0107\" \/>\n\t<\/p>\n<\/div>\n<span class=\"wpcf7-form-control-wrap dynamichidden-898\" data-name=\"dynamichidden-898\"><input type=\"hidden\" name=\"dynamichidden-898\" class=\"wpcf7-form-control wpcf7-hidden wpcf7dtx wpcf7dtx-hidden\" aria-invalid=\"false\" value=\"https:\/\/finewoodencreations.com\/pl\/wp-json\/wp\/v2\/product\/37950\"><\/span><div class=\"wpcf7-response-output\" aria-hidden=\"true\"><\/div>\n<\/form>\n<\/div>\n\r\n<!-- \/wp:post-content -->","protected":false},"excerpt":{"rendered":"<p>Niezwyk\u0142a drewniana <strong>deska do serwowania<\/strong> \/ deska do ser\u00f3w z czerwonym pieprzem, czarnym pieprzem, kardamonem i li\u015bciem laurowym &#8211; a to wszystko zalane \u017cywic\u0105 epoksydow\u0105 &#8211; nada Twojemu spotkaniu rodzinnemu <strong>nowy, \u015bwie\u017cy klimat!<\/strong><br \/>Ta jedyna w swoim rodzaju deska do serwowania jest <strong>wykonana r\u0119cznie<\/strong> z drewna orzechowego.<br \/>S\u0105 one idealne dla ka\u017cdego domu i jako prezenty na r\u00f3\u017cne okazje.<\/p>\n","protected":false},"featured_media":31163,"template":"","meta":{"footnotes":""},"product_brand":[],"product_cat":[457],"product_tag":[714,719,721,718,723,724,725,716,727,726,717,713,722,715,720],"class_list":{"0":"post-37950","1":"product","2":"type-product","3":"status-publish","4":"has-post-thumbnail","6":"product_cat-deski-do-serwowania","7":"product_tag-deska-do-serow","8":"product_tag-deska-do-serwowania","9":"product_tag-deska-z-orzecha-wloskiego","10":"product_tag-deska-z-zywa-krawedzia","11":"product_tag-drewniana-deska","12":"product_tag-drewniana-deska-do-serow","13":"product_tag-drewniana-deska-do-serwowania","14":"product_tag-idealny-prezent","15":"product_tag-naturalne-drewno-z-zywica-epoksydowa","16":"product_tag-oryginalny-prezent","17":"product_tag-prezent-na-parapetowke","18":"product_tag-prezent-na-rocznice","19":"product_tag-prezent-slubny","20":"product_tag-taca-do-serow","21":"product_tag-unikalna-deska-do-serwowania","22":"tm-has-options","24":"first","25":"instock","26":"taxable","27":"shipping-taxable","28":"purchasable","29":"product-type-simple"},"bundled_by":[],"bundle_stock_status":"instock","bundle_stock_quantity":null,"bundle_virtual":false,"bundle_layout":"","bundle_add_to_cart_form_location":"","bundle_editable_in_cart":false,"bundle_sold_individually_context":"","bundle_item_grouping":"","bundle_min_size":"","bundle_max_size":"","bundle_price":[],"bundled_items":[],"bundle_sell_ids":[],"_links":{"self":[{"href":"https:\/\/finewoodencreations.com\/pl\/wp-json\/wp\/v2\/product\/37950","targetHints":{"allow":["GET"]}}],"collection":[{"href":"https:\/\/finewoodencreations.com\/pl\/wp-json\/wp\/v2\/product"}],"about":[{"href":"https:\/\/finewoodencreations.com\/pl\/wp-json\/wp\/v2\/types\/product"}],"version-history":[{"count":4,"href":"https:\/\/finewoodencreations.com\/pl\/wp-json\/wp\/v2\/product\/37950\/revisions"}],"predecessor-version":[{"id":38004,"href":"https:\/\/finewoodencreations.com\/pl\/wp-json\/wp\/v2\/product\/37950\/revisions\/38004"}],"wp:featuredmedia":[{"embeddable":true,"href":"https:\/\/finewoodencreations.com\/pl\/wp-json\/wp\/v2\/media\/31163"}],"wp:attachment":[{"href":"https:\/\/finewoodencreations.com\/pl\/wp-json\/wp\/v2\/media?parent=37950"}],"wp:term":[{"taxonomy":"product_brand","embeddable":true,"href":"https:\/\/finewoodencreations.com\/pl\/wp-json\/wp\/v2\/product_brand?post=37950"},{"taxonomy":"product_cat","embeddable":true,"href":"https:\/\/finewoodencreations.com\/pl\/wp-json\/wp\/v2\/product_cat?post=37950"},{"taxonomy":"product_tag","embeddable":true,"href":"https:\/\/finewoodencreations.com\/pl\/wp-json\/wp\/v2\/product_tag?post=37950"}],"curies":[{"name":"wp","href":"https:\/\/api.w.org\/{rel}","templated":true}]}}