{"id":35378,"date":"2022-07-12T23:15:27","date_gmt":"2022-07-12T23:15:27","guid":{"rendered":"https:\/\/finewoodencreations.com\/?post_type=product&#038;p=35378"},"modified":"2025-01-08T08:25:22","modified_gmt":"2025-01-08T08:25:22","slug":"finer-ultra-zywica-epoksydowa-do-bardzo-glebokich-odlewow-3kg","status":"publish","type":"product","link":"https:\/\/finewoodencreations.com\/pl\/shop\/zywica-epoksydowa\/finer-ultra-zywica-epoksydowa-do-bardzo-glebokich-odlewow-3kg\/","title":{"rendered":"FineR ULTRA \u017cywica epoksydowa do bardzo g\u0142\u0119bokich odlew\u00f3w 3kg"},"content":{"rendered":"<p><b>&#8220;FineR ULTRA&#8221; to wysokiej jako\u015bci \u017cywica epoksydowa<\/b> do bardzo przejrzystych, g\u0142\u0119bokich odlew\u00f3w a\u017c do <strong>12cm w 17\u00b0C.<\/strong>\u00a0 Umo\u017cliwia wylewanie du\u017cych odlew\u00f3w i dzi\u0119ki doskona\u0142emu uwalnianiu p\u0119cherzyk\u00f3w powietrza,<b> bardzo g\u0142adkiemu\u00a0utwardzaniu i krystalicznie czystej <\/b>przezroczysto\u015bci jest doskona\u0142\u0105 \u017cywic\u0105 do odlewania epoksydowych <b>sto\u0142\u00f3w\u00a0typu &#8220;river table&#8221;<\/b> i g\u0142\u0119bokiego zalewania przedmiot\u00f3w.<\/p>\n<p>\u017bywica epoksydowa do odlewania jest idealna do zalewania wi\u0119kszych przedmiot\u00f3w takich jak figurki, kamienie, kruche przedmioty. \u017bywica ta mo\u017ce by\u0107 z powodzeniem stosowana do odlewania grubych warstw na blaty, blaty kuchenne, odlewania du\u017cych obj\u0119to\u015bciowo obiekt\u00f3w. Ze wzgl\u0119du na powolne utwardzanie i d\u0142ugi czas pracy, wszelkie p\u0119cherzyki maj\u0105 mo\u017cliwo\u015b\u0107 uwolnienia si\u0119. Dzi\u0119ki temu masz r\u00f3wnie\u017c czas na wprowadzenie zmian w projekcie w razie potrzeby.<\/p>\n<h5>Barwniki, \u015bwiec\u0105cy\u00a0proszek, pigmenty per\u0142owe i metaliczne, tusze<\/h5>\n<p>Nasza \u017cywica epoksydowa <strong>&#8220;FineR ULTRA&#8221; do odlewania<\/strong> mo\u017ce by\u0107 \u0142atwo mieszana z wieloma ro\u017cnymi rodzajami pigment\u00f3w, barwnik\u00f3w, farb lub proszk\u00f3w. Mo\u017cesz miesza\u0107 kolory, aby uzyska\u0107 potrzebne barwy i odcienie. \u015awiec\u0105cy w ciemno\u015bci proszek mo\u017ce by\u0107 oczywi\u015bcie dodany dla uzyskania unikatowych efekt\u00f3w. Zazwyczaj dla uzyskania najlepszego efektu \u015bwiecenia w nocy nale\u017cy u\u017cy\u0107 od 5% do 50% proszku.<\/p>\n<p><a href=\"https:\/\/finewoodencreations.com\/pl\/kategoria-produktu\/barwniki-pigmenty\/\"><strong>Sprawd\u017a nasz\u0105 ofert\u0119 barwnik\u00f3w, pigment\u00f3w i past koloryzuj\u0105cych do \u017cywic<\/strong><\/a><\/p>\n<p>Mo\u017cesz uzyska\u0107 wspania\u0142e kolorowe efekty z o\u015bwietleniem z system\u00f3w LED &#8211; mo\u017cesz sprawdzi\u0107 nasze projekty stworzone z \u017cywicy <strong>&#8220;FineR ULTRA&#8221;<\/strong> i o\u015bwietlenia LED.<\/p>\n\n\t\t\t<style type='text\/css'>\n\t\t\t\t#sc_gallery-1 {\n\t\t\t\t\tmargin: auto;\n\t\t\t\t}\n\t\t\t\t#sc_gallery-1 .gallery-item {\n\t\t\t\t\tfloat: left;\n\t\t\t\t\ttext-align: center;\n\t\t\t\t\twidth: 24.99%;\n\t\t\t\t}\n\t\t\t\t#sc_gallery-1 img {\n\t\t\t\t\tborder: 2px solid #cfcfcf;\n\t\t\t\t}\n\t\t\t\t\/* see sc_gallery() in functions\/theme-shortcodes.php *\/\n\t\t\t<\/style>\n\t\t<div id='sc_gallery-1' class='gallery galleryid-35378 gallery-columns-4 gallery-size-full file element_classes masonry'><dl class='gallery-item'  data-title='Finer ULTRA 6kg' data-description=''><div class='gallery-item-wrapper'>\n\t\t\t\t<dt class='gallery-icon landscape'>\n\t\t\t\t\t<a href='https:\/\/finewoodencreations.com\/wp-content\/uploads\/2022\/07\/Finer-ULTRA-6kg.jpg'><img loading=\"lazy\" decoding=\"async\" width=\"1024\" height=\"776\" src=\"https:\/\/finewoodencreations.com\/wp-content\/uploads\/2022\/07\/Finer-ULTRA-6kg.jpg\" class=\"attachment-full size-full\" alt=\"\" srcset=\"https:\/\/finewoodencreations.com\/wp-content\/uploads\/2022\/07\/Finer-ULTRA-6kg.jpg 1024w, https:\/\/finewoodencreations.com\/wp-content\/uploads\/2022\/07\/Finer-ULTRA-6kg-600x455.jpg 600w, https:\/\/finewoodencreations.com\/wp-content\/uploads\/2022\/07\/Finer-ULTRA-6kg-400x303.jpg 400w, https:\/\/finewoodencreations.com\/wp-content\/uploads\/2022\/07\/Finer-ULTRA-6kg-768x582.jpg 768w, https:\/\/finewoodencreations.com\/wp-content\/uploads\/2022\/07\/Finer-ULTRA-6kg-193x146.jpg 193w, https:\/\/finewoodencreations.com\/wp-content\/uploads\/2022\/07\/Finer-ULTRA-6kg-50x38.jpg 50w, https:\/\/finewoodencreations.com\/wp-content\/uploads\/2022\/07\/Finer-ULTRA-6kg-99x75.jpg 99w, https:\/\/finewoodencreations.com\/wp-content\/uploads\/2022\/07\/Finer-ULTRA-6kg-800x606.jpg 800w, https:\/\/finewoodencreations.com\/wp-content\/uploads\/2022\/07\/Finer-ULTRA-6kg-79x60.jpg 79w, https:\/\/finewoodencreations.com\/wp-content\/uploads\/2022\/07\/Finer-ULTRA-6kg-119x90.jpg 119w\" sizes=\"auto, (max-width:767px) 480px, (max-width:1024px) 100vw, 1024px\" \/><\/a>\n\t\t\t\t<\/dt><\/div><\/dl><dl class='gallery-item'  data-title='motor1a' data-description=''><div class='gallery-item-wrapper'>\n\t\t\t\t<dt class='gallery-icon landscape'>\n\t\t\t\t\t<a href='https:\/\/finewoodencreations.com\/wp-content\/uploads\/2022\/07\/motor1a.jpg'><img loading=\"lazy\" decoding=\"async\" width=\"1024\" height=\"768\" src=\"https:\/\/finewoodencreations.com\/wp-content\/uploads\/2022\/07\/motor1a.jpg\" class=\"attachment-full size-full\" alt=\"\" srcset=\"https:\/\/finewoodencreations.com\/wp-content\/uploads\/2022\/07\/motor1a.jpg 1024w, https:\/\/finewoodencreations.com\/wp-content\/uploads\/2022\/07\/motor1a-600x450.jpg 600w, https:\/\/finewoodencreations.com\/wp-content\/uploads\/2022\/07\/motor1a-400x300.jpg 400w, https:\/\/finewoodencreations.com\/wp-content\/uploads\/2022\/07\/motor1a-768x576.jpg 768w, https:\/\/finewoodencreations.com\/wp-content\/uploads\/2022\/07\/motor1a-195x146.jpg 195w, https:\/\/finewoodencreations.com\/wp-content\/uploads\/2022\/07\/motor1a-50x38.jpg 50w, https:\/\/finewoodencreations.com\/wp-content\/uploads\/2022\/07\/motor1a-100x75.jpg 100w, https:\/\/finewoodencreations.com\/wp-content\/uploads\/2022\/07\/motor1a-800x600.jpg 800w, https:\/\/finewoodencreations.com\/wp-content\/uploads\/2022\/07\/motor1a-80x60.jpg 80w, https:\/\/finewoodencreations.com\/wp-content\/uploads\/2022\/07\/motor1a-120x90.jpg 120w\" sizes=\"auto, (max-width:767px) 480px, (max-width:1024px) 100vw, 1024px\" \/><\/a>\n\t\t\t\t<\/dt><\/div><\/dl><dl class='gallery-item'  data-title='szklanki www2' data-description=''><div class='gallery-item-wrapper'>\n\t\t\t\t<dt class='gallery-icon landscape'>\n\t\t\t\t\t<a href='https:\/\/finewoodencreations.com\/wp-content\/uploads\/2022\/07\/szklanki-www2.jpg'><img loading=\"lazy\" decoding=\"async\" width=\"1024\" height=\"768\" src=\"https:\/\/finewoodencreations.com\/wp-content\/uploads\/2022\/07\/szklanki-www2.jpg\" class=\"attachment-full size-full\" alt=\"\" srcset=\"https:\/\/finewoodencreations.com\/wp-content\/uploads\/2022\/07\/szklanki-www2.jpg 1024w, https:\/\/finewoodencreations.com\/wp-content\/uploads\/2022\/07\/szklanki-www2-600x450.jpg 600w, https:\/\/finewoodencreations.com\/wp-content\/uploads\/2022\/07\/szklanki-www2-400x300.jpg 400w, https:\/\/finewoodencreations.com\/wp-content\/uploads\/2022\/07\/szklanki-www2-768x576.jpg 768w, https:\/\/finewoodencreations.com\/wp-content\/uploads\/2022\/07\/szklanki-www2-195x146.jpg 195w, https:\/\/finewoodencreations.com\/wp-content\/uploads\/2022\/07\/szklanki-www2-50x38.jpg 50w, https:\/\/finewoodencreations.com\/wp-content\/uploads\/2022\/07\/szklanki-www2-100x75.jpg 100w, https:\/\/finewoodencreations.com\/wp-content\/uploads\/2022\/07\/szklanki-www2-800x600.jpg 800w, https:\/\/finewoodencreations.com\/wp-content\/uploads\/2022\/07\/szklanki-www2-80x60.jpg 80w, https:\/\/finewoodencreations.com\/wp-content\/uploads\/2022\/07\/szklanki-www2-120x90.jpg 120w\" sizes=\"auto, (max-width:767px) 480px, (max-width:1024px) 100vw, 1024px\" \/><\/a>\n\t\t\t\t<\/dt><\/div><\/dl><dl class='gallery-item'  data-title='orla_cien_09' data-description=''><div class='gallery-item-wrapper'>\n\t\t\t\t<dt class='gallery-icon landscape'>\n\t\t\t\t\t<a href='https:\/\/finewoodencreations.com\/wp-content\/uploads\/2020\/04\/orla_cien_09-2.jpg'><img loading=\"lazy\" decoding=\"async\" width=\"1024\" height=\"768\" src=\"https:\/\/finewoodencreations.com\/wp-content\/uploads\/2020\/04\/orla_cien_09-2.jpg\" class=\"attachment-full size-full\" alt=\"\" srcset=\"https:\/\/finewoodencreations.com\/wp-content\/uploads\/2020\/04\/orla_cien_09-2.jpg 1024w, https:\/\/finewoodencreations.com\/wp-content\/uploads\/2020\/04\/orla_cien_09-2-600x450.jpg 600w, https:\/\/finewoodencreations.com\/wp-content\/uploads\/2020\/04\/orla_cien_09-2-400x300.jpg 400w, https:\/\/finewoodencreations.com\/wp-content\/uploads\/2020\/04\/orla_cien_09-2-768x576.jpg 768w, https:\/\/finewoodencreations.com\/wp-content\/uploads\/2020\/04\/orla_cien_09-2-195x146.jpg 195w, https:\/\/finewoodencreations.com\/wp-content\/uploads\/2020\/04\/orla_cien_09-2-50x38.jpg 50w, https:\/\/finewoodencreations.com\/wp-content\/uploads\/2020\/04\/orla_cien_09-2-100x75.jpg 100w, https:\/\/finewoodencreations.com\/wp-content\/uploads\/2020\/04\/orla_cien_09-2-800x600.jpg 800w\" sizes=\"auto, (max-width:767px) 480px, (max-width:1024px) 100vw, 1024px\" \/><\/a>\n\t\t\t\t<\/dt><\/div><\/dl><br style=\"clear: both\" \/>\n\t\t\t<\/div>\n\n<h5><\/h5>\n<h5>Zalety \u017cywicy epoksydowej do g\u0142\u0119bokich odlew\u00f3w &#8220;FineR ULTRA&#8221;:<\/h5>\n<ul>\n<li>Stosunek mieszania: <span style=\"color: #ff0000\"><strong>100 (\u017cywica) :50 (utwardzacz)<\/strong><\/span><\/li>\n<li><strong>Utwardzacz w zestawie<\/strong><\/li>\n<li>Mo\u017cliwo\u015b\u0107 wykonywania g\u0142\u0119bokich odlew\u00f3w o grubo\u015bci do<span style=\"color: #ff0000\"><strong> 12 cm na warstw\u0119 w 17\u00b0C<\/strong><\/span><\/li>\n<li>Bardzo przejrzysty wynik ko\u0144cowy<\/li>\n<li>Niezwykle klarowne odlewy<\/li>\n<li>D\u0142ugi czas przetwarzania<\/li>\n<li>Bardzo dobra impregnacja dzi\u0119ki niskiej lepko\u015bci<\/li>\n<li>Nie niszczy dolnych warstw farby<\/li>\n<li>Bardzo dobra odporno\u015b\u0107 na promieniowanie UV. Mo\u017ce by\u0107 jeszcze bardziej chroniona dzi\u0119ki <strong><a href=\"https:\/\/finewoodencreations.com\/pl\/kategoria-produktu\/stabilizator-uv\/\">dodatkowej stabilizacji UV<\/a><\/strong><\/li>\n<li>Do u\u017cycia na zewn\u0105trz bez efektu &#8220;\u017c\u00f3\u0142kni\u0119cia&#8221; z naszym stabilizatorem UV<\/li>\n<li>Pigmenty\/proszek\/tusze mog\u0105 by\u0107 \u0142atwo dodawane w celu uzyskania unikatowych efekt\u00f3w<\/li>\n<li>Mo\u017cna wyla\u0107 kilka warstw na siebie<\/li>\n<li>G\u0142adka, szklista powierzchnia<\/li>\n<li>Bardzo niska emisja ciep\u0142a<\/li>\n<li>Brak \/ ledwo wyczuwalny zapach. Neutralny zapach<\/li>\n<\/ul>\n<p>Przezroczysta \u017cywica epoksydowa do g\u0142\u0119bokich odlew\u00f3w jest idealna do nast\u0119puj\u0105cych zastosowa\u0144:<\/p>\n<ul>\n<li>Du\u017ce i g\u0142\u0119bokie obszary zalewania, takie jak sto\u0142y &#8220;river tables&#8221;, zalewanie du\u017cych przedmiot\u00f3w, formy<\/li>\n<li>Pow\u0142oka powierzchniowa do sto\u0142\u00f3w, pod\u0142\u00f3g, drewna, betonu<\/li>\n<li>Idealna do &#8220;resin art&#8221; &#8211; sztuki z u\u017cyciem \u017cywicy<\/li>\n<li>Prace typu &#8220;zr\u00f3b to sam&#8221; &#8211; DIY<\/li>\n<li>Naprawa \u0142odzi<\/li>\n<li>Do stosowania z w\u0142\u00f3knem szklanym, w\u0142\u00f3knem w\u0119glowym<\/li>\n<\/ul>\n<h5><strong>Informacje techniczne\u00a0<\/strong><\/h5>\n<p>Ka\u017cdy zestaw \u017cywicy epoksydowej<strong> &#8220;FineR ULTRA&#8221;<\/strong> sk\u0142ada si\u0119 z <strong>2 komponent\u00f3w: \u017cywicy i utwardzacza.<\/strong><\/p>\n<ul>\n<li><strong>Proporcja mieszania:<\/strong> <span style=\"color: #ff0000\"><strong>100 (\u017cywica): 50 (utwardzacz)<\/strong><\/span> wymieszanych wagowo<\/li>\n<li><b>Maksymalna grubo\u015b\u0107\u00a0warstwy:<\/b> <span style=\"color: #ff0000\"><strong>12 cm.<\/strong><\/span> D\u0142ugi proces utwardzania pozwala na odlewanie grubych warstw <span style=\"color: #ff0000\"><strong>do 12 cm w 17\u00b0C<\/strong><\/span>.<\/li>\n<li><strong>Minimalna temperatura obr\u00f3bki:<\/strong> 13 stopni Celsjusza. Im ni\u017csza temperatura procesu, tym d\u0142u\u017cszy czas utwardzania.<\/li>\n<li><strong>Czas obr\u00f3bki (pot life):<\/strong> ok. 35 godzin.<\/li>\n<li><strong>Sucha powierzchniowo:<\/strong> ok. 24-48 godzinach<\/li>\n<li><strong>Pe\u0142ne utwardzenie po:<\/strong> <strong>ok 6 dniach<\/strong><\/li>\n<li><b>Termin przydatno\u015bci\u00a0do u\u017cycia:<\/b> Co najmniej 12 miesi\u0119cy w zamkni\u0119tych pojemnikach w temperaturze otoczenia<\/li>\n<\/ul>\n<p>&nbsp;<\/p>\n<h5>Pliki do pobrania<\/h5>\n<h5 style=\"text-align: left\"><\/h5>\n<a class=\"button  button_left button_size_2\" href=\"https:\/\/finewoodencreations.com\/wp-content\/uploads\/2022\/07\/FineR_ULTRA_Resin_SDS_EN.pdf\"     style=\"background-color:#f7f7f7!important;color:#000000;\" target=\"_blank\"    title=\"\"><span class=\"button_icon\"><i class=\"icon-acrobat\"  style=\"color:#000000!important;\" aria-hidden=\"true\"><\/i><\/span><span class=\"button_label\"><strong>FineR_ULTRA_Resin_SDS_EN.pdf<\/strong><\/span><\/a>\n\n<p>&nbsp;<\/p>\n<a class=\"button  button_left button_size_2\" href=\"https:\/\/finewoodencreations.com\/wp-content\/uploads\/2022\/07\/FineR-ULTRA-Hardener-Product_info_EN.pdf\"     style=\"background-color:#f7f7f7!important;color:#000000;\" target=\"_blank\"    title=\"\"><span class=\"button_icon\"><i class=\"icon-acrobat\"  style=\"color:#000000!important;\" aria-hidden=\"true\"><\/i><\/span><span class=\"button_label\"><strong>FineR-ULTRA-Hardener-Product_info_EN.pdf<\/strong><\/span><\/a>\n\n<p>&nbsp;<\/p>\n<p>Potrzebujesz wi\u0119kszych ilo\u015bci \u017cywicy epoksydowej &#8211; prosimy o kontakt z nami: \u00a0<a href=\"mailto:info@finewoodencreations.com\"><strong>info@finewoodencreations.com<\/strong><\/a><\/p>\n","protected":false},"excerpt":{"rendered":"<p>Chcesz zrobi\u0107 w\u0142asny st\u00f3\u0142 z \u017cywicy epoksydowej lub zala\u0107 du\u017ce przedmioty do <strong>12 cm<\/strong> na raz?<\/p>\n<p>Mo\u017cesz u\u017cy\u0107 \u017cywicy epoksydowej<strong> &#8220;FineR ULTRA&#8221; do bardzo g\u0142\u0119bokich odlew\u00f3w.<\/strong><\/p>\n<h6><strong><span style=\"color: #ff9900\"><i class=\"icon-truck-line\" style=\"\" aria-hidden=\"true\"><\/i><\/span> Dostawa z naszego magazynu!<\/strong><\/h6>\n<h6><strong><span style=\"color: #ff9900\"><i class=\"icon-credit-card\" style=\"\" aria-hidden=\"true\"><\/i><\/span> MasterCard, VISA, PayPal, Google Pay, Apple Pay, przelew<\/strong><\/h6>\n<h6><strong><span style=\"color: #ff9900\"><i class=\"icon-clock\" style=\"\" aria-hidden=\"true\"><\/i><\/span> Szybka dostawa &#8211; nawet tego samego dnia!<\/strong><\/h6>\n<h6><strong><span style=\"color: #ff9900\"><i class=\"icon-lock\" style=\"\" aria-hidden=\"true\"><\/i><\/span> Bezpieczna p\u0142atno\u015b\u0107<\/strong><\/h6>\n","protected":false},"featured_media":35372,"template":"","meta":{"footnotes":""},"product_brand":[],"product_cat":[337],"product_tag":[742,736,727],"class_list":{"0":"post-35378","1":"product","2":"type-product","3":"status-publish","4":"has-post-thumbnail","6":"product_cat-zywica-epoksydowa","7":"product_tag-epoxy-resin-pl","8":"product_tag-glowing-resin-pl","9":"product_tag-naturalne-drewno-z-zywica-epoksydowa","10":"tm-has-options","12":"first","13":"outofstock","14":"sale","15":"taxable","16":"shipping-taxable","17":"purchasable","18":"product-type-simple"},"bundled_by":["35411"],"bundle_stock_status":"outofstock","bundle_stock_quantity":null,"bundle_virtual":false,"bundle_layout":"","bundle_add_to_cart_form_location":"","bundle_editable_in_cart":false,"bundle_sold_individually_context":"","bundle_item_grouping":"","bundle_min_size":"","bundle_max_size":"","bundle_price":[],"bundled_items":[],"bundle_sell_ids":[],"_links":{"self":[{"href":"https:\/\/finewoodencreations.com\/pl\/wp-json\/wp\/v2\/product\/35378","targetHints":{"allow":["GET"]}}],"collection":[{"href":"https:\/\/finewoodencreations.com\/pl\/wp-json\/wp\/v2\/product"}],"about":[{"href":"https:\/\/finewoodencreations.com\/pl\/wp-json\/wp\/v2\/types\/product"}],"version-history":[{"count":7,"href":"https:\/\/finewoodencreations.com\/pl\/wp-json\/wp\/v2\/product\/35378\/revisions"}],"predecessor-version":[{"id":35416,"href":"https:\/\/finewoodencreations.com\/pl\/wp-json\/wp\/v2\/product\/35378\/revisions\/35416"}],"wp:featuredmedia":[{"embeddable":true,"href":"https:\/\/finewoodencreations.com\/pl\/wp-json\/wp\/v2\/media\/35372"}],"wp:attachment":[{"href":"https:\/\/finewoodencreations.com\/pl\/wp-json\/wp\/v2\/media?parent=35378"}],"wp:term":[{"taxonomy":"product_brand","embeddable":true,"href":"https:\/\/finewoodencreations.com\/pl\/wp-json\/wp\/v2\/product_brand?post=35378"},{"taxonomy":"product_cat","embeddable":true,"href":"https:\/\/finewoodencreations.com\/pl\/wp-json\/wp\/v2\/product_cat?post=35378"},{"taxonomy":"product_tag","embeddable":true,"href":"https:\/\/finewoodencreations.com\/pl\/wp-json\/wp\/v2\/product_tag?post=35378"}],"curies":[{"name":"wp","href":"https:\/\/api.w.org\/{rel}","templated":true}]}}