{"id":33609,"date":"2021-10-28T18:15:02","date_gmt":"2021-10-28T18:15:02","guid":{"rendered":"https:\/\/finewoodencreations.com\/shop\/bez-kategorii\/bridge-coffee-table-with-glowing-resin-and-solid-legs-base\/"},"modified":"2023-02-10T09:14:17","modified_gmt":"2023-02-10T09:14:17","slug":"bridge-coffee-table-with-glowing-resin-and-solid-legs-base","status":"publish","type":"product","link":"https:\/\/finewoodencreations.com\/pl\/shop\/stoliki-kawowe\/bridge-coffee-table-with-glowing-resin-and-solid-legs-base\/","title":{"rendered":"Bridge &#8211; wyj\u0105tkowy stolik kawowy na solidnych metalowych nogach"},"content":{"rendered":"\r\n<p>&#8220;Bridge&#8221; &#8211; wyj\u0105tkowy stolik kawowy na solidnych metalowych nogach w stylu industrialnym.\u00a0 Pomi\u0119dzy elementami z drewna jesionowego jest szklana tafla tworz\u0105ca &#8220;p\u0142yn\u0105c\u0105&#8221; rzek\u0119. W meblu zastosowano specjaln\u0105 mieszank\u0119 \u017cywicy epoksydowej z turkusowym proszkiem luminescencyjnym, kt\u00f3re wype\u0142niaj\u0105 p\u0119kni\u0119cia, s\u0142oje i otwory w drewnie. Mieszanka ta \u015bwieci w ciemno\u015bci subteln\u0105 turkusow\u0105 barw\u0105 przez kilka godzin. Fantastyczny mebel, kt\u00f3ry doda stylu i elegancji Twoim wn\u0119trzom.<\/p>\r\n<p><span style=\"color: #ff0000\"><strong>TEN STOLIK JEST SPRZEDANY &#8211; Je\u015bli chcesz taki kupi\u0107 &#8211; z\u0142\u00f3\u017c zam\u00f3wienie, a my wykonamy produkt mo\u017cliwie najbardziej zbli\u017cony do prezentowanego w galerii.<\/strong><\/span><\/p>\r\n<p><strong>Najwa\u017cniejsze cechy stolika:<\/strong><\/p>\r\n<p><strong>-Blat sto\u0142u wykonany z drewna jesionowego; grubo\u015b\u0107 \u017cywicy i drewna wynosi 5 cm,\u00a0 zielone transparentne szk\u0142o 1 cm\u00a0 \u00a0 \u00a0 \u00a0<\/strong><\/p>\r\n<p><strong>-Solidne metalowe nogi w stylu industrialnym<\/strong><\/p>\r\n<p><strong>-Wymiary: 150 cm d\u0142ugo\u015b\u0107 x 80 cm szeroko\u015b\u0107 x 50 cm wysoko\u015b\u0107<\/strong><\/p>\r\n<p><strong>-Wyko\u0144czony i zabezpieczony dwusk\u0142adnikowym lakierem ochronnym\u00a0\u00a0\u00a0\u00a0\u00a0\u00a0\u00a0\u00a0\u00a0\u00a0\u00a0\u00a0\u00a0 <\/strong><\/p>\r\n<p><strong>-P\u0119kni\u0119cia, s\u0119ki i otwory wype\u0142nione s\u0105 \u015bwiec\u0105cym w ciemno\u015bci pigmentem<\/strong><\/p>\r\n<p><strong>-Drewno suszone na wolnym powietrzu, nast\u0119pnie w aerodynamicznej suszarni drewna<\/strong><\/p>\r\n<p><strong>-U\u017cyte materia\u0142y s\u0105 przyjazne dla \u015brodowiska<\/strong><\/p>\r\n\r\n\r\n\r\n\r\n\r\n<p>&nbsp;<\/p>\r\n<table class=\" aligncenter\">\r\n<thead>\r\n<tr>\r\n<th>\r\n<p>Mo\u017cesz skonfigurowa\u0107 sw\u00f3j w\u0142asny st\u00f3\u0142,<\/p>\r\n<p><strong><span style=\"font-family: inherit;font-size: inherit\">\u0142awk\u0119 lub stolik kawowy przy u\u017cyciu konfiguratora:<\/span><\/strong><\/p>\r\n<p><a href=\"https:\/\/finewoodencreations.com\/pl\/konfigurator\/\">https:\/\/finewoodencreations.com\/pl\/konfigurator\/<\/a><\/p>\r\n<\/th>\r\n<th><img loading=\"lazy\" decoding=\"async\" class=\"alignnone wp-image-31996 size-full\" style=\"font-weight: 400;text-align: start\" src=\"https:\/\/finewoodencreations.com\/wp-content\/uploads\/2021\/10\/CREATE-PL_1.jpg\" alt=\"\" width=\"320\" height=\"122\" srcset=\"https:\/\/finewoodencreations.com\/wp-content\/uploads\/2021\/10\/CREATE-PL_1.jpg 320w, https:\/\/finewoodencreations.com\/wp-content\/uploads\/2021\/10\/CREATE-PL_1-260x99.jpg 260w, https:\/\/finewoodencreations.com\/wp-content\/uploads\/2021\/10\/CREATE-PL_1-50x19.jpg 50w, https:\/\/finewoodencreations.com\/wp-content\/uploads\/2021\/10\/CREATE-PL_1-150x57.jpg 150w, https:\/\/finewoodencreations.com\/wp-content\/uploads\/2021\/10\/CREATE-PL_1-157x60.jpg 157w, https:\/\/finewoodencreations.com\/wp-content\/uploads\/2021\/10\/CREATE-PL_1-236x90.jpg 236w\" sizes=\"auto, (max-width:767px) 320px, 320px\" \/><\/th>\r\n<\/tr>\r\n<\/thead>\r\n<\/table>\r\n<p>&nbsp;<\/p>\r\n<p>Je\u015bli potrzebujesz niestandardowych wymiar\u00f3w lub typu n\u00f3g prosimy o kontakt z nami.<\/p>\r\n<p>Wykorzystywane przez nas drewno jest suszone dwuetapowo: najpierw drewno suszone jest na wolnym powietrzu, nast\u0119pnie suszone jest w aerodynamicznej suszarni drewna. Taka kombinacja jest doskona\u0142ym sposobem na ochron\u0119 ko\u0144cowego dzie\u0142a przed naturalnymi uszkodzeniami, takimi jak p\u0119kni\u0119cia.<\/p>\r\n<p>Wyko\u0144czenie jest bardzo wa\u017cne dla d\u0142ugowieczno\u015bci tworzonych przez nas sto\u0142\u00f3w drewnianych. Stosujemy sprawdzone, naturalne oleje wyko\u0144czeniowe takie jak olej tungowy lub du\u0144ski, czasem \u0142\u0105czone z woskami. Blaty sto\u0142\u00f3w mog\u0105 by\u0107 olejowane lub lakierowane zgodnie z \u017cyczeniem i preferencjami klienta. Oleje wydobywaj\u0105 kolor, us\u0142ojenie i struktur\u0119, a lakiery chroni\u0105 powierzchni\u0119 przed uszkodzeniami takimi jak wysoka temperatura, zarysowania, p\u0142yny (kawa, alkohol).<\/p>\r\n<p>Zdj\u0119cia przedstawiaj\u0105 przyk\u0142adowy przedmiot, kolor i struktura drewna mog\u0105 si\u0119 r\u00f3\u017cni\u0107. Ka\u017cdy przedmiot jest budowany z naturalnego drewna i dopasowywany do Pa\u0144stwa preferencji i specyfikacji.<\/p>\r\n<p>W zale\u017cno\u015bci od stopnia skomplikowania i dodatkowych element\u00f3w takich jak wype\u0142nienie \u017cywic\u0105, efekt \u015bwiecenia, zatopione elementy czy wielko\u015b\u0107, przygotowanie zam\u00f3wienia mo\u017ce potrwa\u0107 od 4 do 6 tygodni.<\/p>\r\n<p>Sto\u0142y do transportu zabezpieczone s\u0105 specjalnymi naro\u017cnikami ochronnymi oraz foli\u0105 b\u0105belkow\u0105. Dostarczamy je w bezpiecznych drewnianych skrzyniach na paletach.<\/p>\r\n\n<div class=\"wpcf7 no-js\" id=\"wpcf7-f719-o1\" lang=\"en-US\" dir=\"ltr\" data-wpcf7-id=\"719\">\n<div class=\"screen-reader-response\"><p role=\"status\" aria-live=\"polite\" aria-atomic=\"true\"><\/p> <ul><\/ul><\/div>\n<form action=\"\/pl\/wp-json\/wp\/v2\/product\/33609#wpcf7-f719-o1\" method=\"post\" class=\"wpcf7-form init\" aria-label=\"Contact form\" novalidate=\"novalidate\" data-status=\"init\">\n<fieldset class=\"hidden-fields-container\"><input type=\"hidden\" name=\"_wpcf7\" value=\"719\" \/><input type=\"hidden\" name=\"_wpcf7_version\" value=\"6.1.5\" \/><input type=\"hidden\" name=\"_wpcf7_locale\" value=\"en_US\" \/><input type=\"hidden\" name=\"_wpcf7_unit_tag\" value=\"wpcf7-f719-o1\" \/><input type=\"hidden\" name=\"_wpcf7_container_post\" value=\"0\" \/><input type=\"hidden\" name=\"_wpcf7_posted_data_hash\" value=\"\" \/><input type=\"hidden\" name=\"_wpcf7dtx_version\" value=\"5.0.5\" \/><input type=\"hidden\" name=\"_wpcf7_recaptcha_response\" value=\"\" \/>\n<\/fieldset>\n<h5 style=\"margin-bottom: 5px;\">Z\u0142\u00f3\u017c zapytanie\n<\/h5>\n<p><strong>E-mail: <\/strong><a style=\"color: #404040\">info (at) finewoodencreations (dot) com<\/a>\n<\/p>\n<p><strong>Telefon: <\/strong><a style=\"color: #404040\">+48 534 005 534<\/a>\n<\/p>\n<div class=\"column one-third\">\n\t<p><span class=\"wpcf7-form-control-wrap\" data-name=\"your-name\"><input size=\"40\" maxlength=\"400\" class=\"wpcf7-form-control wpcf7-text wpcf7-validates-as-required\" aria-required=\"true\" aria-invalid=\"false\" placeholder=\"Imi\u0119 i nazwisko\" value=\"\" type=\"text\" name=\"your-name\" \/><\/span>\n\t<\/p>\n<\/div>\n<div class=\"column one-third\">\n\t<p><span class=\"wpcf7-form-control-wrap\" data-name=\"your-email\"><input size=\"40\" maxlength=\"400\" class=\"wpcf7-form-control wpcf7-email wpcf7-validates-as-required wpcf7-text wpcf7-validates-as-email\" aria-required=\"true\" aria-invalid=\"false\" placeholder=\"Adres e-mail\" value=\"\" type=\"email\" name=\"your-email\" \/><\/span>\n\t<\/p>\n<\/div>\n<div class=\"column one-third\">\n\t<p><span class=\"wpcf7-form-control-wrap\" data-name=\"your-phone\"><input class=\"wpcf7-form-control wpcf7-number wpcf7-validates-as-number\" aria-invalid=\"false\" placeholder=\"Telefon\" value=\"\" type=\"number\" name=\"your-phone\" \/><\/span>\n\t<\/p>\n<\/div>\n<div class=\"column one\">\n\t<p><span class=\"wpcf7-form-control-wrap your-subject\" data-name=\"your-subject\"><input type=\"text\" name=\"your-subject\" class=\"wpcf7-form-control wpcf7-text wpcf7dtx wpcf7dtx-text\" aria-invalid=\"false\" value=\"Bridge - wyj\u0105tkowy stolik kawowy na solidnych metalowych nogach\"><\/span>\n\t<\/p>\n<\/div>\n<div class=\"column one\">\n\t<p><span class=\"wpcf7-form-control-wrap\" data-name=\"your-message\"><textarea cols=\"40\" rows=\"10\" maxlength=\"2000\" class=\"wpcf7-form-control wpcf7-textarea\" aria-invalid=\"false\" placeholder=\"Wiadomo\u015b\u0107\" name=\"your-message\"><\/textarea><\/span>\n\t<\/p>\n<\/div>\n<div class=\"column one\">\n\n<\/div>\n<div class=\"column one\">\n\t<p><input class=\"wpcf7-form-control wpcf7-submit has-spinner\" type=\"submit\" value=\"Wy\u015blij wiadomo\u015b\u0107\" \/>\n\t<\/p>\n<\/div>\n<span class=\"wpcf7-form-control-wrap dynamichidden-898\" data-name=\"dynamichidden-898\"><input type=\"hidden\" name=\"dynamichidden-898\" class=\"wpcf7-form-control wpcf7-hidden wpcf7dtx wpcf7dtx-hidden\" aria-invalid=\"false\" value=\"https:\/\/finewoodencreations.com\/pl\/wp-json\/wp\/v2\/product\/33609\"><\/span><div class=\"wpcf7-response-output\" aria-hidden=\"true\"><\/div>\n<\/form>\n<\/div>\n\r\n","protected":false},"excerpt":{"rendered":"<p>&#8220;Bridge&#8221; &#8211; wyj\u0105tkowy stolik kawowy na solidnych metalowych nogach w stylu industrialnym.<\/p>\n","protected":false},"featured_media":28851,"template":"","meta":{"footnotes":""},"product_brand":[],"product_cat":[502],"product_tag":[652],"class_list":{"0":"post-33609","1":"product","2":"type-product","3":"status-publish","4":"has-post-thumbnail","6":"product_cat-stoliki-kawowe","7":"product_tag-ok-pl","8":"tm-has-options","10":"first","11":"instock","12":"taxable","13":"shipping-taxable","14":"purchasable","15":"product-type-simple"},"bundled_by":[],"bundle_stock_status":"instock","bundle_stock_quantity":null,"bundle_virtual":false,"bundle_layout":"","bundle_add_to_cart_form_location":"","bundle_editable_in_cart":false,"bundle_sold_individually_context":"","bundle_item_grouping":"","bundle_min_size":"","bundle_max_size":"","bundle_price":[],"bundled_items":[],"bundle_sell_ids":[],"_links":{"self":[{"href":"https:\/\/finewoodencreations.com\/pl\/wp-json\/wp\/v2\/product\/33609","targetHints":{"allow":["GET"]}}],"collection":[{"href":"https:\/\/finewoodencreations.com\/pl\/wp-json\/wp\/v2\/product"}],"about":[{"href":"https:\/\/finewoodencreations.com\/pl\/wp-json\/wp\/v2\/types\/product"}],"version-history":[{"count":2,"href":"https:\/\/finewoodencreations.com\/pl\/wp-json\/wp\/v2\/product\/33609\/revisions"}],"predecessor-version":[{"id":33610,"href":"https:\/\/finewoodencreations.com\/pl\/wp-json\/wp\/v2\/product\/33609\/revisions\/33610"}],"wp:featuredmedia":[{"embeddable":true,"href":"https:\/\/finewoodencreations.com\/pl\/wp-json\/wp\/v2\/media\/28851"}],"wp:attachment":[{"href":"https:\/\/finewoodencreations.com\/pl\/wp-json\/wp\/v2\/media?parent=33609"}],"wp:term":[{"taxonomy":"product_brand","embeddable":true,"href":"https:\/\/finewoodencreations.com\/pl\/wp-json\/wp\/v2\/product_brand?post=33609"},{"taxonomy":"product_cat","embeddable":true,"href":"https:\/\/finewoodencreations.com\/pl\/wp-json\/wp\/v2\/product_cat?post=33609"},{"taxonomy":"product_tag","embeddable":true,"href":"https:\/\/finewoodencreations.com\/pl\/wp-json\/wp\/v2\/product_tag?post=33609"}],"curies":[{"name":"wp","href":"https:\/\/api.w.org\/{rel}","templated":true}]}}