{"id":33363,"date":"2021-11-02T17:41:06","date_gmt":"2021-11-02T17:41:06","guid":{"rendered":"https:\/\/finewoodencreations.com\/?post_type=product&#038;p=33363"},"modified":"2025-01-08T08:20:32","modified_gmt":"2025-01-08T08:20:32","slug":"finer-medium-zywica-epoksydowa-do-stolow-2-6kg","status":"publish","type":"product","link":"https:\/\/finewoodencreations.com\/pl\/shop\/zywica-epoksydowa\/finer-medium-zywica-epoksydowa-do-stolow-2-6kg\/","title":{"rendered":"FineR MEDIUM \u017cywica epoksydowa do g\u0142\u0119bokich odlew\u00f3w 2,6kg"},"content":{"rendered":"<p><b>&#8220;FineR MEDIUM&#8221; to wysokiej jako\u015bci \u017cywica epoksydowa<\/b> do bardzo przejrzystych odlew\u00f3w. Umo\u017cliwia wylewanie du\u017cych odlew\u00f3w i dzi\u0119ki doskona\u0142emu uwalnianiu p\u0119cherzyk\u00f3w powietrza,<b> bardzo g\u0142adkiemu\u00a0utwardzaniu i krystalicznie czystej <\/b>przezroczysto\u015bci jest doskona\u0142a\u00a0\u017cywica do odlewania epoksydowych\u00a0<b>sto\u0142\u00f3w\u00a0typu &#8220;river table&#8221;<\/b> i g\u0142\u0119bokiego zalewania przedmiot\u00f3w.<\/p>\n<p>\u017bywica epoksydowa do odlewania jest idealna do zalewania wi\u0119kszych przedmiot\u00f3w takich jak figurki, kamienie, kruche przedmioty. \u017bywica ta mo\u017cne by\u0107 z powodzeniem stosowana do odlewania grubych warstw na blaty, blaty kuchenne, odlewania du\u017cych osobowo\u015bciowo obiekt\u00f3w.Ze wzgl\u0119du na powolne utwardzanie i d\u0142ugi czas pracy, wszelkie p\u0119cherzyki maja mo\u017cliwo\u015b\u0107 uwolnienia si\u0119. Dzi\u0119ki temu masz r\u00f3wnie\u017c czas na wprowadzenie zmian w projekcie w razie potrzeby.<\/p>\n<p>&nbsp;<\/p>\n<h5>Barwniki, \u015bwiec\u0105cy\u00a0proszek, pigmenty per\u0142owe i metaliczne, tusze<\/h5>\n<p>Nasza \u017cywica epoksydowa <strong>&#8220;FineR MEDIUM &#8221; do odlewania<\/strong> mo\u017cne by\u0107 \u0142atwo mieszana z wieloma ro\u017cnymi rodzajami pigment\u00f3w, barwnik\u00f3w, farb lub proszk\u00f3w. Mo\u017cesz miesza\u0107 kolory, aby uzyska\u0107 potrzebne barwy i odcienie. \u015awiec\u0105cy w ciemno\u015bci proszek mo\u017cne by\u0107 oczywi\u015bcie dodany dla uzyskania unikatowych efekt\u00f3w. Zazwyczaj dla uzyskania najlepszego efektu \u015bwiecenia w nocy nale\u017cny u\u017cy\u0107 od 5% do 50% proszku.<\/p>\n<p>Mo\u017cesz uzyska\u0107 wspaniale kolorowe efekty z o\u015bwietleniem z system\u00f3w LED &#8211; mo\u017cesz sprawdzi\u0107 nasze projekty stworzone z \u017cywicy <strong>&#8220;FineR MEDIUM &#8220;<\/strong> i o\u015bwietlenia LED.<\/p>\n<p>&nbsp;<\/p>\n<h5>Zalety \u017cywicy epoksydowej do g\u0142\u0119bokich odlew\u00f3w &#8220;FineR MEDIUM &#8220;:<\/h5>\n<ul>\n<li>Stosunek mieszania: <strong>100 (\u017cywica) :30 (utwardzacz)<\/strong><\/li>\n<li><strong>Utwardzacz w zestawie<\/strong><\/li>\n<li>Mo\u017cliwo\u015b\u0107 wykonywania g\u0142\u0119bokich odlew\u00f3w o grubo\u015bci do<strong> 5 cm na warstw\u0119 w 18C<\/strong><\/li>\n<li>Bardzo przejrzysty wynik ko\u0144cowy<\/li>\n<li>Niezwykle klarowne odlewy<\/li>\n<li>D\u0142ugi czas przetwarzania<\/li>\n<li>Bardzo dobra impregnacja dzi\u0119ki niskiej lepko\u015bci<\/li>\n<li>Nie niszczy dolnych warstw farby<\/li>\n<li>Bardzo dobra odporno\u015b\u0107 na promieniowanie UV. Mo\u017ce by\u0107 jeszcze bardziej chroniona dzi\u0119ki dodatkowej stabilizacji UV<\/li>\n<li>Do u\u017cycia na zewn\u0105trz bez efektu &#8220;\u017c\u00f3\u0142kni\u0119cia&#8221; z naszym stabilizatorem UV<\/li>\n<li>Pigmenty\/proszek\/tusze mog\u0105 by\u0107 \u0142atwo dodawane w celu uzyskania unikatowych efekt\u00f3w<\/li>\n<li>Mo\u017cna wyla\u0107 kilka warstw na siebie<\/li>\n<li>G\u0142adka, szklista powierzchnia<\/li>\n<li>Bardzo niska emisja ciep\u0142a<\/li>\n<li>Brak \/ ledwo wyczuwalny zapach. Neutralny zapach<\/li>\n<\/ul>\n<p>&nbsp;<\/p>\n<p>Przezroczysta \u017cywica epoksydowa do g\u0142\u0119bokich odlew\u00f3w jest idealna do nast\u0119puj\u0105cych zastosowa\u0144:<\/p>\n<ul>\n<li>Du\u017ce i g\u0142\u0119bokie obszary zalewania, takie jak sto\u0142y &#8220;river tables&#8221;, zalewanie przedmiot\u00f3w, formy<\/li>\n<li>Pow\u0142oka powierzchniowa do sto\u0142\u00f3w, pod\u0142\u00f3g, drewna, betonu<\/li>\n<li>Idealna do &#8220;resin art&#8221; &#8211; sztuki z u\u017cyciem \u017cywicy<\/li>\n<li>Prace typu &#8220;zr\u00f3b to sam&#8221; &#8211; DIY<\/li>\n<li>Naprawa \u0142odzi<\/li>\n<li>Do stosowania z w\u0142\u00f3knem szklanym, w\u0142\u00f3knem w\u0119glowym<\/li>\n<\/ul>\n<p>&nbsp;<\/p>\n<h5><strong>Informacje techniczne\u00a0<\/strong><\/h5>\n<p>Ka\u017cdy zestaw \u017cywicy epoksydowej<strong> &#8220;FineR MEDIUM &#8220;<\/strong> sk\u0142ada si\u0119 z <strong>2 komponent\u00f3w: \u017cywicy i utwardzacza.<\/strong><\/p>\n<ul>\n<li><strong>Proporcja mieszania:<\/strong> <span style=\"color: #ff0000\"><strong>100 (\u017cywica): 30 (utwardzacz)<\/strong><\/span> wymieszanych wagowo<\/li>\n<li><b>Maksymalna grubo\u015b\u0107\u00a0warstwy:<\/b> <span style=\"color: #ff0000\"><strong>5 cm.<\/strong><\/span> D\u0142ugi proces utwardzania pozwala na odlewanie grubych warstw do 5 cm.<\/li>\n<li><strong>Minimalna temperatura obr\u00f3bki:<\/strong> 13 stopni Celsjusza. Im ni\u017csza temperatura procesu, tym d\u0142u\u017cszy czas utwardzania.<\/li>\n<li><strong>Czas obr\u00f3bki (pot life):<\/strong> ok. 30 godzin.<\/li>\n<li><strong>Sucha powierzchniowo:<\/strong> ok. 24-48 godzinach<\/li>\n<li><strong>Pe\u0142ne utwardzenie po:<\/strong> <strong>ok 5 dniach<\/strong><\/li>\n<li><b>Termin przydatno\u015bci\u00a0do u\u017cycia:<\/b> Co najmniej 12 miesi\u0119cy w zamkni\u0119tych pojemnikach w temperaturze otoczenia<\/li>\n<\/ul>\n<p>&nbsp;<\/p>\n\n\t\t\t<style type='text\/css'>\n\t\t\t\t#sc_gallery-1 {\n\t\t\t\t\tmargin: auto;\n\t\t\t\t}\n\t\t\t\t#sc_gallery-1 .gallery-item {\n\t\t\t\t\tfloat: left;\n\t\t\t\t\ttext-align: center;\n\t\t\t\t\twidth: 24.99%;\n\t\t\t\t}\n\t\t\t\t#sc_gallery-1 img {\n\t\t\t\t\tborder: 2px solid #cfcfcf;\n\t\t\t\t}\n\t\t\t\t\/* see sc_gallery() in functions\/theme-shortcodes.php *\/\n\t\t\t<\/style>\n\t\t<div id='sc_gallery-1' class='gallery galleryid-33363 gallery-columns-4 gallery-size-full file element_classes masonry'><dl class='gallery-item'  data-title='finer MEDIUM 2,6kg_1' data-description=''><div class='gallery-item-wrapper'>\n\t\t\t\t<dt class='gallery-icon landscape'>\n\t\t\t\t\t<a href='https:\/\/finewoodencreations.com\/wp-content\/uploads\/2021\/11\/finer-MEDIUM-26kg_1.jpg'><img loading=\"lazy\" decoding=\"async\" width=\"1024\" height=\"776\" src=\"https:\/\/finewoodencreations.com\/wp-content\/uploads\/2021\/11\/finer-MEDIUM-26kg_1.jpg\" class=\"attachment-full size-full\" alt=\"\" srcset=\"https:\/\/finewoodencreations.com\/wp-content\/uploads\/2021\/11\/finer-MEDIUM-26kg_1.jpg 1024w, https:\/\/finewoodencreations.com\/wp-content\/uploads\/2021\/11\/finer-MEDIUM-26kg_1-600x455.jpg 600w, https:\/\/finewoodencreations.com\/wp-content\/uploads\/2021\/11\/finer-MEDIUM-26kg_1-400x303.jpg 400w, https:\/\/finewoodencreations.com\/wp-content\/uploads\/2021\/11\/finer-MEDIUM-26kg_1-768x582.jpg 768w, https:\/\/finewoodencreations.com\/wp-content\/uploads\/2021\/11\/finer-MEDIUM-26kg_1-193x146.jpg 193w, https:\/\/finewoodencreations.com\/wp-content\/uploads\/2021\/11\/finer-MEDIUM-26kg_1-50x38.jpg 50w, https:\/\/finewoodencreations.com\/wp-content\/uploads\/2021\/11\/finer-MEDIUM-26kg_1-99x75.jpg 99w, https:\/\/finewoodencreations.com\/wp-content\/uploads\/2021\/11\/finer-MEDIUM-26kg_1-800x606.jpg 800w, https:\/\/finewoodencreations.com\/wp-content\/uploads\/2021\/11\/finer-MEDIUM-26kg_1-79x60.jpg 79w, https:\/\/finewoodencreations.com\/wp-content\/uploads\/2021\/11\/finer-MEDIUM-26kg_1-119x90.jpg 119w\" sizes=\"auto, (max-width:767px) 480px, (max-width:1024px) 100vw, 1024px\" \/><\/a>\n\t\t\t\t<\/dt><\/div><\/dl><dl class='gallery-item'  data-title='deep_purple_08_waterm' data-description=''><div class='gallery-item-wrapper'>\n\t\t\t\t<dt class='gallery-icon landscape'>\n\t\t\t\t\t<a href='https:\/\/finewoodencreations.com\/wp-content\/uploads\/2020\/04\/deep_purple_08_waterm-3.jpg'><img loading=\"lazy\" decoding=\"async\" width=\"1024\" height=\"768\" src=\"https:\/\/finewoodencreations.com\/wp-content\/uploads\/2020\/04\/deep_purple_08_waterm-3.jpg\" class=\"attachment-full size-full\" alt=\"\" srcset=\"https:\/\/finewoodencreations.com\/wp-content\/uploads\/2020\/04\/deep_purple_08_waterm-3.jpg 1024w, https:\/\/finewoodencreations.com\/wp-content\/uploads\/2020\/04\/deep_purple_08_waterm-3-600x450.jpg 600w, https:\/\/finewoodencreations.com\/wp-content\/uploads\/2020\/04\/deep_purple_08_waterm-3-400x300.jpg 400w, https:\/\/finewoodencreations.com\/wp-content\/uploads\/2020\/04\/deep_purple_08_waterm-3-768x576.jpg 768w, https:\/\/finewoodencreations.com\/wp-content\/uploads\/2020\/04\/deep_purple_08_waterm-3-195x146.jpg 195w, https:\/\/finewoodencreations.com\/wp-content\/uploads\/2020\/04\/deep_purple_08_waterm-3-50x38.jpg 50w, https:\/\/finewoodencreations.com\/wp-content\/uploads\/2020\/04\/deep_purple_08_waterm-3-100x75.jpg 100w, https:\/\/finewoodencreations.com\/wp-content\/uploads\/2020\/04\/deep_purple_08_waterm-3-800x600.jpg 800w\" sizes=\"auto, (max-width:767px) 480px, (max-width:1024px) 100vw, 1024px\" \/><\/a>\n\t\t\t\t<\/dt><\/div><\/dl><dl class='gallery-item'  data-title='orla_cien_09' data-description=''><div class='gallery-item-wrapper'>\n\t\t\t\t<dt class='gallery-icon landscape'>\n\t\t\t\t\t<a href='https:\/\/finewoodencreations.com\/wp-content\/uploads\/2020\/04\/orla_cien_09-2.jpg'><img loading=\"lazy\" decoding=\"async\" width=\"1024\" height=\"768\" src=\"https:\/\/finewoodencreations.com\/wp-content\/uploads\/2020\/04\/orla_cien_09-2.jpg\" class=\"attachment-full size-full\" alt=\"\" srcset=\"https:\/\/finewoodencreations.com\/wp-content\/uploads\/2020\/04\/orla_cien_09-2.jpg 1024w, https:\/\/finewoodencreations.com\/wp-content\/uploads\/2020\/04\/orla_cien_09-2-600x450.jpg 600w, https:\/\/finewoodencreations.com\/wp-content\/uploads\/2020\/04\/orla_cien_09-2-400x300.jpg 400w, https:\/\/finewoodencreations.com\/wp-content\/uploads\/2020\/04\/orla_cien_09-2-768x576.jpg 768w, https:\/\/finewoodencreations.com\/wp-content\/uploads\/2020\/04\/orla_cien_09-2-195x146.jpg 195w, https:\/\/finewoodencreations.com\/wp-content\/uploads\/2020\/04\/orla_cien_09-2-50x38.jpg 50w, https:\/\/finewoodencreations.com\/wp-content\/uploads\/2020\/04\/orla_cien_09-2-100x75.jpg 100w, https:\/\/finewoodencreations.com\/wp-content\/uploads\/2020\/04\/orla_cien_09-2-800x600.jpg 800w\" sizes=\"auto, (max-width:767px) 480px, (max-width:1024px) 100vw, 1024px\" \/><\/a>\n\t\t\t\t<\/dt><\/div><\/dl><dl class='gallery-item'  data-title='P1099564' data-description=''><div class='gallery-item-wrapper'>\n\t\t\t\t<dt class='gallery-icon landscape'>\n\t\t\t\t\t<a href='https:\/\/finewoodencreations.com\/wp-content\/uploads\/2020\/04\/P1099564-3.jpg'><img loading=\"lazy\" decoding=\"async\" width=\"1024\" height=\"768\" src=\"https:\/\/finewoodencreations.com\/wp-content\/uploads\/2020\/04\/P1099564-3.jpg\" class=\"attachment-full size-full\" alt=\"\" srcset=\"https:\/\/finewoodencreations.com\/wp-content\/uploads\/2020\/04\/P1099564-3.jpg 1024w, https:\/\/finewoodencreations.com\/wp-content\/uploads\/2020\/04\/P1099564-3-600x450.jpg 600w, https:\/\/finewoodencreations.com\/wp-content\/uploads\/2020\/04\/P1099564-3-400x300.jpg 400w, https:\/\/finewoodencreations.com\/wp-content\/uploads\/2020\/04\/P1099564-3-768x576.jpg 768w, https:\/\/finewoodencreations.com\/wp-content\/uploads\/2020\/04\/P1099564-3-195x146.jpg 195w, https:\/\/finewoodencreations.com\/wp-content\/uploads\/2020\/04\/P1099564-3-50x38.jpg 50w, https:\/\/finewoodencreations.com\/wp-content\/uploads\/2020\/04\/P1099564-3-100x75.jpg 100w, https:\/\/finewoodencreations.com\/wp-content\/uploads\/2020\/04\/P1099564-3-800x600.jpg 800w\" sizes=\"auto, (max-width:767px) 480px, (max-width:1024px) 100vw, 1024px\" \/><\/a>\n\t\t\t\t<\/dt><\/div><\/dl><br style=\"clear: both\" \/>\n\t\t\t<\/div>\n\n<p>&nbsp;<\/p>\n<p>&nbsp;<\/p>\n<h5>Pliki do pobrania<\/h5>\n<a class=\"button  button_left button_size_2\" href=\"https:\/\/finewoodencreations.com\/wp-content\/uploads\/2021\/11\/FineR_Medium_Resin_SDS_EN.pdf\"     style=\"background-color:#f7f7f7!important;color:#000000;\" target=\"_blank\"    title=\"\"><span class=\"button_icon\"><i class=\"icon-acrobat\"  style=\"color:#000000!important;\" aria-hidden=\"true\"><\/i><\/span><span class=\"button_label\"><strong>FineR_Medium_Resin_SDS_EN.pdf<\/strong><\/span><\/a>\n\n<p>&nbsp;<\/p>\n<a class=\"button  button_left button_size_2\" href=\"https:\/\/finewoodencreations.com\/wp-content\/uploads\/2021\/11\/FineR_Medium_Hardener_SDS_EN.pdf\"     style=\"background-color:#f7f7f7!important;color:#000000;\" target=\"_blank\"    title=\"\"><span class=\"button_icon\"><i class=\"icon-acrobat\"  style=\"color:#000000!important;\" aria-hidden=\"true\"><\/i><\/span><span class=\"button_label\"><strong>FineR_Medium_Hardener_SDS_EN.pdf<\/strong><\/span><\/a>\n\n<p>&nbsp;<\/p>\n<p>Potrzebujesz wi\u0119kszych ilo\u015bci \u017cywicy epoksydowej &#8211; prosimy o kontakt z nami: \u00a0<a href=\"mailto:info@finewoodencreations.com\"><strong>info@finewoodencreations.com<\/strong><\/a><\/p>\n","protected":false},"excerpt":{"rendered":"<p>Chcesz zrobi\u0107 w\u0142asny st\u00f3\u0142 z \u017cywicy epoksydowej lub zala\u0107 du\u017ce przedmioty do <strong>5 cm<\/strong> na raz?<\/p>\n<p>Mo\u017cesz u\u017cy\u0107 \u017cywicy epoksydowej<strong> &#8220;FineR MEDIUM &#8221; do g\u0142\u0119bokich odlew\u00f3w.<\/strong><\/p>\n<h6><strong><span style=\"color: #ff9900\"><i class=\"icon-truck-line\" style=\"\" aria-hidden=\"true\"><\/i><\/span> Dostawa z naszego magazynu!<\/strong><\/h6>\n<h6><strong><span style=\"color: #ff9900\"><i class=\"icon-credit-card\" style=\"\" aria-hidden=\"true\"><\/i><\/span> MasterCard, VISA, PayPal, Google Pay, Apple Pay, przelew<\/strong><\/h6>\n<h6><strong><span style=\"color: #ff9900\"><i class=\"icon-clock\" style=\"\" aria-hidden=\"true\"><\/i><\/span> Szybka dostawa &#8211; nawet tego samego dnia!<\/strong><\/h6>\n<h6><strong><span style=\"color: #ff9900\"><i class=\"icon-lock\" style=\"\" aria-hidden=\"true\"><\/i><\/span> Bezpieczna p\u0142atno\u015b\u0107<\/strong><\/h6>\n","protected":false},"featured_media":33399,"template":"","meta":{"footnotes":""},"product_brand":[],"product_cat":[337],"product_tag":[],"class_list":{"0":"post-33363","1":"product","2":"type-product","3":"status-publish","4":"has-post-thumbnail","6":"product_cat-zywica-epoksydowa","7":"pa_amount-2kg-zywicy-0-8kg-utwardzacza","8":"tm-has-options","10":"first","11":"instock","12":"sale","13":"taxable","14":"shipping-taxable","15":"purchasable","16":"product-type-simple"},"bundled_by":["26042","25929","26048","25781","25788","38009","38010"],"bundle_stock_status":"instock","bundle_stock_quantity":null,"bundle_virtual":false,"bundle_layout":"","bundle_add_to_cart_form_location":"","bundle_editable_in_cart":false,"bundle_sold_individually_context":"","bundle_item_grouping":"","bundle_min_size":"","bundle_max_size":"","bundle_price":[],"bundled_items":[],"bundle_sell_ids":[],"_links":{"self":[{"href":"https:\/\/finewoodencreations.com\/pl\/wp-json\/wp\/v2\/product\/33363","targetHints":{"allow":["GET"]}}],"collection":[{"href":"https:\/\/finewoodencreations.com\/pl\/wp-json\/wp\/v2\/product"}],"about":[{"href":"https:\/\/finewoodencreations.com\/pl\/wp-json\/wp\/v2\/types\/product"}],"version-history":[{"count":6,"href":"https:\/\/finewoodencreations.com\/pl\/wp-json\/wp\/v2\/product\/33363\/revisions"}],"predecessor-version":[{"id":49047,"href":"https:\/\/finewoodencreations.com\/pl\/wp-json\/wp\/v2\/product\/33363\/revisions\/49047"}],"wp:featuredmedia":[{"embeddable":true,"href":"https:\/\/finewoodencreations.com\/pl\/wp-json\/wp\/v2\/media\/33399"}],"wp:attachment":[{"href":"https:\/\/finewoodencreations.com\/pl\/wp-json\/wp\/v2\/media?parent=33363"}],"wp:term":[{"taxonomy":"product_brand","embeddable":true,"href":"https:\/\/finewoodencreations.com\/pl\/wp-json\/wp\/v2\/product_brand?post=33363"},{"taxonomy":"product_cat","embeddable":true,"href":"https:\/\/finewoodencreations.com\/pl\/wp-json\/wp\/v2\/product_cat?post=33363"},{"taxonomy":"product_tag","embeddable":true,"href":"https:\/\/finewoodencreations.com\/pl\/wp-json\/wp\/v2\/product_tag?post=33363"}],"curies":[{"name":"wp","href":"https:\/\/api.w.org\/{rel}","templated":true}]}}