{"id":24143,"date":"2021-05-11T21:36:14","date_gmt":"2021-05-11T21:36:14","guid":{"rendered":"https:\/\/finewoodencreations.com\/?post_type=product&#038;p=24143"},"modified":"2024-12-07T00:18:13","modified_gmt":"2024-12-07T00:18:13","slug":"krazek-scierny-3m-cubitron-ii-hookit-775l-150mm-p180-opakowanie-10-szt","status":"publish","type":"product","link":"https:\/\/finewoodencreations.com\/pl\/shop\/materialy-scierne\/krazek-scierny-3m-cubitron-ii-hookit-775l-150mm-p180-opakowanie-10-szt\/","title":{"rendered":"Kr\u0105\u017cek \u015bcierny 3M Cubitron II Hookit 775L 150mm P180+, opakowanie 10 szt"},"content":{"rendered":"<p><strong>Kr\u0105\u017cki \u015bcierne na folii 3M Cubitron II Hookit 775L<\/strong> Clean Sanding Film Discs na rzep do szlifowania oscylacyjnego zawieraj\u0105 nasyp z precyzyjnie kszta\u0142towanego ziarna ceramicznego 3M. To rewolucyjny prze\u0142om w dziedzinie technologii materia\u0142\u00f3w \u015bciernych. Minera\u0142 \u015bcierny kr\u0105\u017ck\u00f3w 3M Cubitron II 775L zosta\u0142 uformowany w ma\u0142e tr\u00f3jk\u0105ty, kt\u00f3re przecinaj\u0105 materia\u0142 (dyski konwencjonalne tylko go \u017c\u0142obi\u0105), co w efekcie daje do dw\u00f3ch razy wi\u0119ksz\u0105 szybko\u015b\u0107 i a\u017c do 6 razy wi\u0119ksz\u0105 trwa\u0142o\u015b\u0107 ni\u017c konwencjonalne dyski.<\/p>\r\n<ul>\r\n<li>Rewolucyjna technologia precyzyjnie kszta\u0142towanego ziarna 3M zapewnia szybkie skrawanie i d\u0142ug\u0105 \u017cywotno\u015b\u0107 dysku<\/li>\r\n<li>Zapewnia do dw\u00f3ch razy szybsz\u0105 obr\u00f3bk\u0119 ni\u017c konwencjonalne materia\u0142y \u015bcierne<\/li>\r\n<li>Do czterech razy d\u0142u\u017csza \u017cywotno\u015b\u0107 w por\u00f3wnaniu z konwencjonalnymi materia\u0142ami \u015bciernymi<\/li>\r\n<li>Odpowiedni do r\u00f3\u017cnego rodzaju powierzchni i zastosowa\u0144, zw\u0142aszcza w zakresie skrawania materia\u0142u<\/li>\r\n<li>Mocowanie na rzep zapewnia \u0142atw\u0105 i szybk\u0105 wymian\u0119 dysku<\/li>\r\n<\/ul>\r\n<p><div class=\"before_after twentytwenty-container\" data-before=\"Przed\" data-after=\"Po\"><img loading=\"lazy\" decoding=\"async\" width=\"1024\" height=\"559\" src=\"https:\/\/finewoodencreations.com\/wp-content\/uploads\/2021\/05\/1_zwykly-krazek_1-1.jpg\" class=\"attachment-full size-full\" alt=\"\" srcset=\"https:\/\/finewoodencreations.com\/wp-content\/uploads\/2021\/05\/1_zwykly-krazek_1-1.jpg 1024w, https:\/\/finewoodencreations.com\/wp-content\/uploads\/2021\/05\/1_zwykly-krazek_1-1-600x328.jpg 600w, https:\/\/finewoodencreations.com\/wp-content\/uploads\/2021\/05\/1_zwykly-krazek_1-1-400x218.jpg 400w, https:\/\/finewoodencreations.com\/wp-content\/uploads\/2021\/05\/1_zwykly-krazek_1-1-768x419.jpg 768w, https:\/\/finewoodencreations.com\/wp-content\/uploads\/2021\/05\/1_zwykly-krazek_1-1-260x142.jpg 260w, https:\/\/finewoodencreations.com\/wp-content\/uploads\/2021\/05\/1_zwykly-krazek_1-1-50x27.jpg 50w, https:\/\/finewoodencreations.com\/wp-content\/uploads\/2021\/05\/1_zwykly-krazek_1-1-137x75.jpg 137w, https:\/\/finewoodencreations.com\/wp-content\/uploads\/2021\/05\/1_zwykly-krazek_1-1-800x437.jpg 800w, https:\/\/finewoodencreations.com\/wp-content\/uploads\/2021\/05\/1_zwykly-krazek_1-1-110x60.jpg 110w, https:\/\/finewoodencreations.com\/wp-content\/uploads\/2021\/05\/1_zwykly-krazek_1-1-165x90.jpg 165w\" sizes=\"auto, (max-width:767px) 480px, (max-width:1024px) 100vw, 1024px\" \/><img loading=\"lazy\" decoding=\"async\" width=\"1024\" height=\"559\" src=\"https:\/\/finewoodencreations.com\/wp-content\/uploads\/2021\/05\/2_cubitron-II_1-1.jpg\" class=\"attachment-full size-full\" alt=\"\" srcset=\"https:\/\/finewoodencreations.com\/wp-content\/uploads\/2021\/05\/2_cubitron-II_1-1.jpg 1024w, https:\/\/finewoodencreations.com\/wp-content\/uploads\/2021\/05\/2_cubitron-II_1-1-600x328.jpg 600w, https:\/\/finewoodencreations.com\/wp-content\/uploads\/2021\/05\/2_cubitron-II_1-1-400x218.jpg 400w, https:\/\/finewoodencreations.com\/wp-content\/uploads\/2021\/05\/2_cubitron-II_1-1-768x419.jpg 768w, https:\/\/finewoodencreations.com\/wp-content\/uploads\/2021\/05\/2_cubitron-II_1-1-260x142.jpg 260w, https:\/\/finewoodencreations.com\/wp-content\/uploads\/2021\/05\/2_cubitron-II_1-1-50x27.jpg 50w, https:\/\/finewoodencreations.com\/wp-content\/uploads\/2021\/05\/2_cubitron-II_1-1-137x75.jpg 137w, https:\/\/finewoodencreations.com\/wp-content\/uploads\/2021\/05\/2_cubitron-II_1-1-800x437.jpg 800w, https:\/\/finewoodencreations.com\/wp-content\/uploads\/2021\/05\/2_cubitron-II_1-1-110x60.jpg 110w, https:\/\/finewoodencreations.com\/wp-content\/uploads\/2021\/05\/2_cubitron-II_1-1-165x90.jpg 165w\" sizes=\"auto, (max-width:767px) 480px, (max-width:1024px) 100vw, 1024px\" \/><\/div>\n<br \/>Por\u00f3wnanie ziaren na zwyk\u0142ym kr\u0105\u017cku oraz na Cubitron II<\/p>\r\n<p>Dysk \u015bcierny <strong>3M Cubitron II Hookit 775L<\/strong> ma szeroki zakres zastosowa\u0144, w szczeg\u00f3lno\u015bci daje bardzo dobre efekty podczas skrawania metali, kompozyt\u00f3w, \u017celkotu i drewno jasnego. Zwarta struktura podk\u0142adu zapewnia wysok\u0105 odporno\u015b\u0107 na zu\u017cycie (w przeciwie\u0144stwie do dysk\u00f3w zawieraj\u0105cych podk\u0142ad z papieru), co dodatkowo zwi\u0119ksza wytrzyma\u0142o\u015b\u0107 i zabezpiecza kraw\u0119dzie dysku. W celu uzyskania najlepszych rezultat\u00f3w, zaleca si\u0119 u\u017cywanie dysku z pneumatyczn\u0105 szlifierk\u0105 oscylacyjn\u0105 3M.<\/p>\r\n<p><b>Zalety:<\/b><\/p>\r\n<ul>\r\n<li><strong>Doskona\u0142e odprowadzenie py\u0142u dzi\u0119ki konstrukcji Multihole<\/strong><\/li>\r\n<li><strong>Wysoka wydajno\u015b\u0107 podczas szlifowania<\/strong><\/li>\r\n<li><strong>Nie wymaga osiowania kr\u0105\u017ck\u00f3w \u015bciernych z otworami podk\u0142adki<\/strong><\/li>\r\n<li><strong>Ma\u0142e, precyzyjnie wyci\u0119te otwory nie nara\u017caj\u0105 dysku na zniszczenie<\/strong><\/li>\r\n<\/ul>\r\n<p><b>Zastosowanie:<\/b><\/p>\r\n<ul>\r\n<li>Usuwanie defekt\u00f3w, wyka\u0144czanie, przygotowanie metalu przed malowaniem &#8211; \u017cywica, stal, drewno<\/li>\r\n<li>Szlifowanie pow\u0142ok szpachlowych<\/li>\r\n<li>Materia\u0142y: Aluminium, stal, w\u0142\u00f3kno szklane, kompozyty, drewno, twarde powierzchnie, lakiery i pow\u0142oki szpachlowe<\/li>\r\n<\/ul>\r\n<p><img loading=\"lazy\" decoding=\"async\" class=\"wp-image-24121 size-full aligncenter\" src=\"https:\/\/finewoodencreations.com\/wp-content\/uploads\/2021\/05\/Cubitron-ziarno.jpg\" alt=\"\" width=\"1103\" height=\"298\" srcset=\"https:\/\/finewoodencreations.com\/wp-content\/uploads\/2021\/05\/Cubitron-ziarno.jpg 1103w, https:\/\/finewoodencreations.com\/wp-content\/uploads\/2021\/05\/Cubitron-ziarno-600x162.jpg 600w, https:\/\/finewoodencreations.com\/wp-content\/uploads\/2021\/05\/Cubitron-ziarno-400x108.jpg 400w, https:\/\/finewoodencreations.com\/wp-content\/uploads\/2021\/05\/Cubitron-ziarno-1024x277.jpg 1024w, https:\/\/finewoodencreations.com\/wp-content\/uploads\/2021\/05\/Cubitron-ziarno-768x207.jpg 768w, https:\/\/finewoodencreations.com\/wp-content\/uploads\/2021\/05\/Cubitron-ziarno-260x70.jpg 260w, https:\/\/finewoodencreations.com\/wp-content\/uploads\/2021\/05\/Cubitron-ziarno-50x14.jpg 50w, https:\/\/finewoodencreations.com\/wp-content\/uploads\/2021\/05\/Cubitron-ziarno-150x41.jpg 150w, https:\/\/finewoodencreations.com\/wp-content\/uploads\/2021\/05\/Cubitron-ziarno-800x216.jpg 800w, https:\/\/finewoodencreations.com\/wp-content\/uploads\/2021\/05\/Cubitron-ziarno-190x51.jpg 190w, https:\/\/finewoodencreations.com\/wp-content\/uploads\/2021\/05\/Cubitron-ziarno-333x90.jpg 333w\" sizes=\"auto, (max-width:767px) 480px, (max-width:1103px) 100vw, 1103px\" \/><\/p>\r\n<p><b>Dane techniczne:<\/b><\/p>\r\n<ul>\r\n<li>Minera\u0142: Cubitron\u2122 II precyzyjnie kszta\u0142towane ziarno ceramiczne<\/li>\r\n<li>Podk\u0142ad: Folia poliestrowa<\/li>\r\n<li>Ilo\u015b\u0107 otwor\u00f3w: Wielootworowy<\/li>\r\n<li>\u015arednica: 150mm<\/li>\r\n<\/ul>\r\n<p><b>Dost\u0119pne gradacje:<\/b><\/p>\r\n<ul>\r\n<li>3M 31371 &#8211; P80+<\/li>\r\n<li>3M 31372 &#8211; P120+<\/li>\r\n<li>3M 31373 &#8211; P150+<\/li>\r\n<li>3M 31374 &#8211; P180+<\/li>\r\n<li>3M 31481 &#8211; P220+<\/li>\r\n<li>3M 31482 &#8211; P240+<\/li>\r\n<li>3M 31483 &#8211; P320+<\/li>\r\n<li>3M 31484 &#8211; P400+<\/li>\r\n<\/ul>\r\n<p>Unikalne gradacje 3M \u201e+\u201d w rewolucyjnych produktach Do tej pory, w miar\u0119 rozwoju technologii minera\u0142\u00f3w, stworzono r\u00f3\u017cnorodne systemy gradacji \u2013 r\u00f3wnie\u017c dla materia\u0142\u00f3w \u015bciernych Cubitron\u2122 II.<br \/>Ziarna w kszta\u0142cie tr\u00f3jk\u0105ta nie mieszcz\u0105 si\u0119 w tradycyjnej klasyfikacji ziarnisto\u015bci. Precyzyjnie ukszta\u0142towane ziarna s\u0105 wi\u0119ksze, lepsze, szybciej skrawaj\u0105ce i trwalsze ni\u017c ziarna wyst\u0119puj\u0105ce w klasyfikacji FEPA.<br \/>Cechy te zawdzi\u0119czaj\u0105 czystemu skrawaniu, kt\u00f3re zapewniaj\u0105 ostre minera\u0142y tn\u0105ce metal. Mo\u017cesz by\u0107 pewny, \u017ce 3M spe\u0142ni Twoje wymagania i znacznie skr\u00f3ci czas wykonywania prac szlifierskich.<\/p>\r\n<p>Zapraszamy do testu kana\u0142u Dom i Drewno na youtube:<\/p>\r\n<p><iframe loading=\"lazy\" title=\"654. Kr\u0105\u017cki \u015bcierne do szlifowania - 3M\u2122 Cubitron\u2122 II 775L Hookit\u2122\" width=\"1220\" height=\"686\" src=\"https:\/\/www.youtube.com\/embed\/3_mvnoY0Z2g?feature=oembed&#038;enablejsapi=1&#038;origin=https:\/\/finewoodencreations.com\" frameborder=\"0\" allow=\"accelerometer; autoplay; clipboard-write; encrypted-media; gyroscope; picture-in-picture; web-share\" allowfullscreen><\/iframe><\/p>\r\n<p><b>3M Cubitron &#8211; Nowa kategoria wydajno\u015bci materia\u0142\u00f3w \u015bciernych<\/b><\/p>\r\n<p>Tajemnica <strong>rewolucyjnej<\/strong> wydajno\u015bci Cubitron\u2122 II le\u017cy <strong>w ich tr\u00f3jk\u0105tnych ziarnach \u015bciernych<\/strong>. <strong>Te samoostrz\u0105ce si\u0119 ziarna \u015bcierne podczas szlifowania tworz\u0105 nowe, ostre kraw\u0119dzie<\/strong>. Dzi\u0119ki temu wyeliminowane zostaje ryzyko zwi\u0105zane z uszkodzeniem obrabianego elementu pod wp\u0142ywem temperatury i przebarwieniami. <strong>Poniewa\u017c ziarno \u015bcierne jest ci\u0105gle ostrzone i ch\u0142odzone<\/strong>, Cubitron\u2122 II wytrzymuje do<strong> 4 razy d\u0142u\u017cej<\/strong> w por\u00f3wnaniu do tradycyjnego nasypu z ziarnem ceramicznym.<\/p>\r\n<p>3M oferuje szerok\u0105 gam\u0119 dysk\u00f3w na rzep 3M Hookit, przeznaczonych do pracy w \u015brodowiskach, w kt\u00f3rych samoprzylepne dyski s\u0105 nara\u017cone na zanieczyszczenia zwi\u0105zane ze zwi\u0119kszon\u0105 emisj\u0105 py\u0142u podczas obr\u00f3bki. Cz\u0119sto stosuje si\u0119 je podczas aplikacji, w kt\u00f3rych dyski 3M\u2122 Stikit\u2122 mog\u0105 mie\u0107 zbyt agresywne dzia\u0142anie, jako \u017ce dyski Hookit\u2122 pozostawiaj\u0105 g\u0142adsze wyko\u0144czenie ni\u017c dyski samoprzylepne.<br \/>Dyski Hookit\u2122 mog\u0105 by\u0107 dogodnie mocowane na podk\u0142adkach na rzep (sprzedawanych oddzielnie), mo\u017cna je zdj\u0105\u0107 szybko i bez zabrudze\u0144, oraz u\u017cywa\u0107 ich wielokrotnie przez ca\u0142y okres \u017cywotno\u015bci materia\u0142u \u015bciernego. Dyski wykonane na podk\u0142adzie z papieru \u015bciernego wykazuj\u0105 lepsze w\u0142a\u015bciwo\u015bci tn\u0105ce i d\u0142u\u017csz\u0105 \u017cywotno\u015b\u0107, dzi\u0119ki temu, \u017ce konstrukcja nie zapycha si\u0119 podczas pracy.<\/p>\r\n<p>Opatentowany model wielootworowy odprowadza py\u0142 skuteczniej ni\u017c dyski o 5- lub 6-ciu otworach. Nie wymaga osiowania kr\u0105\u017ck\u00f3w \u015bciernych z otworami podk\u0142adki, co pozwala na szybk\u0105 i sprawn\u0105 wymian\u0119 dysku. Otwarta struktura oznacza, \u017ce ziarna \u015bcierne s\u0105 rozmieszczone przestrzenniej, co umo\u017cliwia wydostawanie si\u0119 py\u0142u oraz zapobiega zapychaniu si\u0119 \u015bcierniwa.<br \/>Dzi\u0119ki tej pow\u0142oce, dysk skrawa r\u00f3wnomiernie, nawet drewno mi\u0119kkie, powierzchnie malowane i inne materia\u0142y, kt\u00f3re w zwyk\u0142ych warunkach zapychaj\u0105 \u015bcierniwo, obni\u017caj\u0105c jego w\u0142a\u015bciwo\u015bci tn\u0105ce. Wszystko to przek\u0142ada si\u0119 na wi\u0119ksz\u0105 wydajno\u015b\u0107 i ograniczenie zu\u017cycia materia\u0142u. Dla uzyskania maksymalnego stopnia odpylania, nale\u017cy u\u017cywa\u0107 dysku razem z podk\u0142adk\u0105 3M\u2122 Hookit\u2122 Clean Sanding na pneumatycznej szlifierce oscylacyjnej (obydwa produkty s\u0105 sprzedawane oddzielnie).<\/p>\r\n\r\n<p>&nbsp;<\/p>\r\n","protected":false},"excerpt":{"rendered":"<p><strong>Kr\u0105\u017cek \u015bcierny na rzep 3M\u00a0Cubitron II\u2122 Hookit<\/strong> <strong>\u00a0775L wykonany jest podk\u0142adzie foliowym &#8211;<\/strong>\u00a0wykorzystuje rewolucyjne rozwi\u0105zanie w technologii szlifowania, w postaci\u00a0<strong>precyzyjnie kszta\u0142towanego ziarna ceramicznego<\/strong>, kt\u00f3re ma zdolno\u015b\u0107 do\u00a0<strong>samo-ostrzenia, tworz\u0105c nowe, bardzo ostre kraw\u0119dzie.<\/strong><\/p>\n","protected":false},"featured_media":24111,"template":"","meta":{"footnotes":""},"product_brand":[],"product_cat":[428],"product_tag":[],"class_list":{"0":"post-24143","1":"product","2":"type-product","3":"status-publish","4":"has-post-thumbnail","6":"product_cat-materialy-scierne","7":"pa_gradacja-p180","8":"pa_rozmiar-150mm","9":"tm-has-options","11":"first","12":"outofstock","13":"taxable","14":"shipping-taxable","15":"purchasable","16":"product-type-simple"},"bundled_by":[],"bundle_stock_status":"outofstock","bundle_stock_quantity":null,"bundle_virtual":false,"bundle_layout":"","bundle_add_to_cart_form_location":"","bundle_editable_in_cart":false,"bundle_sold_individually_context":"","bundle_item_grouping":"","bundle_min_size":"","bundle_max_size":"","bundle_price":[],"bundled_items":[],"bundle_sell_ids":[],"_links":{"self":[{"href":"https:\/\/finewoodencreations.com\/pl\/wp-json\/wp\/v2\/product\/24143","targetHints":{"allow":["GET"]}}],"collection":[{"href":"https:\/\/finewoodencreations.com\/pl\/wp-json\/wp\/v2\/product"}],"about":[{"href":"https:\/\/finewoodencreations.com\/pl\/wp-json\/wp\/v2\/types\/product"}],"version-history":[{"count":2,"href":"https:\/\/finewoodencreations.com\/pl\/wp-json\/wp\/v2\/product\/24143\/revisions"}],"predecessor-version":[{"id":41151,"href":"https:\/\/finewoodencreations.com\/pl\/wp-json\/wp\/v2\/product\/24143\/revisions\/41151"}],"wp:featuredmedia":[{"embeddable":true,"href":"https:\/\/finewoodencreations.com\/pl\/wp-json\/wp\/v2\/media\/24111"}],"wp:attachment":[{"href":"https:\/\/finewoodencreations.com\/pl\/wp-json\/wp\/v2\/media?parent=24143"}],"wp:term":[{"taxonomy":"product_brand","embeddable":true,"href":"https:\/\/finewoodencreations.com\/pl\/wp-json\/wp\/v2\/product_brand?post=24143"},{"taxonomy":"product_cat","embeddable":true,"href":"https:\/\/finewoodencreations.com\/pl\/wp-json\/wp\/v2\/product_cat?post=24143"},{"taxonomy":"product_tag","embeddable":true,"href":"https:\/\/finewoodencreations.com\/pl\/wp-json\/wp\/v2\/product_tag?post=24143"}],"curies":[{"name":"wp","href":"https:\/\/api.w.org\/{rel}","templated":true}]}}