{"id":24044,"date":"2021-05-10T08:20:35","date_gmt":"2021-05-10T08:20:35","guid":{"rendered":"https:\/\/finewoodencreations.com\/?post_type=product&#038;p=24044"},"modified":"2024-12-07T00:59:02","modified_gmt":"2024-12-07T00:59:02","slug":"gabka-do-usuwania-hologramow-pomaranczowa-karbowana-o160-x-25-mm-koch-chemie","status":"publish","type":"product","link":"https:\/\/finewoodencreations.com\/pl\/shop\/bez-kategorii\/promotion\/gabka-do-usuwania-hologramow-pomaranczowa-karbowana-o160-x-25-mm-koch-chemie\/","title":{"rendered":"G\u0105bka do usuwania hologram\u00f3w, pomara\u0144czowa, karbowana, \u00d8160 x 25 mm  Koch-Chemie"},"content":{"rendered":"<p>Wysokowarto\u015bciowa specjalna g\u0105bka do trwa\u0142ego usuwania drobnych zarysowa\u0144, hologram\u00f3w i \u015blad\u00f3w po polerowaniu.<\/p>\n<p>Za pomoc\u0105 mocno b\u0142yszcz\u0105cej politury do usuwania hologram\u00f3w (M201) lub Micro Cut &amp; Finish (P202) i idealnego do szlifowania<br \/>\nod\u015brodkowego z wymuszonymi obrotami np. Makita BO 6040 (999129) nawet na ciemnym lakierze pozostawia doskona\u0142y i<br \/>\ntrwa\u0142y po\u0142ysk.<br \/>\n<span style=\"font-size: inherit;\">Poprzez siatkowaty (piankowy) materia\u0142 generuje tylko niewielk\u0105 ilo\u015b\u0107 ciep\u0142a.<br \/>\nKarbowana wersja g\u0105bki do usuwania hologram\u00f3w.<br \/>\n<\/span><\/p>\n<p><strong>Twardo\u015b\u0107: 8<\/strong><br \/>\n<strong><span style=\"font-size: inherit;\">\u015acieralno\u015b\u0107: 5<br \/>\n<\/span>Mocowanie: rzep<\/strong><\/p>\n<p><strong>Koch-Chemie<\/strong> to niemiecka marka produkuj\u0105ca \u015brodki czyszcz\u0105ce i wysokiej jako\u015bci kosmetyki samochodowe od przesz\u0142o 40 lat. W ich ofercie znajdziemy mi\u0119dzy innymi piany, szampony, mocne \u015brodki do myci felg, silnik\u00f3w, a tak\u017ce szyb, tworzyw sztucznych i tapicerki. Ponad to znajdziecie Pa\u0144stwo \u015brodki zabezpieczaj\u0105ce plastiki zewn\u0119trzne, uszczelki, kokpit, a tak\u017ce lakier. Firma oferuje r\u00f3wnie\u017c pasty polerskie i politury o r\u00f3\u017cnych stopniach \u015bcieralno\u015bci.<\/p>\n","protected":false},"excerpt":{"rendered":"<p>Wysokowarto\u015bciowa specjalna g\u0105bka do trwa\u0142ego usuwania drobnych zarysowa\u0144, hologram\u00f3w i \u015blad\u00f3w po polerowaniu. 160x25mm<\/p>\n","protected":false},"featured_media":24046,"template":"","meta":{"footnotes":""},"product_brand":[],"product_cat":[430,416],"product_tag":[],"class_list":{"0":"post-24044","1":"product","2":"type-product","3":"status-publish","4":"has-post-thumbnail","6":"product_cat-polishes","7":"product_cat-promotion","8":"tm-has-options","10":"first","11":"outofstock","12":"sale","13":"taxable","14":"shipping-taxable","15":"purchasable","16":"product-type-simple"},"bundled_by":[],"bundle_stock_status":"outofstock","bundle_stock_quantity":null,"bundle_virtual":false,"bundle_layout":"","bundle_add_to_cart_form_location":"","bundle_editable_in_cart":false,"bundle_sold_individually_context":"","bundle_item_grouping":"","bundle_min_size":"","bundle_max_size":"","bundle_price":[],"bundled_items":[],"bundle_sell_ids":[],"_links":{"self":[{"href":"https:\/\/finewoodencreations.com\/pl\/wp-json\/wp\/v2\/product\/24044","targetHints":{"allow":["GET"]}}],"collection":[{"href":"https:\/\/finewoodencreations.com\/pl\/wp-json\/wp\/v2\/product"}],"about":[{"href":"https:\/\/finewoodencreations.com\/pl\/wp-json\/wp\/v2\/types\/product"}],"version-history":[{"count":3,"href":"https:\/\/finewoodencreations.com\/pl\/wp-json\/wp\/v2\/product\/24044\/revisions"}],"predecessor-version":[{"id":34349,"href":"https:\/\/finewoodencreations.com\/pl\/wp-json\/wp\/v2\/product\/24044\/revisions\/34349"}],"wp:featuredmedia":[{"embeddable":true,"href":"https:\/\/finewoodencreations.com\/pl\/wp-json\/wp\/v2\/media\/24046"}],"wp:attachment":[{"href":"https:\/\/finewoodencreations.com\/pl\/wp-json\/wp\/v2\/media?parent=24044"}],"wp:term":[{"taxonomy":"product_brand","embeddable":true,"href":"https:\/\/finewoodencreations.com\/pl\/wp-json\/wp\/v2\/product_brand?post=24044"},{"taxonomy":"product_cat","embeddable":true,"href":"https:\/\/finewoodencreations.com\/pl\/wp-json\/wp\/v2\/product_cat?post=24044"},{"taxonomy":"product_tag","embeddable":true,"href":"https:\/\/finewoodencreations.com\/pl\/wp-json\/wp\/v2\/product_tag?post=24044"}],"curies":[{"name":"wp","href":"https:\/\/api.w.org\/{rel}","templated":true}]}}