{"id":23981,"date":"2021-05-09T23:26:05","date_gmt":"2021-05-09T23:26:05","guid":{"rendered":"https:\/\/finewoodencreations.com\/?post_type=product&#038;p=23981"},"modified":"2025-04-14T07:17:42","modified_gmt":"2025-04-14T07:17:42","slug":"pasta-polerska-koch-chemie-fine-cut-f6-01-250-ml-mocno-scierna-bez-oleju-silikonowego","status":"publish","type":"product","link":"https:\/\/finewoodencreations.com\/pl\/shop\/uncategorized-pl\/promocje\/pasta-polerska-koch-chemie-fine-cut-f6-01-250-ml-mocno-scierna-bez-oleju-silikonowego\/","title":{"rendered":"Pasta polerska Koch-Chemie Fine Cut F6.01 &#8211; 250 ml\/1L. \u015arednio \u015bcierna, bez oleju silikonowego"},"content":{"rendered":"<p><strong>Fine Cut F6.01<\/strong> &#8211; Inteligentna politura maszynowa najnowszej generacji o jako\u015bci zapewnionej przez wyj\u0105tkowe tlenki glinu. Inteligentna ziarnisto\u015b\u0107 zapewnia bardzo szybkie, ca\u0142kowite usuwane zarysowa\u0144 z myjni samochodowych i podobnych \u015blad\u00f3w u\u017cytkowania oraz nadaje lakierowi d\u0142ugo utrzymuj\u0105cy si\u0119, g\u0142\u0119boki po\u0142ysk.<\/p>\n<p>Bezproblemowo usuwa \u015blady po szlifowaniu mediami polerskimi o gradacji a\u017c do P2500. Delikatna pasta polerska Fine Cut F6.01 nadaje si\u0119 tym samym do perfekcyjnej obr\u00f3bki \u015brednio lub silnie zwietrza\u0142ych lakier\u00f3w. Idealnie dostosowana do obr\u00f3bki lakier\u00f3w odpornych na zarysowania.<\/p>\n<p><b>Spos\u00f3b u\u017cycia:<br \/>\n<\/b>Delikatn\u0105 past\u0119 polersk\u0105 Fine Cut F6.01 nanie\u015b\u0107 na medium polerskie (Fine Cut Pad lub futro polerskie) i polerowa\u0107 wyczyszczon\u0105 wst\u0119pnie powierzchni\u0119 z maksymaln\u0105 pr\u0119dko\u015bci\u0105 2000 obr\/min. wykonuj\u0105c ruchy na krzy\u017c. Efekt czyszczenia mo\u017cna zmienia\u0107 przez wywierany nacisk, medium polerskie i pr\u0119dko\u015b\u0107 obrotow\u0105. Na pocz\u0105tku procesu szlifowania zalecamy obr\u00f3bk\u0119 z wi\u0119kszym naciskiem na ni\u017cszych obrotach. Potem stopniowo zmniejsza\u0107 nacisk i wypolerowa\u0107 na wysoki po\u0142ysk z wi\u0119ksz\u0105 pr\u0119dko\u015bci\u0105 obrotow\u0105. Ostatnie resztki politury mo\u017cna \u0142atwo usun\u0105\u0107 za pomoc\u0105 naszej profesjonalnej \u015bciereczki z mikrofibry ci\u0119tej ultrad\u017awi\u0119kami. Ewentualnie powsta\u0142e naloty lub \u015blady po polerowaniu usun\u0105\u0107 za pomoc\u0105 naszej politury antyhologramowej o wysokim po\u0142ysku (Micro Cut M3.02).<\/p>\n<p><strong>Koch-Chemie<\/strong> to niemiecka marka produkuj\u0105ca \u015brodki czyszcz\u0105ce i wysokiej jako\u015bci kosmetyki samochodowe od przesz\u0142o 40 lat. W ich ofercie znajdziemy mi\u0119dzy innymi piany, szampony, mocne \u015brodki do myci felg, silnik\u00f3w, a tak\u017ce szyb, tworzyw sztucznych i tapicerki. Ponad to znajdziecie Pa\u0144stwo \u015brodki zabezpieczaj\u0105ce plastiki zewn\u0119trzne, uszczelki, kokpit, a tak\u017ce lakier. Firma oferuje r\u00f3wnie\u017c pasty polerskie i politury o r\u00f3\u017cnych stopniach \u015bcieralno\u015bci.<\/p>\n<p>Pojemno\u015b\u0107 Opakowania : <strong>1 L (405001) , 250 Ml (405250)<\/strong><br \/>\nTermin Wa\u017cno\u015bci: <strong>24 Miesi\u0105ce<\/strong><\/p>\n","protected":false},"excerpt":{"rendered":"<p><b>Koch Chemie Fine Cut F6.01 250ml<\/b> Inteligentna politura maszynowa najnowszej generacji o jako\u015bci zapewnionej przez wyj\u0105tkowe tlenki glinu. Inteligentna ziarnisto\u015b\u0107 zapewnia bardzo szybkie, ca\u0142kowite usuwanie\u00a0 zarysowa\u0144.<\/p>\n","protected":false},"featured_media":23989,"template":"","meta":{"footnotes":""},"product_brand":[],"product_cat":[418,415],"product_tag":[],"class_list":{"0":"post-23981","1":"product","2":"type-product","3":"status-publish","4":"has-post-thumbnail","6":"product_cat-pasty-polerskie","7":"product_cat-promocje","8":"tm-no-options","10":"first","11":"instock","12":"sale","13":"taxable","14":"shipping-taxable","15":"purchasable","16":"product-type-variable","17":"has-default-attributes"},"bundled_by":[],"bundle_stock_status":"instock","bundle_stock_quantity":null,"bundle_virtual":false,"bundle_layout":"","bundle_add_to_cart_form_location":"","bundle_editable_in_cart":false,"bundle_sold_individually_context":"","bundle_item_grouping":"","bundle_min_size":"","bundle_max_size":"","bundle_price":[],"bundled_items":[],"bundle_sell_ids":[],"_links":{"self":[{"href":"https:\/\/finewoodencreations.com\/pl\/wp-json\/wp\/v2\/product\/23981","targetHints":{"allow":["GET"]}}],"collection":[{"href":"https:\/\/finewoodencreations.com\/pl\/wp-json\/wp\/v2\/product"}],"about":[{"href":"https:\/\/finewoodencreations.com\/pl\/wp-json\/wp\/v2\/types\/product"}],"version-history":[{"count":5,"href":"https:\/\/finewoodencreations.com\/pl\/wp-json\/wp\/v2\/product\/23981\/revisions"}],"predecessor-version":[{"id":34346,"href":"https:\/\/finewoodencreations.com\/pl\/wp-json\/wp\/v2\/product\/23981\/revisions\/34346"}],"wp:featuredmedia":[{"embeddable":true,"href":"https:\/\/finewoodencreations.com\/pl\/wp-json\/wp\/v2\/media\/23989"}],"wp:attachment":[{"href":"https:\/\/finewoodencreations.com\/pl\/wp-json\/wp\/v2\/media?parent=23981"}],"wp:term":[{"taxonomy":"product_brand","embeddable":true,"href":"https:\/\/finewoodencreations.com\/pl\/wp-json\/wp\/v2\/product_brand?post=23981"},{"taxonomy":"product_cat","embeddable":true,"href":"https:\/\/finewoodencreations.com\/pl\/wp-json\/wp\/v2\/product_cat?post=23981"},{"taxonomy":"product_tag","embeddable":true,"href":"https:\/\/finewoodencreations.com\/pl\/wp-json\/wp\/v2\/product_tag?post=23981"}],"curies":[{"name":"wp","href":"https:\/\/api.w.org\/{rel}","templated":true}]}}