{"id":21272,"date":"2020-10-01T19:57:34","date_gmt":"2020-10-01T19:57:34","guid":{"rendered":"https:\/\/finewoodencreations.com\/?post_type=product&#038;p=21272"},"modified":"2025-11-04T09:20:36","modified_gmt":"2025-11-04T09:20:36","slug":"zestaw-lakier-pigmotop-4kg-utwardzacz-pur-harter-04kg-2-skladnikowy-bezbarwny-lakier-poliuretanowy","status":"publish","type":"product","link":"https:\/\/finewoodencreations.com\/pl\/shop\/lakiery-oleje-lazury\/lakiery-do-mebli\/zestaw-lakier-pigmotop-4kg-utwardzacz-pur-harter-04kg-2-skladnikowy-bezbarwny-lakier-poliuretanowy\/","title":{"rendered":"Zestaw lakier Pigmotop 4kg + utwardzacz Pur-Harter 0,4kg, 2-sk\u0142adnikowy bezbarwny lakier poliuretanowy"},"content":{"rendered":"<p class=\"ai-optimize-23\">Szybkoschn\u0105cy nawierzchniowy lakier poliuretanowy o bardzo dobrej odporno\u015bci mechanicznej i chemicznej oraz doskona\u0142ej odporno\u015bci na \u017c\u00f3\u0142knienie.<\/p>\n<p class=\"ai-optimize-24\">Podstawa substancji b\u0142onotw\u00f3rczej: \u017cywica poliakrylanowa \/ octano-ma\u015blan celulozy.<\/p>\n<p class=\"ai-optimize-25\"><strong>Zestaw sk\u0142ada si\u0119 z lakieru 4 kg i utwardzacza 0,4 kg.<\/strong><\/p>\n<p class=\"ai-optimize-26\">Zaleca si\u0119 r\u00f3wnie\u017c u\u017cycie 10% rozcienczalnika <strong><a href=\"https:\/\/finewoodencreations.com\/pl\/shop\/lakiery-do-mebli\/pur-verdunnung-rozcienczalnik-do-lakierow-poliuretanowych\/\">Pur Verdunnung rozcie\u0144czalnik do lakier\u00f3w poliuretanowych<\/a><\/strong> przy lakierowaniu natryskowym (pistolet).<\/p>\n<p class=\"ai-optimize-27\">Lakier wystepuje w czterech kolorach\/gradacjach:<\/p>\n<ul>\n<li class=\"ai-optimize-28\">G30 Matowy<\/li>\n<li class=\"ai-optimize-29\">G50 P\u00f3\u0142mat<\/li>\n<li class=\"ai-optimize-30\">G70 mat jedwabisty<\/li>\n<li class=\"ai-optimize-31\">G100 b\u0142yszcz\u0105cy<\/li>\n<\/ul>\n<p class=\"ai-optimize-32\">Nadaje si\u0119 do metody \u201elakier-na-lakier\u201d.<\/p>\n<h5 class=\"ai-optimize-33\">Szczeg\u00f3lne w\u0142a\u015bciwo\u015bci<\/h5>\n<ul>\n<li class=\"ai-optimize-34\">Odporny na dzia\u0142anie potu i \u015bliny<\/li>\n<li class=\"ai-optimize-35\">Nadaje si\u0119 do lakierowania zabawek<\/li>\n<li class=\"ai-optimize-36\">A + emisja szkodliwych zwi\u0105zk\u00f3w lotnych<\/li>\n<li class=\"ai-optimize-37\">Bez metali ci\u0119\u017ckich<\/li>\n<li class=\"ai-optimize-38\">Bardzo dobra odporno\u015b\u0107 na dzia\u0142anie \u015bwiat\u0142a<\/li>\n<\/ul>\n<h5 class=\"ai-optimize-39\">Baza systemu<\/h5>\n<ul>\n<li class=\"ai-optimize-40\">Na bazie rozpuszczalnika<\/li>\n<\/ul>\n<h5 class=\"ai-optimize-41\">Zakres zastosowa\u0144<\/h5>\n<p class=\"ai-optimize-42\">Do zastosowa\u0144 wewn\u0119trznych<\/p>\n<ul>\n<li class=\"ai-optimize-43\" style=\"list-style-type: none;\">\n<ul>\n<li class=\"mb-2 ai-optimize-44\">Do odpornych na \u201etest pier\u015bcienia\u201d, a zatem szczeg\u00f3lnie odpornych na zadrapanie, pokrywanych lakierami pigmentowanymi powierzchni mebli i element\u00f3w wyposa\u017cenia wn\u0119trz, szczeg\u00f3lnie sto\u0142\u00f3w, krzese\u0142, drzwi itp.:<\/li>\n<li class=\"mb-2 ai-optimize-45\">obszary zastosowania II do IV wed\u0142ug normy \u00d6NORM 1610-12.<\/li>\n<\/ul>\n<\/li>\n<\/ul>\n<h5 class=\"ai-optimize-46\">Mieszanina<\/h5>\n<ul class=\"list-unstyled\">\n<li class=\"mb-2 ai-optimize-47\">10 cz\u0119\u015bci lakieru <strong>Pigmotop<\/strong><\/li>\n<li class=\"mb-2 ai-optimize-48\">1 cz\u0119\u015b\u0107 utwardzacza <strong>PUR-H\u00e4rter 82019<\/strong><\/li>\n<li class=\"ai-optimize-49\">\u017cywotno\u015b\u0107 mieszaniny: <strong>8 godzin<\/strong><\/li>\n<\/ul>\n<h5 class=\"ai-optimize-50\"><strong>Pur-Harter\u00a0<\/strong>82019 to <strong>utwardzacz <\/strong>poliizocyjanianowy na bazie rozpuszczalnika do lakier\u00f3w poliuretanowych 2- sk\u0142adnikowych.<\/h5>\n<p class=\"ai-optimize-51\">Dedykowany do lakier\u00f3w Antiscratch, Legnopur, Ventopur, Pigmotop.<\/p>\n<h5 class=\"ai-optimize-52\">Baza systemu<\/h5>\n<p class=\"ai-optimize-53\">Na bazie rozpuszczalnika<\/p>\n<h5 class=\"ai-optimize-54\">Szczeg\u00f3lne w\u0142a\u015bciwo\u015bci<\/h5>\n<ul>\n<li class=\"ai-optimize-55\">A + emisja szkodliwych zwi\u0105zk\u00f3w lotnych<\/li>\n<\/ul>\n<h5 class=\"ai-optimize-56\">Zakres zastosowa\u0144<\/h5>\n<ul>\n<li class=\"ai-optimize-57\">Do zastosowa\u0144 wewn\u0119trznych<\/li>\n<\/ul>\n<ul class=\"list-unstyled\">\n<li class=\"mb-2 ai-optimize-58\">Komponent utwardzacza do wielu rozpuszczalnikowych 2-sk\u0142adnikowych lakier\u00f3w poliuretanowych do mebli i element\u00f3w wyposa\u017cenia wn\u0119trz.<\/li>\n<\/ul>\n<h5 class=\"ai-optimize-59\">Pliki do pobrania<\/h5>\n<p class=\"ai-optimize-60\"><a class=\"button  button_left button_size_2\" href=\"https:\/\/finewoodencreations.com\/wp-content\/uploads\/2020\/07\/Pigmotop-mb25363-12-07-pl.pdf\"     style=\"background-color:#f7f7f7!important;color:#000000;\" target=\"_blank\"    title=\"\"><span class=\"button_icon\"><i class=\"icon-acrobat\"  style=\"color:#000000!important;\" aria-hidden=\"true\"><\/i><\/span><span class=\"button_label\"><strong>Karta Techniczna Pigmotop<\/strong><\/span><\/a>\n<\/p>\n<p class=\"ai-optimize-61\"><a class=\"button  button_left button_size_2\" href=\"https:\/\/finewoodencreations.com\/wp-content\/uploads\/2020\/07\/pur-haerter_tmb_8219_en.pdf\"     style=\"background-color:#f7f7f7!important;color:#000000;\" target=\"_blank\"    title=\"\"><span class=\"button_icon\"><i class=\"icon-acrobat\"  style=\"color:#000000!important;\" aria-hidden=\"true\"><\/i><\/span><span class=\"button_label\"><strong>Karta Techniczna Pur-Harter 82019<\/strong><\/span><\/a>\n<\/p>\n<p class=\"ai-optimize-62\">Potrzebujesz wi\u0119kszych ilo\u015bci &#8211; prosimy o kontakt z nami: <strong>+48 534 005 534<\/strong> \/ <a href=\"mailto:info@finewoodencreations.com\"><strong>info@finewoodencreations.com<\/strong><\/a><\/p>\n","protected":false},"excerpt":{"rendered":"<p class=\"ai-optimize-29\">Teraz w zestawie 4kg lakieru + 0,4kg utwardzacza. Szybkoschn\u0105cy nawierzchniowy lakier poliuretanowy o bardzo dobrej odporno\u015bci mechanicznej i chemicznej oraz doskona\u0142ej odporno\u015bci na \u017c\u00f3\u0142knienie + utwardzacz<\/p>\n","protected":false},"featured_media":21287,"template":"","meta":{"footnotes":""},"product_brand":[],"product_cat":[2663,366],"product_tag":[],"class_list":{"0":"post-21272","1":"product","2":"type-product","3":"status-publish","4":"has-post-thumbnail","6":"product_cat-lakiery-do-mebli","7":"product_cat-lakiery-oleje-lazury","8":"pa_kolor-g100-blyszczacy","9":"pa_kolor-matowy","10":"pa_kolor-polmat","11":"pa_kolor-g70-mat-jedwabisty","12":"tm-has-options","14":"first","15":"instock","16":"taxable","17":"shipping-taxable","18":"purchasable","19":"product-type-bundle"},"bundled_by":[],"bundle_stock_status":"instock","bundle_stock_quantity":974,"bundle_virtual":false,"bundle_layout":"default","bundle_add_to_cart_form_location":"default","bundle_editable_in_cart":true,"bundle_sold_individually_context":"product","bundle_item_grouping":"parent","bundle_min_size":2,"bundle_max_size":2,"bundle_price":{"price":{"min":{"incl_tax":"102.19","excl_tax":"83.081301"},"max":{"incl_tax":"102.19","excl_tax":"83.081301"}},"regular_price":{"min":{"incl_tax":"102.19","excl_tax":"83.081301"},"max":{"incl_tax":"102.19","excl_tax":"83.081301"}}},"bundled_items":[{"bundled_item_id":1748,"product_id":18187,"menu_order":0,"quantity_min":1,"quantity_max":1,"quantity_default":1,"priced_individually":false,"shipped_individually":false,"override_title":false,"title":"Pigmotop - 2-sk\u0142adnikowy bezbarwny poliuretanowy lakier nawierzchniowy o wysokiej odporno\u015bci na zadrapania 4kg","override_description":false,"description":"","optional":false,"hide_thumbnail":false,"discount":"","override_variations":false,"allowed_variations":[],"override_default_variation_attributes":true,"default_variation_attributes":[],"single_product_visibility":"visible","cart_visibility":"visible","order_visibility":"visible","single_product_price_visibility":"visible","cart_price_visibility":"visible","order_price_visibility":"visible","stock_status":"in_stock"},{"bundled_item_id":235,"product_id":18105,"menu_order":1,"quantity_min":1,"quantity_max":1,"quantity_default":1,"priced_individually":false,"shipped_individually":false,"override_title":false,"title":"Pur-Harter utwardzacz do lakier\u00f3w Antiscratch, Legnopur, Ventopur, Pigmotop 0,4kg","override_description":false,"description":"","optional":false,"hide_thumbnail":false,"discount":"","override_variations":true,"allowed_variations":[18148],"override_default_variation_attributes":true,"default_variation_attributes":[],"single_product_visibility":"visible","cart_visibility":"visible","order_visibility":"visible","single_product_price_visibility":"visible","cart_price_visibility":"visible","order_price_visibility":"visible","stock_status":"in_stock"}],"bundle_sell_ids":[],"_links":{"self":[{"href":"https:\/\/finewoodencreations.com\/pl\/wp-json\/wp\/v2\/product\/21272","targetHints":{"allow":["GET"]}}],"collection":[{"href":"https:\/\/finewoodencreations.com\/pl\/wp-json\/wp\/v2\/product"}],"about":[{"href":"https:\/\/finewoodencreations.com\/pl\/wp-json\/wp\/v2\/types\/product"}],"version-history":[{"count":10,"href":"https:\/\/finewoodencreations.com\/pl\/wp-json\/wp\/v2\/product\/21272\/revisions"}],"predecessor-version":[{"id":50908,"href":"https:\/\/finewoodencreations.com\/pl\/wp-json\/wp\/v2\/product\/21272\/revisions\/50908"}],"wp:featuredmedia":[{"embeddable":true,"href":"https:\/\/finewoodencreations.com\/pl\/wp-json\/wp\/v2\/media\/21287"}],"wp:attachment":[{"href":"https:\/\/finewoodencreations.com\/pl\/wp-json\/wp\/v2\/media?parent=21272"}],"wp:term":[{"taxonomy":"product_brand","embeddable":true,"href":"https:\/\/finewoodencreations.com\/pl\/wp-json\/wp\/v2\/product_brand?post=21272"},{"taxonomy":"product_cat","embeddable":true,"href":"https:\/\/finewoodencreations.com\/pl\/wp-json\/wp\/v2\/product_cat?post=21272"},{"taxonomy":"product_tag","embeddable":true,"href":"https:\/\/finewoodencreations.com\/pl\/wp-json\/wp\/v2\/product_tag?post=21272"}],"curies":[{"name":"wp","href":"https:\/\/api.w.org\/{rel}","templated":true}]}}