{"id":17801,"date":"2020-07-08T01:01:27","date_gmt":"2020-07-07T23:01:28","guid":{"rendered":"https:\/\/finewoodencreations.com\/?post_type=product&#038;p=17801"},"modified":"2025-01-08T08:32:32","modified_gmt":"2025-01-08T08:32:32","slug":"finer-uni-zywica-epoksydowa-dekoracyjna-1-5kg","status":"publish","type":"product","link":"https:\/\/finewoodencreations.com\/pl\/shop\/zywica-epoksydowa\/finer-uni-zywica-epoksydowa-dekoracyjna-1-5kg\/","title":{"rendered":"FineR UNI uniwersalna \u017cywica epoksydowa dekoracyjna 1.5kg"},"content":{"rendered":"<p><strong>Uniwersalna \u017cywica epoksydowa dekoracyjna &#8220;FineR UNI&#8221;<\/strong> to wysokiej jako\u015bci produkt przeznaczony do bardzo r\u00f3\u017cnorodnych zastosowa\u0144, takich jak <strong>sztuka \u017cywiczna<\/strong>, <strong>impregnacja<\/strong>, nak\u0142adanie pow\u0142ok (np. na blaty sto\u0142\u00f3w), <strong>laminowanie<\/strong>, klejenie i szpachlowanie. Tworzy ona bardzo przejrzyste, <strong>b\u0142yszcz\u0105ce<\/strong> i klarowne warstwy<\/p>\n<p><strong>Uniwersalna \u017cywica epoksydowa dekoracyjna &#8220;FineR UNI&#8221; <\/strong>jest najlepszym wyborem tam, gdzie potrzebne jest <strong>szybkie utwardzanie<\/strong>, np. w sztuce \u017cywicznej, malarstwie i innych kreatywnych zastosowaniach, takich jak obr\u00f3bka drewna i modelarstwo.<strong> Szczeg\u00f3lnie przy pracy z kolorami i cienkimi warstwami <\/strong>sprawdzi sie doskonale<strong>.<\/strong> Jest r\u00f3wnie\u017c szeroko stosowana w budownictwie oraz w przemy\u015ble szkutniczym i sportach wodnych.<\/p>\n<p>Dzi\u0119ki swojej niskiej lepko\u015bci i i dzi\u0119ki temu, \u017ce wylewamy j\u0105 w cienkich warstwach <strong>Uniwersalna \u017cywica epoksydowa dekoracyjna &#8220;FineR UNI&#8221;<\/strong>\u00a0 pozwala na szybkie uwolnienie wszelkich niepo\u017c\u0105danych p\u0119cherzyk\u00f3w powietrza. Bardzo g\u0142adkie utwardzanie i krystaliczna przejrzysto\u015b\u0107 tej \u017cywicy zda egzamin tam gdzie potrzeba szybko po\u0142\u0105czy\u0107 lub zala\u0107 elementy i nie trzeba czeka\u0107 d\u0142ugo na efekt. Nast\u0119pnego dnia \u017cywica jest gotowa do dalszej obr\u00f3bki &#8211; lakierowania polerowania czy poporstu u\u017cywania. Dzi\u0119ki temu te\u017c <strong>Uniwersalna \u017cywica epoksydowa &#8220;FineR UNI&#8221;<\/strong> jest doskona\u0142a do stosowania jako warstwa powlekaj\u0105ca blaty.<\/p>\n<p>\u017bywica pozwala <strong>nak\u0142ada\u0107 cienkie warstwy do 1,5 cm grubo\u015bci na warstw\u0119 w temperaturze do 20C<\/strong>. Je\u015bli chcesz wyla\u0107 <strong>grube warstwy lub du\u017ce obj\u0119to\u015bci<\/strong>, mo\u017cesz u\u017cy\u0107 \u017cywicy do odlewania <a href=\"https:\/\/finewoodencreations.com\/pl\/shop\/zywica-epoksydowa\/finer-medium-zywica-epoksydowa-do-glebokich-odlewow-1-3kg\/\"><strong>&#8220;FineR MEDIUM&#8221;.<\/strong><\/a> Pozwala to na <strong>wylewanie grubszych warstw do 7 cm<\/strong> za jednym razem. Epoksydowa \u017cywica do odlewania jest r\u00f3wnie\u017c krystalicznie przejrzysta a d\u0142u\u017cszy czas utwardzania pozwala jej samej si\u0119 odpowietrza\u0107.<\/p>\n<p><strong>Uniwersalna \u017cywica epoksydowa dekoracyjna &#8220;FineR UNI&#8221; <\/strong>mo\u017ce by\u0107 z powodzeniem stosowana do obraz\u00f3w, bi\u017cuterii, odlewania przedmiot\u00f3w nisko profilowych, zdj\u0119\u0107.\u00a0 W razie potrzeby mo\u017cna j\u0105 stosowa\u0107 jako <strong>warstw\u0119 impregnacyjn\u0105<\/strong> &#8211; dobrze wnika w powierzchni\u0119 przeznaczon\u0105 do obr\u00f3bki i dalszego zalewania.<\/p>\n<p><strong>Jest to doskona\u0142a \u017cywica do wype\u0142niania ma\u0142ych p\u0119kni\u0119\u0107 drewna i klejenia element\u00f3w drewnianych.<\/strong><\/p>\n<p>&nbsp;<\/p>\n<h5>Dla &#8220;Resin Art&#8221; i innych kreatywnych projekt\u00f3w<\/h5>\n<p>Szeroki zakres zastosowa\u0144 sprawia, \u017ce <strong>\u017cywica epoksydowa &#8220;FineR UNI&#8221;<\/strong> jest doskona\u0142ym wyborem dla tw\u00f3rc\u00f3w sztuki. Jako bardzo tolerancyjna &#8211; umo\u017cliwia tw\u00f3rcom stosowanie jej jako <strong>\u017cywicy All-In-One<\/strong>. Mo\u017cna jej u\u017cywa\u0107 do tworzenia spektakularnych obraz\u00f3w \u017cywicznych, tworzenia zestaw\u00f3w bi\u017cuterii lub ochrony delikatnych przedmiot\u00f3w. Jest r\u00f3wnie\u017c idealnym wyborem do <strong>tworzenia &#8216;przypadkowych&#8217; efekt\u00f3w<\/strong>\u00a0 &#8211; wystarczy zmiesza\u0107 r\u00f3\u017cne barwniki by tworzy\u0107 niewiarygodne obrazy.<\/p>\n<p>&nbsp;<\/p>\n<h5>Pigmenty, \u015bwiec\u0105cy proszek, pigmenty per\u0142owe i metaliczne, tusz i kolory, stabilizator UV<\/h5>\n<p>\u017bywica <strong>&#8220;FineR UNI&#8221;<\/strong> mo\u017ce by\u0107 \u0142atwo mieszana z wieloma r\u00f3\u017cnymi rodzajami pigment\u00f3w, farbami lub proszkami. \u015awiec\u0105cy w ciemno\u015bci proszek mo\u017ce by\u0107 dodawany i <a href=\"https:\/\/finewoodencreations.com\/pl\/kategoria-produktu\/barwniki-pigmenty\/pigmenty-swiecace\/\"><strong>jest dost\u0119pny<\/strong><\/a>. Zazwyczaj dla uzyskania najlepszego efektu \u015bwiecenia mo\u017cna u\u017cy\u0107 od 5% do 50% proszku lub barwnika. <strong>FineR UNI<\/strong> jest r\u00f3wnie\u017c bardzo popularn\u0105 \u017cywic\u0105 do wszelkich prac naprawczych.<br \/>\n<strong>&#8220;FineR UNI&#8221;<\/strong> ma bardzo dobr\u0105 ochron\u0119 przed promieniowaniem UV. Dla dodatkowej ochrony przed \u017c\u00f3\u0142kni\u0119ciem (zw\u0142aszcza przedmiot\u00f3w nara\u017conych na dzia\u0142anie bezpo\u015brednich promieni s\u0142onecznych) zalecamy dodanie <a href=\"https:\/\/finewoodencreations.com\/pl\/shop\/zywica-epoksydowa\/stabilizator-uv-do-zywicy-epoksydowej-40gr\/\"><strong>stabilizatora UV do \u017cywicy epoksydowej.<\/strong><\/a><\/p>\n<p>&nbsp;<\/p>\n<p><strong>Zalety uniwersalnej \u017cywicy epoksydowej &#8220;FineR UNI&#8221;:<\/strong><\/p>\n<ul>\n<li>Mo\u017ce by\u0107 wylewana w <strong>cienkich<\/strong> warstwach (<strong>&lt;=1,5 cm w 20C<\/strong>).<\/li>\n<li><strong>Finalny efekt daje produkt o krystalicznej przejrzysto\u015bci.<\/strong><\/li>\n<li><strong>Kr\u00f3tki czas przetwarzania<\/strong><\/li>\n<li><strong>Mo\u017ce by stosowany na farby &#8211; nie niszy jej i nie zmienia koloru.<\/strong><\/li>\n<li>Bardzo dobra odporno\u015b\u0107 na promieniowanie UV.<\/li>\n<li>Pigmenty\/proszek\/barwniki mog\u0105 by\u0107 \u0142atwo dodawane i mieszane<\/li>\n<li>Umo\u017cliwia wylewanie warstwy jedna na drug\u0105<\/li>\n<li><strong>G\u0142adka, szklista powierzchnia<\/strong><\/li>\n<li>\u015arednia emisja ciep\u0142a<\/li>\n<li><strong>Neutralny zapach<\/strong><\/li>\n<li>Proporcja mieszania: <strong>2:1 wagowo<\/strong><\/li>\n<li>Utwardzacz w zestawie<\/li>\n<\/ul>\n<p>&nbsp;<\/p>\n<p>Cienkie warstwy uniwersalnej \u017cywicy epoksydowej idealnie nadaj\u0105 si\u0119 do nast\u0119puj\u0105cych zastosowa\u0144:<\/p>\n<ul>\n<li><strong>Projekty do szybkiego utwardzania<\/strong><\/li>\n<li><strong>Doskonale nadaje si\u0119 do impregnowania<\/strong><\/li>\n<li>Cienkie warstwy do zdj\u0119\u0107, ma\u0142e przedmioty<\/li>\n<li>Pow\u0142oka powierzchniowa do sto\u0142\u00f3w, pod\u0142\u00f3g, drewna, betonu<\/li>\n<li>Idealny do \u017cywicznej sztuki &#8211; <strong>resin art, malowanie \u017cywic\u0105, bi\u017cuteria, dekoracje, podstawki pod kubki\/talerze<\/strong><\/li>\n<li>Praca typu &#8220;zr\u00f3b to sam&#8221; &#8211; DIY<\/li>\n<li>Naprawa \u0142odzi<\/li>\n<li>Do stosowania z w\u0142\u00f3knem szklanym, w\u0142\u00f3knem w\u0119glowym<\/li>\n<\/ul>\n<p>&nbsp;<\/p>\n<h5>Zastosowanie \u017cywicy epoksydowej <strong>FineR UNI<\/strong><\/h5>\n<p>Po na\u0142o\u017ceniu i utwardzeniu \u017cywica epoksydowa jest tward\u0105, ochronn\u0105, wodoodporn\u0105 pow\u0142ok\u0105, kt\u00f3ra doskonale przylega do prawie ka\u017cdej powierzchni, takiej jak drewno, kamie\u0144, beton, wi\u0119kszo\u015b\u0107 tworzyw sztucznych, metal, aluminium, itp.<\/p>\n<p><strong>Uniwersalna \u017cywica epoksydowa &#8220;FineR UNI&#8221; <\/strong>mo\u017ce by\u0107 nak\u0142adana za pomoc\u0105 p\u0119dzla lub wa\u0142ka. Mo\u017cna j\u0105 r\u00f3wnie\u017c <strong>wylewa\u0107 cienkimi warstwami (&lt;=1,5 cm)<\/strong>. \u017bywica ta jest p\u0142ynna i wnika g\u0142\u0119boko w ch\u0142onn\u0105 powierzchni\u0119.<\/p>\n<p>Nie nale\u017cy pr\u00f3bowa\u0107 modyfikowa\u0107 pr\u0119dko\u015bci utwardzania poprzez u\u017cycie wi\u0119kszej ilo\u015bci utwardzacza &#8211; \u017cywica nie utwardzi si\u0119. <strong>Jest to bardzo wa\u017cne: nale\u017cy przestrzega\u0107 proporcji podanych przez producenta 2:1<\/strong><\/p>\n<p>&nbsp;<\/p>\n\n\t\t\t<style type='text\/css'>\n\t\t\t\t#sc_gallery-1 {\n\t\t\t\t\tmargin: auto;\n\t\t\t\t}\n\t\t\t\t#sc_gallery-1 .gallery-item {\n\t\t\t\t\tfloat: left;\n\t\t\t\t\ttext-align: center;\n\t\t\t\t\twidth: 19.99%;\n\t\t\t\t}\n\t\t\t\t#sc_gallery-1 img {\n\t\t\t\t\tborder: 2px solid #cfcfcf;\n\t\t\t\t}\n\t\t\t\t\/* see sc_gallery() in functions\/theme-shortcodes.php *\/\n\t\t\t<\/style>\n\t\t<div id='sc_gallery-1' class='gallery galleryid-17801 gallery-columns-5 gallery-size-full file element_classes masonry'><dl class='gallery-item'  data-title='FineR uni set 1-5kg ENG_1' data-description=''><div class='gallery-item-wrapper'>\n\t\t\t\t<dt class='gallery-icon landscape'>\n\t\t\t\t\t<a href='https:\/\/finewoodencreations.com\/wp-content\/uploads\/2020\/07\/FineR-uni-set-1-5kg-ENG_1.jpg'><img loading=\"lazy\" decoding=\"async\" width=\"1024\" height=\"886\" src=\"https:\/\/finewoodencreations.com\/wp-content\/uploads\/2020\/07\/FineR-uni-set-1-5kg-ENG_1.jpg\" class=\"attachment-full size-full\" alt=\"\" srcset=\"https:\/\/finewoodencreations.com\/wp-content\/uploads\/2020\/07\/FineR-uni-set-1-5kg-ENG_1.jpg 1024w, https:\/\/finewoodencreations.com\/wp-content\/uploads\/2020\/07\/FineR-uni-set-1-5kg-ENG_1-600x519.jpg 600w, https:\/\/finewoodencreations.com\/wp-content\/uploads\/2020\/07\/FineR-uni-set-1-5kg-ENG_1-400x346.jpg 400w, https:\/\/finewoodencreations.com\/wp-content\/uploads\/2020\/07\/FineR-uni-set-1-5kg-ENG_1-768x665.jpg 768w, https:\/\/finewoodencreations.com\/wp-content\/uploads\/2020\/07\/FineR-uni-set-1-5kg-ENG_1-169x146.jpg 169w, https:\/\/finewoodencreations.com\/wp-content\/uploads\/2020\/07\/FineR-uni-set-1-5kg-ENG_1-50x43.jpg 50w, https:\/\/finewoodencreations.com\/wp-content\/uploads\/2020\/07\/FineR-uni-set-1-5kg-ENG_1-87x75.jpg 87w, https:\/\/finewoodencreations.com\/wp-content\/uploads\/2020\/07\/FineR-uni-set-1-5kg-ENG_1-800x692.jpg 800w\" sizes=\"auto, (max-width:767px) 480px, (max-width:1024px) 100vw, 1024px\" \/><\/a>\n\t\t\t\t<\/dt><\/div><\/dl><dl class='gallery-item'  data-title='FineR Uni resin art 17' data-description=''><div class='gallery-item-wrapper'>\n\t\t\t\t<dt class='gallery-icon landscape'>\n\t\t\t\t\t<a href='https:\/\/finewoodencreations.com\/wp-content\/uploads\/2020\/07\/FineR-Uni-resin-art-17-1.jpg'><img loading=\"lazy\" decoding=\"async\" width=\"1024\" height=\"886\" src=\"https:\/\/finewoodencreations.com\/wp-content\/uploads\/2020\/07\/FineR-Uni-resin-art-17-1.jpg\" class=\"attachment-full size-full\" alt=\"\" srcset=\"https:\/\/finewoodencreations.com\/wp-content\/uploads\/2020\/07\/FineR-Uni-resin-art-17-1.jpg 1024w, https:\/\/finewoodencreations.com\/wp-content\/uploads\/2020\/07\/FineR-Uni-resin-art-17-1-600x519.jpg 600w, https:\/\/finewoodencreations.com\/wp-content\/uploads\/2020\/07\/FineR-Uni-resin-art-17-1-400x346.jpg 400w, https:\/\/finewoodencreations.com\/wp-content\/uploads\/2020\/07\/FineR-Uni-resin-art-17-1-768x665.jpg 768w, https:\/\/finewoodencreations.com\/wp-content\/uploads\/2020\/07\/FineR-Uni-resin-art-17-1-169x146.jpg 169w, https:\/\/finewoodencreations.com\/wp-content\/uploads\/2020\/07\/FineR-Uni-resin-art-17-1-50x43.jpg 50w, https:\/\/finewoodencreations.com\/wp-content\/uploads\/2020\/07\/FineR-Uni-resin-art-17-1-87x75.jpg 87w, https:\/\/finewoodencreations.com\/wp-content\/uploads\/2020\/07\/FineR-Uni-resin-art-17-1-800x692.jpg 800w\" sizes=\"auto, (max-width:767px) 480px, (max-width:1024px) 100vw, 1024px\" \/><\/a>\n\t\t\t\t<\/dt><\/div><\/dl><dl class='gallery-item'  data-title='FineR Uni resin art 25' data-description=''><div class='gallery-item-wrapper'>\n\t\t\t\t<dt class='gallery-icon landscape'>\n\t\t\t\t\t<a href='https:\/\/finewoodencreations.com\/wp-content\/uploads\/2020\/07\/FineR-Uni-resin-art-25-1.jpg'><img loading=\"lazy\" decoding=\"async\" width=\"1024\" height=\"886\" src=\"https:\/\/finewoodencreations.com\/wp-content\/uploads\/2020\/07\/FineR-Uni-resin-art-25-1.jpg\" class=\"attachment-full size-full\" alt=\"\" srcset=\"https:\/\/finewoodencreations.com\/wp-content\/uploads\/2020\/07\/FineR-Uni-resin-art-25-1.jpg 1024w, https:\/\/finewoodencreations.com\/wp-content\/uploads\/2020\/07\/FineR-Uni-resin-art-25-1-600x519.jpg 600w, https:\/\/finewoodencreations.com\/wp-content\/uploads\/2020\/07\/FineR-Uni-resin-art-25-1-400x346.jpg 400w, https:\/\/finewoodencreations.com\/wp-content\/uploads\/2020\/07\/FineR-Uni-resin-art-25-1-768x665.jpg 768w, https:\/\/finewoodencreations.com\/wp-content\/uploads\/2020\/07\/FineR-Uni-resin-art-25-1-169x146.jpg 169w, https:\/\/finewoodencreations.com\/wp-content\/uploads\/2020\/07\/FineR-Uni-resin-art-25-1-50x43.jpg 50w, https:\/\/finewoodencreations.com\/wp-content\/uploads\/2020\/07\/FineR-Uni-resin-art-25-1-87x75.jpg 87w, https:\/\/finewoodencreations.com\/wp-content\/uploads\/2020\/07\/FineR-Uni-resin-art-25-1-800x692.jpg 800w\" sizes=\"auto, (max-width:767px) 480px, (max-width:1024px) 100vw, 1024px\" \/><\/a>\n\t\t\t\t<\/dt><\/div><\/dl><dl class='gallery-item'  data-title='FineR Uni resin art 50' data-description=''><div class='gallery-item-wrapper'>\n\t\t\t\t<dt class='gallery-icon landscape'>\n\t\t\t\t\t<a href='https:\/\/finewoodencreations.com\/wp-content\/uploads\/2020\/07\/FineR-Uni-resin-art-50-1.jpg'><img loading=\"lazy\" decoding=\"async\" width=\"1024\" height=\"886\" src=\"https:\/\/finewoodencreations.com\/wp-content\/uploads\/2020\/07\/FineR-Uni-resin-art-50-1.jpg\" class=\"attachment-full size-full\" alt=\"\" srcset=\"https:\/\/finewoodencreations.com\/wp-content\/uploads\/2020\/07\/FineR-Uni-resin-art-50-1.jpg 1024w, https:\/\/finewoodencreations.com\/wp-content\/uploads\/2020\/07\/FineR-Uni-resin-art-50-1-600x519.jpg 600w, https:\/\/finewoodencreations.com\/wp-content\/uploads\/2020\/07\/FineR-Uni-resin-art-50-1-400x346.jpg 400w, https:\/\/finewoodencreations.com\/wp-content\/uploads\/2020\/07\/FineR-Uni-resin-art-50-1-768x665.jpg 768w, https:\/\/finewoodencreations.com\/wp-content\/uploads\/2020\/07\/FineR-Uni-resin-art-50-1-169x146.jpg 169w, https:\/\/finewoodencreations.com\/wp-content\/uploads\/2020\/07\/FineR-Uni-resin-art-50-1-50x43.jpg 50w, https:\/\/finewoodencreations.com\/wp-content\/uploads\/2020\/07\/FineR-Uni-resin-art-50-1-87x75.jpg 87w, https:\/\/finewoodencreations.com\/wp-content\/uploads\/2020\/07\/FineR-Uni-resin-art-50-1-800x692.jpg 800w\" sizes=\"auto, (max-width:767px) 480px, (max-width:1024px) 100vw, 1024px\" \/><\/a>\n\t\t\t\t<\/dt><\/div><\/dl><dl class='gallery-item'  data-title='FineR Uni resin art 5' data-description=''><div class='gallery-item-wrapper'>\n\t\t\t\t<dt class='gallery-icon landscape'>\n\t\t\t\t\t<a href='https:\/\/finewoodencreations.com\/wp-content\/uploads\/2020\/07\/FineR-Uni-resin-art-5-1-e1594413205415.jpeg'><img loading=\"lazy\" decoding=\"async\" width=\"886\" height=\"886\" src=\"https:\/\/finewoodencreations.com\/wp-content\/uploads\/2020\/07\/FineR-Uni-resin-art-5-1-e1594413205415.jpeg\" class=\"attachment-full size-full\" alt=\"\" srcset=\"https:\/\/finewoodencreations.com\/wp-content\/uploads\/2020\/07\/FineR-Uni-resin-art-5-1-e1594413205415.jpeg 886w, https:\/\/finewoodencreations.com\/wp-content\/uploads\/2020\/07\/FineR-Uni-resin-art-5-1-e1594413205415-600x600.jpeg 600w, https:\/\/finewoodencreations.com\/wp-content\/uploads\/2020\/07\/FineR-Uni-resin-art-5-1-e1594413205415-300x300.jpeg 300w, https:\/\/finewoodencreations.com\/wp-content\/uploads\/2020\/07\/FineR-Uni-resin-art-5-1-e1594413205415-500x500.jpeg 500w, https:\/\/finewoodencreations.com\/wp-content\/uploads\/2020\/07\/FineR-Uni-resin-art-5-1-e1594413205415-800x800.jpeg 800w\" sizes=\"auto, (max-width:767px) 480px, (max-width:886px) 100vw, 886px\" \/><\/a>\n\t\t\t\t<\/dt><\/div><\/dl><br style=\"clear: both\" \/>\n\t\t\t<\/div>\n\n<h5><strong>Informacje techniczne\u00a0<\/strong><\/h5>\n<p>Ka\u017cdy zestaw uniwersalnej \u017cywicy epoksydowej &#8220;<strong>FineR UNI<\/strong>&#8221; sk\u0142ada si\u0119 z 2 sk\u0142adnik\u00f3w: \u017cywicy i utwardzacza.<\/p>\n<ul>\n<li><strong>Proporcja mieszania:<\/strong>\u00a0 2 (cz\u0119\u015bci \u017cywicy): 1 (cz\u0119\u015b\u0107 utwardzacza) wymieszane wagowo<\/li>\n<li><b>Maksymalna grubo\u015b\u0107\u00a0warstwy:<\/b> 1,5 cm w temperaturze 20C. Mo\u017cna wylewa\u0107 wiele warstw jedna na drug\u0105<\/li>\n<li><strong>Minimalna temperatura obr\u00f3bki:<\/strong> 10 stopni Celsjusza. Im ni\u017csza temperatura procesu, tym d\u0142u\u017cszy czas utwardzania.<\/li>\n<li><strong>Czas obr\u00f3bki (pot life):<\/strong> ok. 45 minut.<\/li>\n<li><strong>Sucha powierzchniowo:<\/strong> ok. 2-4 godzinach<\/li>\n<li><strong>Pe\u0142ne utwardzenie po:<\/strong> 24 godziny (w zale\u017cno\u015bci od temperatury i grubo\u015bci warstwy)<\/li>\n<li><b>Termin przydatno\u015bci\u00a0do u\u017cycia:<\/b> Minimum 2 lata w zamkni\u0119tych pojemnikach w temperaturze otoczenia<\/li>\n<\/ul>\n<p>&nbsp;<\/p>\n<h5>Pliki do pobrania<\/h5>\n<a class=\"button  button_left button_size_2\" href=\"https:\/\/finewoodencreations.com\/wp-content\/uploads\/2020\/07\/FineR-U-Resin-SDS_EN.pdf\"     style=\"background-color:#f7f7f7!important;color:#000000;\" target=\"_blank\"    title=\"\"><span class=\"button_icon\"><i class=\"icon-acrobat\"  style=\"color:#000000!important;\" aria-hidden=\"true\"><\/i><\/span><span class=\"button_label\"><strong>FineR-U-Resin-SDS_EN.pdf<\/strong><\/span><\/a>\n\n<p>&nbsp;<\/p>\n<a class=\"button  button_left button_size_2\" href=\"https:\/\/finewoodencreations.com\/wp-content\/uploads\/2020\/07\/FineR-UH-Hardener-SDS_EN.pdf\"     style=\"background-color:#f7f7f7!important;color:#000000;\" target=\"_blank\"    title=\"\"><span class=\"button_icon\"><i class=\"icon-acrobat\"  style=\"color:#000000!important;\" aria-hidden=\"true\"><\/i><\/span><span class=\"button_label\"><strong>FineR-UH-Hardener-SDS_EN.pdf<\/strong><\/span><\/a>\n\n<p>Potrzebujesz wi\u0119kszych ilo\u015bci \u017cywicy epoksydowej &#8211; prosimy o kontakt z nami: <strong>+48 534 005 534<\/strong> \/ <a href=\"mailto:info@finewoodencreations.com\"><strong>info@finewoodencreations.com<\/strong><\/a><\/p>\n<p>Nasze aktualne prace wykonane FineR Uni znajdziesz na stronie\u00a0<a href=\"http:\/\/www.facebook.com\/FineWoodenCreations\">www.facebook.com\/FineWoodenCreations<\/a><\/p>\n","protected":false},"excerpt":{"rendered":"<p><strong>Uniwersalna<\/strong> \u017cywica epoksydowa do <strong>szerokiego zakresu zastosowa\u0144<\/strong>.<\/p>\n<p>Szybko si\u0119 utwardza, jest krystalicznie przejrzysta.<\/p>\n<p>\u017bywica artystyczna, naprawcza lub do majsterkowania.<\/p>\n<h6><strong><span style=\"color: #ff9900\"><i class=\"icon-truck-line\" style=\"\" aria-hidden=\"true\"><\/i><\/span> Dostawa z naszego magazynu!<\/strong><\/h6>\n<h6><strong><span style=\"color: #ff9900\"><i class=\"icon-credit-card\" style=\"\" aria-hidden=\"true\"><\/i><\/span> MasterCard, VISA, PayPal, Google Pay, Apple Pay, przelew<\/strong><\/h6>\n<h6><strong><span style=\"color: #ff9900\"><i class=\"icon-clock\" style=\"\" aria-hidden=\"true\"><\/i><\/span> Szybka dostawa &#8211; nawet tego samego dnia!<\/strong><\/h6>\n<h6><strong><span style=\"color: #ff9900\"><i class=\"icon-lock\" style=\"\" aria-hidden=\"true\"><\/i><\/span> Bezpieczna p\u0142atno\u015b\u0107<\/strong><\/h6>\n","protected":false},"featured_media":17816,"template":"","meta":{"footnotes":""},"product_brand":[],"product_cat":[337],"product_tag":[],"class_list":{"0":"post-17801","1":"product","2":"type-product","3":"status-publish","4":"has-post-thumbnail","6":"product_cat-zywica-epoksydowa","7":"tm-has-options","9":"first","10":"instock","11":"sale","12":"taxable","13":"shipping-taxable","14":"purchasable","15":"product-type-simple"},"bundled_by":[],"bundle_stock_status":"instock","bundle_stock_quantity":null,"bundle_virtual":false,"bundle_layout":"","bundle_add_to_cart_form_location":"","bundle_editable_in_cart":false,"bundle_sold_individually_context":"","bundle_item_grouping":"","bundle_min_size":"","bundle_max_size":"","bundle_price":[],"bundled_items":[],"bundle_sell_ids":[],"_links":{"self":[{"href":"https:\/\/finewoodencreations.com\/pl\/wp-json\/wp\/v2\/product\/17801","targetHints":{"allow":["GET"]}}],"collection":[{"href":"https:\/\/finewoodencreations.com\/pl\/wp-json\/wp\/v2\/product"}],"about":[{"href":"https:\/\/finewoodencreations.com\/pl\/wp-json\/wp\/v2\/types\/product"}],"version-history":[{"count":10,"href":"https:\/\/finewoodencreations.com\/pl\/wp-json\/wp\/v2\/product\/17801\/revisions"}],"predecessor-version":[{"id":38356,"href":"https:\/\/finewoodencreations.com\/pl\/wp-json\/wp\/v2\/product\/17801\/revisions\/38356"}],"wp:featuredmedia":[{"embeddable":true,"href":"https:\/\/finewoodencreations.com\/pl\/wp-json\/wp\/v2\/media\/17816"}],"wp:attachment":[{"href":"https:\/\/finewoodencreations.com\/pl\/wp-json\/wp\/v2\/media?parent=17801"}],"wp:term":[{"taxonomy":"product_brand","embeddable":true,"href":"https:\/\/finewoodencreations.com\/pl\/wp-json\/wp\/v2\/product_brand?post=17801"},{"taxonomy":"product_cat","embeddable":true,"href":"https:\/\/finewoodencreations.com\/pl\/wp-json\/wp\/v2\/product_cat?post=17801"},{"taxonomy":"product_tag","embeddable":true,"href":"https:\/\/finewoodencreations.com\/pl\/wp-json\/wp\/v2\/product_tag?post=17801"}],"curies":[{"name":"wp","href":"https:\/\/api.w.org\/{rel}","templated":true}]}}