{"id":17293,"date":"2020-05-22T11:16:48","date_gmt":"2020-05-22T09:16:48","guid":{"rendered":"https:\/\/finewoodencreations.com\/?post_type=product&#038;p=17293"},"modified":"2025-01-08T11:00:14","modified_gmt":"2025-01-08T11:00:14","slug":"turkusowy-pigment-swiecacy-100gr","status":"publish","type":"product","link":"https:\/\/finewoodencreations.com\/pl\/shop\/dyes-pigments\/glowing-pigments\/turkusowy-pigment-swiecacy-100gr\/","title":{"rendered":"Turkusowy pigment \u015bwiec\u0105cy 100gr"},"content":{"rendered":"<p><strong>Luminescencyjny pigment turkusowy<\/strong> to jeden z najpopularniejszych luminofor\u00f3w. <strong>Du\u017ca moc \u015bwiecenia<\/strong>, wszechstronne zastosowanie,<strong> mo\u017cliwo\u015b\u0107 mieszania z transparentnymi barwnikami<\/strong> daje bardzo du\u017ce mo\u017cliwo\u015bci.<\/p>\n<p>Turkusowy pigment \u015bwiec\u0105cy jest<strong> jednym z najcz\u0119\u015bciej wykorzystywanym<\/strong> przy produkcji naszych sto\u0142\u00f3w z \u017cywicami do wype\u0142nie\u0144 ubytk\u00f3w, tworzenia efekt\u00f3w 3D czy budowania \u015bwiec\u0105cych kanion\u00f3w.<\/p>\n<p>\u015aredniej wielko\u015bci ziarno 100-120um (0,1-0,12mm) pozwala uzyska\u0107 optymalne efekty &#8211; do\u015b\u0107 d\u0142ugi czas \u015bwiecenia kosztem wi\u0119kszej wagi ziaren i szybszego opadania w no\u015bniku jak np.\u017cywice, plastiki, lakiery, woski, silikony. W przypadku wielu zastosowa\u0144 nie jest to istotna przeszkoda. <strong>Obok \u017c\u00f3\u0142to-zielonego pigmentu<\/strong> \u015bwiec\u0105cego jest to najpopularniejszy pigment do mieszania z \u017cywicami epoksydowymi i uzyskiwania efekt\u00f3w jakie mo\u017cecie podziwia\u0107 w naszej galerii.<\/p>\n<p>&nbsp;<\/p>\n<h5><strong>Istotne informacje o pigmencie \u015bwiec\u0105cym<\/strong><\/h5>\n<p>Pigment \u015bwiec\u0105cy w ciemno\u015bci to proszek produkowany na bazie glinianu strontu &#8211; jest to nowa generacja pigment\u00f3w znacznie przewy\u017cszaj\u0105ca te oparte na siarczkach. <strong>Proszek nie jest palny ani radioaktywny<\/strong>. Jest te\u017c <strong>przyjazny dla \u015brodowiska<\/strong> i nie wykazuje toksycznych w\u0142a\u015bciwo\u015bci.<\/p>\n<p>Jednak\u017ce z uwagi na mo\u017cliwo\u015b\u0107 podra\u017cnienia zaleca si\u0119 podczas pracy z surowym pigmentem unika\u0107 kontaktu z oczami oraz drogami oddechowymi. Produkt poch\u0142ania zar\u00f3wno \u015bwiat\u0142o widzialne, jak i UV.<\/p>\n<p>W przeciwie\u0144stwie do starszych pigment\u00f3w \u015bwiat\u0142o UV nie powoduje jego &#8220;wypalenia&#8221;.<\/p>\n<p>Pigment nie jest wodoodporny co oznacza, \u017ce nale\u017cy go stosowa\u0107 z medium nie zawieraj\u0105cym wody &#8211; np. \u017cywice, plastiki, lakiery, woski, silikony itp. Nale\u017cy te\u017c zwr\u00f3ci\u0107 uwag\u0119 aby medium nie mia\u0142o silnie kwa\u015bnego lub zasadowego odczynu &#8211; w tym przypadku pigment mo\u017ce r\u00f3wnie\u017c ulec rozk\u0142adowi.<\/p>\n<p>&nbsp;<\/p>\n<h5><strong>Podstawowe zasady pracy z pigmentem<\/strong><\/h5>\n<p>Zale\u017cnie od u\u017cytego no\u015bnika, jak i po\u017c\u0105danego efektu sugerujemy u\u017cycie od 5% do 30% pigmentu w mieszance. Przed przyst\u0105pieniem do w\u0142a\u015bciwiej pracy zalecamy przeprowadzi\u0107 kilka pr\u00f3b z r\u00f3\u017cnymi proporcjami, aby okre\u015bli\u0107 jaki efekt najbardziej nas zadowala.<\/p>\n<p>Sama baza w jakiej pigment jest rozrabiany powinna by\u0107 prze\u017aroczysta tak, aby z jednej strony umo\u017cliwi\u0107 pigmentowi poch\u0142anianie \u015bwiat\u0142a z otoczenia, a z drugiej strony nie obni\u017ca\u0107 jego emisji \u015bwietlnej. Mo\u017cemy no\u015bnik dodatkowo podbarwi\u0107 tak aby za dnia uzyska\u0107 barw\u0119 koresponduj\u0105c\u0105 z kolorem \u015bwiecenia w ciemno\u015bci &#8211; ale podbarwienie powinno by\u0107 mo\u017cliwie jak najmniejsze tak aby zachowa\u0107 prze\u017aroczysto\u015b\u0107 no\u015bnika.<\/p>\n<p>Je\u015bli nanosimy pigment cienk\u0105 warstw\u0105 (np. malujemy \u015bcian\u0119 farb\u0105 otrzyman\u0105 na bazie pigmentu) wa\u017cne jest, aby wcze\u015bniej przemalowa\u0107 pod\u0142o\u017ce na bia\u0142o &#8211; ciemny kolor pod\u0142o\u017ca mo\u017ce skutecznie obni\u017cy\u0107 zdolno\u015b\u0107 do \u015bwiecenia pigmentu. Uzyskuje si\u0119 te\u017c lepsze efekty nanosz\u0105c 2-3 cienkie warstwy ni\u017c jedn\u0105 grub\u0105.<\/p>\n<p>Je\u015bli u\u017cywamy pigmentu do wype\u0142niania g\u0142\u0119bokich p\u0119kni\u0119\u0107 np w blatach z \u017cywic\u0105 &#8211; powinni\u015bmy si\u0119 stara\u0107 ulokowa\u0107 pigment jak najbli\u017cej powierzchni aby umo\u017cliwi\u0107 jego \u0142adowanie i \u015bwiecenie.\u00a0 Pigment po utwardzeniu z \u017cywic\u0105 jest mas\u0105 dobrze poddaj\u0105c\u0105 si\u0119 obr\u00f3bce &#8211; szlifowaniu czy przecieraniu.<\/p>\n<p>Pigment nie jest wodoodporny. W zwi\u0105zku z tym powinni\u015bmy go przechowywa\u0107 w suchym miejscu, szczelnie zamkni\u0119ty. W trakcie pracy z pigmentem powinni\u015bmy r\u00f3wnie\u017c zadba\u0107 o to, aby no\u015bnik by\u0142 wolny od domieszek wody.<\/p>\n<p>Ze wzgl\u0119du na swoj\u0105 wag\u0119 ziaren ulega on sedymentacji czyli opadaniu na dno w wyniku dzia\u0142ania grawitacji.<\/p>\n<p>&nbsp;<\/p>\n<h5><strong>Cechy pigmentu<\/strong><\/h5>\n<ul>\n<li><strong>Czas \u015bwiecenia<\/strong>: ok 12 godzin, jednak\u017ce najlepsze efekty s\u0105 widoczne przez pierwsze 2-3 godziny.<\/li>\n<li><strong>Odporno\u015b\u0107 na temperatur\u0119:<\/strong> w przedziale -40C do 850C.<\/li>\n<li><strong>Trwa\u0142o\u015b\u0107:<\/strong> 15 lat.<\/li>\n<li><strong>Wodoodporno\u015b\u0107<\/strong>: nie<\/li>\n<li><strong>Toksyczno\u015b\u0107<\/strong>: nie<\/li>\n<li><strong>Radioaktywno\u015b\u0107<\/strong>: nie<\/li>\n<li><strong>Rozmiar ziarna<\/strong>: 100-120um (0,1-0,12mm)<\/li>\n<li><strong>Emisja \u015bwietlna<\/strong>:wg normy DIN67 510 w mcd\/m2 w wybranych odst\u0119pach czasu od ustania o\u015bwietlenia: 10s &#8211; 6144, 1min &#8211; 3035, 5min &#8211; 1027, 10min &#8211; 554, 30min &#8211; 167, 60min &#8211; 70, 120min &#8211; 28, 600min &#8211; 3.<\/li>\n<li><strong>Emitowana barwa \u015bwiat\u0142a<\/strong>: turkusowa<\/li>\n<\/ul>\n<p>&nbsp;<\/p>\n","protected":false},"excerpt":{"rendered":"<p>Niezwykle efektowne \u015bwiec\u0105ce formy uzyskasz z pigmentami luminescencyjnymi. Ka\u017cdy z naszych pigment\u00f3w zmieszasz z \u017cywic\u0105, farb\u0105, plastikiem&#8230;<\/p>\n<p>\u015awiec\u0105 nawet <strong>po 10 godzin<\/strong>!<\/p>\n","protected":false},"featured_media":17276,"template":"","meta":{"footnotes":""},"product_brand":[],"product_cat":[349],"product_tag":[],"class_list":{"0":"post-17293","1":"product","2":"type-product","3":"status-publish","4":"has-post-thumbnail","6":"product_cat-glowing-pigments","7":"tm-has-options","9":"first","10":"instock","11":"taxable","12":"shipping-taxable","13":"purchasable","14":"product-type-simple"},"bundled_by":[],"bundle_stock_status":"instock","bundle_stock_quantity":null,"bundle_virtual":false,"bundle_layout":"","bundle_add_to_cart_form_location":"","bundle_editable_in_cart":false,"bundle_sold_individually_context":"","bundle_item_grouping":"","bundle_min_size":"","bundle_max_size":"","bundle_price":[],"bundled_items":[],"bundle_sell_ids":[],"_links":{"self":[{"href":"https:\/\/finewoodencreations.com\/pl\/wp-json\/wp\/v2\/product\/17293","targetHints":{"allow":["GET"]}}],"collection":[{"href":"https:\/\/finewoodencreations.com\/pl\/wp-json\/wp\/v2\/product"}],"about":[{"href":"https:\/\/finewoodencreations.com\/pl\/wp-json\/wp\/v2\/types\/product"}],"version-history":[{"count":3,"href":"https:\/\/finewoodencreations.com\/pl\/wp-json\/wp\/v2\/product\/17293\/revisions"}],"predecessor-version":[{"id":18693,"href":"https:\/\/finewoodencreations.com\/pl\/wp-json\/wp\/v2\/product\/17293\/revisions\/18693"}],"wp:featuredmedia":[{"embeddable":true,"href":"https:\/\/finewoodencreations.com\/pl\/wp-json\/wp\/v2\/media\/17276"}],"wp:attachment":[{"href":"https:\/\/finewoodencreations.com\/pl\/wp-json\/wp\/v2\/media?parent=17293"}],"wp:term":[{"taxonomy":"product_brand","embeddable":true,"href":"https:\/\/finewoodencreations.com\/pl\/wp-json\/wp\/v2\/product_brand?post=17293"},{"taxonomy":"product_cat","embeddable":true,"href":"https:\/\/finewoodencreations.com\/pl\/wp-json\/wp\/v2\/product_cat?post=17293"},{"taxonomy":"product_tag","embeddable":true,"href":"https:\/\/finewoodencreations.com\/pl\/wp-json\/wp\/v2\/product_tag?post=17293"}],"curies":[{"name":"wp","href":"https:\/\/api.w.org\/{rel}","templated":true}]}}