{"id":17119,"date":"2020-05-11T14:32:20","date_gmt":"2020-05-18T08:32:20","guid":{"rendered":"https:\/\/finewoodencreations.com\/?post_type=product&#038;p=17119"},"modified":"2025-01-08T08:33:08","modified_gmt":"2025-01-08T08:33:08","slug":"stabilizator-uv-do-zywicy-epoksydowej-100gr","status":"publish","type":"product","link":"https:\/\/finewoodencreations.com\/pl\/shop\/zywica-epoksydowa\/stabilizator-uv-do-zywicy-epoksydowej-100gr\/","title":{"rendered":"Stabilizator UV do \u017cywicy epoksydowej 100gr"},"content":{"rendered":"<p>\u017bywica epoksydowa to doskona\u0142y materia\u0142 do wielu prac. Utwardzacz dodawany do \u017cywicy epoksydowej jest g\u0142\u00f3wnym sk\u0142adnikiem definiuj\u0105cym odporno\u015b\u0107 na \u017c\u00f3\u0142kni\u0119cie.<\/p>\n<p>Utwardzacz do naszych \u017cywic posiada bardzo dobr\u0105 odporno\u015b\u0107 na promieniowanie UV.\u00a0 Zalecamy jednak u\u017cycie blokera UV &#8211; zw\u0142aszcza przy projektach z \u017cywic\u0105 do u\u017cytku na zewn\u0105trz poniewa\u017c przy d\u0142u\u017cszym dzia\u0142aniu promienuiowania UV na \u017cywice mo\u017ce ona <strong>\u017c\u00f3\u0142kn\u0105\u0107 i traci\u0107 wodoszczelno\u015b\u0107<\/strong>.<\/p>\n<p>Dzi\u0119ki dedykowanemu <strong>stabilizatorowi UV (bloker UV)<\/strong> mo\u017cemy <strong>zapobiec \u017c\u00f3\u0142kni\u0119ciu i zanikowi wodoszczelno\u015bci.<\/strong><\/p>\n<p>Wystarczy doda\u0107 <strong>1% blokera UV<\/strong> do mieszanki \u017cywicy i utwardzacza aby znacznie <strong>zwi\u0119kszy\u0107 jej odporno\u015b\u0107<\/strong> na niekorzystne warunki lub doda\u0107 stabilizator UV do \u017cywicy a po wymieszaniu doda\u0107 utwardzacz.<\/p>\n<p>Stabilizator UV nie wp\u0142ywa na kolor czy transparentno\u015b\u0107 \u017cywicy.<\/p>\n<p>Za pomoc\u0105 do\u0142\u0105czonej strzykawki mo\u017cna \u0142atwo i dok\u0142adnie dozowa\u0107 stabilizator.<\/p>\n<p style=\"text-align: center;\"><strong>Typowe \u017c\u00f3\u0142kni\u0119cie \u017cywicy w \u015bwietle s\u0142onecznym po ok 6 miesi\u0105cach<\/strong><\/p>\n<pre><div class=\"before_after twentytwenty-container\" data-before=\"Przed\" data-after=\"Po\"><img loading=\"lazy\" decoding=\"async\" width=\"900\" height=\"341\" src=\"https:\/\/finewoodencreations.com\/wp-content\/uploads\/2020\/05\/before900.jpg\" class=\"attachment-full size-full\" alt=\"\" srcset=\"https:\/\/finewoodencreations.com\/wp-content\/uploads\/2020\/05\/before900.jpg 900w, https:\/\/finewoodencreations.com\/wp-content\/uploads\/2020\/05\/before900-600x227.jpg 600w, https:\/\/finewoodencreations.com\/wp-content\/uploads\/2020\/05\/before900-400x152.jpg 400w, https:\/\/finewoodencreations.com\/wp-content\/uploads\/2020\/05\/before900-768x291.jpg 768w, https:\/\/finewoodencreations.com\/wp-content\/uploads\/2020\/05\/before900-260x99.jpg 260w, https:\/\/finewoodencreations.com\/wp-content\/uploads\/2020\/05\/before900-50x19.jpg 50w, https:\/\/finewoodencreations.com\/wp-content\/uploads\/2020\/05\/before900-150x57.jpg 150w, https:\/\/finewoodencreations.com\/wp-content\/uploads\/2020\/05\/before900-800x303.jpg 800w\" sizes=\"auto, (max-width:767px) 480px, (max-width:900px) 100vw, 900px\" \/><img loading=\"lazy\" decoding=\"async\" width=\"900\" height=\"341\" src=\"https:\/\/finewoodencreations.com\/wp-content\/uploads\/2020\/05\/after900.jpg\" class=\"attachment-full size-full\" alt=\"\" srcset=\"https:\/\/finewoodencreations.com\/wp-content\/uploads\/2020\/05\/after900.jpg 900w, https:\/\/finewoodencreations.com\/wp-content\/uploads\/2020\/05\/after900-600x227.jpg 600w, https:\/\/finewoodencreations.com\/wp-content\/uploads\/2020\/05\/after900-400x152.jpg 400w, https:\/\/finewoodencreations.com\/wp-content\/uploads\/2020\/05\/after900-768x291.jpg 768w, https:\/\/finewoodencreations.com\/wp-content\/uploads\/2020\/05\/after900-260x99.jpg 260w, https:\/\/finewoodencreations.com\/wp-content\/uploads\/2020\/05\/after900-50x19.jpg 50w, https:\/\/finewoodencreations.com\/wp-content\/uploads\/2020\/05\/after900-150x57.jpg 150w, https:\/\/finewoodencreations.com\/wp-content\/uploads\/2020\/05\/after900-800x303.jpg 800w\" sizes=\"auto, (max-width:767px) 480px, (max-width:900px) 100vw, 900px\" \/><\/div>\n<\/pre>\n<p>Dozowanie stabilizatora UV:<\/p>\n<ul>\n<li><strong>20 gram<\/strong> wystarcza na 1,5 kg \u017cywicy epoksydowej.<\/li>\n<li><strong>40 gram<\/strong> wystarcza na 3,0 kg \u017cywicy epoksydowej.<\/li>\n<li><strong>100 gram<\/strong> wystarcza na 7,5 kg \u017cywicy epoksydowej.<\/li>\n<li><strong>200 gram<\/strong> wystarcza na 15 kg \u017cywicy epoksydowej.<\/li>\n<\/ul>\n<p><b>Uwaga:<\/b> Stabilizator UV mo\u017ce krystalizowa\u0107 si\u0119 pod wp\u0142ywem zmian temperatury. Poprzez podgrzanie opakowania przed u\u017cyciem, substancja ponownie staje si\u0119 p\u0142ynna.<\/p>\n<p>Za pomoc\u0105 do\u0142\u0105czonej strzykawki mo\u017cna \u0142atwo i dok\u0142adnie dozowa\u0107: 1 cc r\u00f3wna si\u0119 1 gram.\u00a0Na przyk\u0142ad, je\u015bli zrobisz 300 gram\u00f3w mieszanki (\u017cywica i utwardzacz), dodaj 3 gramy (= 3 cc) stabilizatora UV do mieszaniny.<br \/>\nTrzymaj si\u0119 dozowania. Przedawkowanie powy\u017cej 2% mo\u017ce da\u0107 efekt \u017c\u00f3\u0142kni\u0119cia.<\/p>\n<p><strong>Termin przydatno\u015bci do u\u017cycia:<\/strong> Co najmniej 2 lata przy zamkni\u0119tym opakowaniu.<\/p>\n<p>Bloker UV mo\u017ce by\u0107 stosowany z rodzin\u0105 \u017cywic <strong><a href=\"https:\/\/finewoodencreations.com\/pl\/kategoria-produktu\/zywica-epoksydowa\/\">FineR<\/a>.<\/strong><\/p>\n<h5>Pliki do pobrania<\/h5>\n<a class=\"button  button_left button_size_2\" href=\"https:\/\/finewoodencreations.com\/wp-content\/uploads\/2020\/08\/UV_stabilizer-tech_data_sheet.pdf\"     style=\"background-color:#f7f7f7!important;color:#000000;\" target=\"_blank\"    title=\"\"><span class=\"button_icon\"><i class=\"icon-acrobat\"  style=\"color:#000000!important;\" aria-hidden=\"true\"><\/i><\/span><span class=\"button_label\"><strong>UV_stabilizer-tech_data_sheet.pdf<\/strong><\/span><\/a>\n\n<p>&nbsp;<\/p>\n<p>Potrzebujesz wi\u0119kszych ilo\u015bci stabilizatora UV &#8211; prosimy o kontakt z nami: <strong>+48 534 005 534<\/strong> \/ <a href=\"mailto:info@finewoodencreations.com\"><strong>info@finewoodencreations.com<\/strong><\/a><\/p>\n","protected":false},"excerpt":{"rendered":"<p>Najwy\u017cszej jako\u015bci stabilizator UV zwi\u0119ksza kilkukrotnie odporno\u015b\u0107 transparentnej \u017cywicy epoksydowej na promieniowanie UV i zapobiega jej \u017c\u00f3\u0142kni\u0119ciu.<\/p>\n<p>Z powodzeniem mo\u017ce by\u0107 u\u017cywany z seri\u0105 \u017cywic <strong><a href=\"https:\/\/finewoodencreations.com\/pl\/kategoria-produktu\/zywica-epoksydowa\/\">FineR<\/a>.<\/strong><\/p>\n<h6><strong><span style=\"color: #ff9900;\"><i class=\"icon-truck-line\" style=\"\" aria-hidden=\"true\"><\/i><\/span> Dostawa z naszego magazynu!<\/strong><\/h6>\n<h6><strong><span style=\"color: #ff9900;\"><i class=\"icon-credit-card\" style=\"\" aria-hidden=\"true\"><\/i><\/span> MasterCard, VISA, PayPal, Google Pay, Apple Pay, przelew<\/strong><\/h6>\n<h6><strong><span style=\"color: #ff9900;\"><i class=\"icon-clock\" style=\"\" aria-hidden=\"true\"><\/i><\/span> Szybka dostawa &#8211; nawet tego samego dnia!<\/strong><\/h6>\n<h6><strong><span style=\"color: #ff9900;\"><i class=\"icon-lock\" style=\"\" aria-hidden=\"true\"><\/i><\/span> Bezpieczna p\u0142atno\u015b\u0107<\/strong><\/h6>\n","protected":false},"featured_media":17102,"template":"","meta":{"footnotes":""},"product_brand":[],"product_cat":[337,348],"product_tag":[],"class_list":{"0":"post-17119","1":"product","2":"type-product","3":"status-publish","4":"has-post-thumbnail","6":"product_cat-zywica-epoksydowa","7":"product_cat-stabilizator-uv","8":"tm-has-options","10":"first","11":"instock","12":"taxable","13":"shipping-taxable","14":"purchasable","15":"product-type-simple"},"bundled_by":[],"bundle_stock_status":"instock","bundle_stock_quantity":null,"bundle_virtual":false,"bundle_layout":"","bundle_add_to_cart_form_location":"","bundle_editable_in_cart":false,"bundle_sold_individually_context":"","bundle_item_grouping":"","bundle_min_size":"","bundle_max_size":"","bundle_price":[],"bundled_items":[],"bundle_sell_ids":[],"_links":{"self":[{"href":"https:\/\/finewoodencreations.com\/pl\/wp-json\/wp\/v2\/product\/17119","targetHints":{"allow":["GET"]}}],"collection":[{"href":"https:\/\/finewoodencreations.com\/pl\/wp-json\/wp\/v2\/product"}],"about":[{"href":"https:\/\/finewoodencreations.com\/pl\/wp-json\/wp\/v2\/types\/product"}],"version-history":[{"count":8,"href":"https:\/\/finewoodencreations.com\/pl\/wp-json\/wp\/v2\/product\/17119\/revisions"}],"predecessor-version":[{"id":35454,"href":"https:\/\/finewoodencreations.com\/pl\/wp-json\/wp\/v2\/product\/17119\/revisions\/35454"}],"wp:featuredmedia":[{"embeddable":true,"href":"https:\/\/finewoodencreations.com\/pl\/wp-json\/wp\/v2\/media\/17102"}],"wp:attachment":[{"href":"https:\/\/finewoodencreations.com\/pl\/wp-json\/wp\/v2\/media?parent=17119"}],"wp:term":[{"taxonomy":"product_brand","embeddable":true,"href":"https:\/\/finewoodencreations.com\/pl\/wp-json\/wp\/v2\/product_brand?post=17119"},{"taxonomy":"product_cat","embeddable":true,"href":"https:\/\/finewoodencreations.com\/pl\/wp-json\/wp\/v2\/product_cat?post=17119"},{"taxonomy":"product_tag","embeddable":true,"href":"https:\/\/finewoodencreations.com\/pl\/wp-json\/wp\/v2\/product_tag?post=17119"}],"curies":[{"name":"wp","href":"https:\/\/api.w.org\/{rel}","templated":true}]}}