{"id":44159,"date":"2021-11-02T17:41:13","date_gmt":"2021-11-02T17:41:13","guid":{"rendered":"https:\/\/finewoodencreations.com\/shop\/non%20class\u00e9\/finer-medium-casting-epoxy-resin-for-deep-pour-1-3kg\/"},"modified":"2023-12-03T15:58:43","modified_gmt":"2023-12-03T15:58:43","slug":"finer-medium-coulee-de-resine-epoxy-pour-une-coulee-profonde-1-3kg","status":"publish","type":"product","link":"https:\/\/finewoodencreations.com\/fr\/shop\/resine-epoxy\/finer-medium-coulee-de-resine-epoxy-pour-une-coulee-profonde-1-3kg\/","title":{"rendered":"FineR MEDIUM Coul\u00e9e de r\u00e9sine \u00e9poxy pour une coul\u00e9e profonde 1,3kg"},"content":{"rendered":"<p><strong>&#8220;FineR MEDIUM&#8221;\u00a0<\/strong>La <strong>r\u00e9sine \u00e9poxy de coul\u00e9e<\/strong> est une r\u00e9sine de coul\u00e9e \u00e9poxy de haute qualit\u00e9 pour des coul\u00e9es tr\u00e8s transparentes. Sa grande capacit\u00e9 \u00e0 couler de grandes pi\u00e8ces, sa parfaite \u00e9limination des bulles d&#8217;air, son durcissement tr\u00e8s doux et sa transparence cristalline en font une excellente r\u00e9sine pour couler des tables de rivi\u00e8re et des plateaux de table en \u00e9poxy.<\/p>\n<p>La r\u00e9sine de coul\u00e9e \u00e9poxy est id\u00e9ale pour couler des objets tels que des figurines, des pierres, diff\u00e9rents objets fragiles ou simplement pour recouvrir des photos. Cette r\u00e9sine peut \u00eatre utilis\u00e9e avec succ\u00e8s pour couler des couches \u00e9paisses sur des plateaux de table, de cuisine, etc.<br \/>\nDu fait de son durcisseur lent et de son long temps de durcissement, les bulles ont la possibilit\u00e9 de s&#8217;\u00e9chapper. Vous avez \u00e9galement le temps d&#8217;apporter des modifications \u00e0 votre projet si n\u00e9cessaire.<\/p>\n<p>&nbsp;<\/p>\n<h5>Pigments, poudre incandescente, perle &amp;\u00a0 pigments m\u00e9talliques, encre et couleurs<\/h5>\n<p>Notre <strong>R\u00e9sine \u00e9poxy FineR MEDIUM<\/strong> peut \u00eatre facilement m\u00e9lang\u00e9e avec de nombreux types de pigments, d&#8217;encres ou de poudres. Vous pouvez m\u00e9langer les couleurs pour obtenir les couleurs et les nuances dont vous avez besoin. De la poudre phosphorescente peut bien s\u00fbr \u00eatre ajout\u00e9e et est \u00e9galement disponible. En g\u00e9n\u00e9ral, pour obtenir un effet lumineux optimal, vous pouvez utiliser entre 5 % et 50 %.<br \/>\nVous pouvez obtenir de superbes effets color\u00e9s avec les syst\u00e8mes LED &#8211; vous pouvez consulter nos projets r\u00e9alis\u00e9s avec cette r\u00e9sine et l&#8217;\u00e9clairage LED.<\/p>\n<p>&nbsp;<\/p>\n<h5>Avantages de la r\u00e9sine \u00e9poxy &#8220;FineR MEDIUM&#8221; pour la coul\u00e9e en profondeur :<\/h5>\n<ul>\n<li><strong>Rapport de m\u00e9lange : 100:30 en poids<\/strong><\/li>\n<li><strong>Durcisseur inclus<\/strong><\/li>\n<li>Les coul\u00e9es profondes sont possibles jusqu&#8217;\u00e0 5 cm d&#8217;\u00e9paisseur par couche<\/li>\n<li>R\u00e9sultat final tr\u00e8s transparent<\/li>\n<li>Extr\u00eamement clair<\/li>\n<li>Temps de traitement long<\/li>\n<li>Tr\u00e8s bonne ventilation gr\u00e2ce \u00e0 la faible viscosit\u00e9<\/li>\n<li>N&#8217;endommage pas les couches inf\u00e9rieures de la peinture<\/li>\n<li>Tr\u00e8s bonne r\u00e9sistance aux UV. Il peut \u00eatre encore mieux prot\u00e9g\u00e9 avec un stabilisateur UV suppl\u00e9mentaire.<\/li>\n<li>Vous pouvez l&#8217;utiliser \u00e0 l&#8217;ext\u00e9rieur sans effet de jaunissement gr\u00e2ce \u00e0 notre stabilisateur UV.<\/li>\n<li>Des pigments, de la poudre et de l&#8217;encre peuvent facilement \u00eatre ajout\u00e9s pour obtenir des effets \u00e9tonnants.<\/li>\n<li>Vous pouvez verser plusieurs couches les unes sur les autres<\/li>\n<li>Surface lisse et vitreuse<\/li>\n<li>Tr\u00e8s faible d\u00e9gagement de chaleur<\/li>\n<li>Ne sent pas\/peu. Odeur neutre<\/li>\n<\/ul>\n<p>&nbsp;<\/p>\n<p>La r\u00e9sine \u00e9poxy transparente \u00e0 coul\u00e9e profonde est id\u00e9ale pour les applications suivantes :<\/p>\n<ul>\n<li>Zones de coul\u00e9e larges et profondes comme les tables de rivi\u00e8re ou les moules<\/li>\n<li><span class=\"a-list-item\">Rev\u00eatement de surface pour tables, sols, bois, b\u00e9ton<\/span><\/li>\n<li>Parfait pour l&#8217;art de la r\u00e9sine<\/li>\n<li>Travaux de bricolage<\/li>\n<li>R\u00e9paration de bateaux<\/li>\n<li>A utiliser avec la fibre de verre, la fibre de carbone<\/li>\n<\/ul>\n<p>&nbsp;<\/p>\n\n\t\t\t<style type='text\/css'>\n\t\t\t\t#sc_gallery-1 {\n\t\t\t\t\tmargin: auto;\n\t\t\t\t}\n\t\t\t\t#sc_gallery-1 .gallery-item {\n\t\t\t\t\tfloat: left;\n\t\t\t\t\ttext-align: center;\n\t\t\t\t\twidth: 24.99%;\n\t\t\t\t}\n\t\t\t\t#sc_gallery-1 img {\n\t\t\t\t\tborder: 2px solid #cfcfcf;\n\t\t\t\t}\n\t\t\t\t\/* see sc_gallery() in functions\/theme-shortcodes.php *\/\n\t\t\t<\/style>\n\t\t<div id='sc_gallery-1' class='gallery galleryid-44159 gallery-columns-4 gallery-size-full file element_classes masonry'><dl class='gallery-item'  data-title='finer medium set 1280' data-description=''><div class='gallery-item-wrapper'>\n\t\t\t\t<dt class='gallery-icon landscape'>\n\t\t\t\t\t<a href='https:\/\/finewoodencreations.com\/wp-content\/uploads\/2021\/11\/finer-medium-set-1280.jpg'><img loading=\"lazy\" decoding=\"async\" width=\"1280\" height=\"971\" src=\"https:\/\/finewoodencreations.com\/wp-content\/uploads\/2021\/11\/finer-medium-set-1280.jpg\" class=\"attachment-full size-full\" alt=\"\" srcset=\"https:\/\/finewoodencreations.com\/wp-content\/uploads\/2021\/11\/finer-medium-set-1280.jpg 1280w, https:\/\/finewoodencreations.com\/wp-content\/uploads\/2021\/11\/finer-medium-set-1280-600x455.jpg 600w, https:\/\/finewoodencreations.com\/wp-content\/uploads\/2021\/11\/finer-medium-set-1280-400x303.jpg 400w, https:\/\/finewoodencreations.com\/wp-content\/uploads\/2021\/11\/finer-medium-set-1280-1024x777.jpg 1024w, https:\/\/finewoodencreations.com\/wp-content\/uploads\/2021\/11\/finer-medium-set-1280-768x583.jpg 768w, https:\/\/finewoodencreations.com\/wp-content\/uploads\/2021\/11\/finer-medium-set-1280-192x146.jpg 192w, https:\/\/finewoodencreations.com\/wp-content\/uploads\/2021\/11\/finer-medium-set-1280-50x38.jpg 50w, https:\/\/finewoodencreations.com\/wp-content\/uploads\/2021\/11\/finer-medium-set-1280-99x75.jpg 99w, https:\/\/finewoodencreations.com\/wp-content\/uploads\/2021\/11\/finer-medium-set-1280-800x607.jpg 800w, https:\/\/finewoodencreations.com\/wp-content\/uploads\/2021\/11\/finer-medium-set-1280-79x60.jpg 79w, https:\/\/finewoodencreations.com\/wp-content\/uploads\/2021\/11\/finer-medium-set-1280-119x90.jpg 119w\" sizes=\"auto, (max-width:767px) 480px, (max-width:1280px) 100vw, 1280px\" \/><\/a>\n\t\t\t\t<\/dt><\/div><\/dl><dl class='gallery-item'  data-title='deep_purple_08_waterm' data-description=''><div class='gallery-item-wrapper'>\n\t\t\t\t<dt class='gallery-icon landscape'>\n\t\t\t\t\t<a href='https:\/\/finewoodencreations.com\/wp-content\/uploads\/2020\/04\/deep_purple_08_waterm-3.jpg'><img loading=\"lazy\" decoding=\"async\" width=\"1024\" height=\"768\" src=\"https:\/\/finewoodencreations.com\/wp-content\/uploads\/2020\/04\/deep_purple_08_waterm-3.jpg\" class=\"attachment-full size-full\" alt=\"\" srcset=\"https:\/\/finewoodencreations.com\/wp-content\/uploads\/2020\/04\/deep_purple_08_waterm-3.jpg 1024w, https:\/\/finewoodencreations.com\/wp-content\/uploads\/2020\/04\/deep_purple_08_waterm-3-600x450.jpg 600w, https:\/\/finewoodencreations.com\/wp-content\/uploads\/2020\/04\/deep_purple_08_waterm-3-400x300.jpg 400w, https:\/\/finewoodencreations.com\/wp-content\/uploads\/2020\/04\/deep_purple_08_waterm-3-768x576.jpg 768w, https:\/\/finewoodencreations.com\/wp-content\/uploads\/2020\/04\/deep_purple_08_waterm-3-195x146.jpg 195w, https:\/\/finewoodencreations.com\/wp-content\/uploads\/2020\/04\/deep_purple_08_waterm-3-50x38.jpg 50w, https:\/\/finewoodencreations.com\/wp-content\/uploads\/2020\/04\/deep_purple_08_waterm-3-100x75.jpg 100w, https:\/\/finewoodencreations.com\/wp-content\/uploads\/2020\/04\/deep_purple_08_waterm-3-800x600.jpg 800w\" sizes=\"auto, (max-width:767px) 480px, (max-width:1024px) 100vw, 1024px\" \/><\/a>\n\t\t\t\t<\/dt><\/div><\/dl><dl class='gallery-item'  data-title='orla_cien_09' data-description=''><div class='gallery-item-wrapper'>\n\t\t\t\t<dt class='gallery-icon landscape'>\n\t\t\t\t\t<a href='https:\/\/finewoodencreations.com\/wp-content\/uploads\/2020\/04\/orla_cien_09-2.jpg'><img loading=\"lazy\" decoding=\"async\" width=\"1024\" height=\"768\" src=\"https:\/\/finewoodencreations.com\/wp-content\/uploads\/2020\/04\/orla_cien_09-2.jpg\" class=\"attachment-full size-full\" alt=\"\" srcset=\"https:\/\/finewoodencreations.com\/wp-content\/uploads\/2020\/04\/orla_cien_09-2.jpg 1024w, https:\/\/finewoodencreations.com\/wp-content\/uploads\/2020\/04\/orla_cien_09-2-600x450.jpg 600w, https:\/\/finewoodencreations.com\/wp-content\/uploads\/2020\/04\/orla_cien_09-2-400x300.jpg 400w, https:\/\/finewoodencreations.com\/wp-content\/uploads\/2020\/04\/orla_cien_09-2-768x576.jpg 768w, https:\/\/finewoodencreations.com\/wp-content\/uploads\/2020\/04\/orla_cien_09-2-195x146.jpg 195w, https:\/\/finewoodencreations.com\/wp-content\/uploads\/2020\/04\/orla_cien_09-2-50x38.jpg 50w, https:\/\/finewoodencreations.com\/wp-content\/uploads\/2020\/04\/orla_cien_09-2-100x75.jpg 100w, https:\/\/finewoodencreations.com\/wp-content\/uploads\/2020\/04\/orla_cien_09-2-800x600.jpg 800w\" sizes=\"auto, (max-width:767px) 480px, (max-width:1024px) 100vw, 1024px\" \/><\/a>\n\t\t\t\t<\/dt><\/div><\/dl><dl class='gallery-item'  data-title='P1099564' data-description=''><div class='gallery-item-wrapper'>\n\t\t\t\t<dt class='gallery-icon landscape'>\n\t\t\t\t\t<a href='https:\/\/finewoodencreations.com\/wp-content\/uploads\/2020\/04\/P1099564-3.jpg'><img loading=\"lazy\" decoding=\"async\" width=\"1024\" height=\"768\" src=\"https:\/\/finewoodencreations.com\/wp-content\/uploads\/2020\/04\/P1099564-3.jpg\" class=\"attachment-full size-full\" alt=\"\" srcset=\"https:\/\/finewoodencreations.com\/wp-content\/uploads\/2020\/04\/P1099564-3.jpg 1024w, https:\/\/finewoodencreations.com\/wp-content\/uploads\/2020\/04\/P1099564-3-600x450.jpg 600w, https:\/\/finewoodencreations.com\/wp-content\/uploads\/2020\/04\/P1099564-3-400x300.jpg 400w, https:\/\/finewoodencreations.com\/wp-content\/uploads\/2020\/04\/P1099564-3-768x576.jpg 768w, https:\/\/finewoodencreations.com\/wp-content\/uploads\/2020\/04\/P1099564-3-195x146.jpg 195w, https:\/\/finewoodencreations.com\/wp-content\/uploads\/2020\/04\/P1099564-3-50x38.jpg 50w, https:\/\/finewoodencreations.com\/wp-content\/uploads\/2020\/04\/P1099564-3-100x75.jpg 100w, https:\/\/finewoodencreations.com\/wp-content\/uploads\/2020\/04\/P1099564-3-800x600.jpg 800w\" sizes=\"auto, (max-width:767px) 480px, (max-width:1024px) 100vw, 1024px\" \/><\/a>\n\t\t\t\t<\/dt><\/div><\/dl><br style=\"clear: both\" \/>\n\t\t\t<\/div>\n\n<h5><\/h5>\n<p>&nbsp;<\/p>\n<h5><strong>Informations techniques<\/strong><\/h5>\n<p>Chaque kit de r\u00e9sine \u00e9poxy de coul\u00e9e <strong>&#8220;FineR MEDIUM&#8221;<\/strong> est compos\u00e9 de 2 \u00e9l\u00e9ments : la r\u00e9sine et le durcisseur.<\/p>\n<ul>\n<li><strong>Rapport de m\u00e9lange : <span style=\"color: #ff0000;\">100 (r\u00e9sine) : 30 (durcisseur) m\u00e9lang\u00e9 en poids<\/span><\/strong><\/li>\n<li><strong>\u00c9paisseur maximale de la couche:\u00a0 ; <span style=\"color: #ff0000;\">5 cm. Le long processus de durcissement permet de couler des couches \u00e9paisses allant jusqu&#8217;\u00e0 5 cm.<\/span><\/strong><\/li>\n<li><strong>Temp\u00e9rature minimale de traitement:<\/strong> 13 degr\u00e9s Celsius. Plus la temp\u00e9rature de traitement est basse, plus le processus de durcissement est long.<\/li>\n<li><strong>Temps de traitement (dur\u00e9e de vie en pot):<\/strong> environ 30 heures<\/li>\n<li><strong>S\u00e9chage \u00e0 la poussi\u00e8re apr\u00e8s:<\/strong> environ 24-48 heures<\/li>\n<li><strong>Cure compl\u00e8te apr\u00e8s : <\/strong>environ 5 jours<\/li>\n<li><strong>Dur\u00e9e de conservation : <\/strong>Au moins 12 mois dans des r\u00e9cipients scell\u00e9s \u00e0 temp\u00e9rature ambiante<\/li>\n<\/ul>\n<p>&nbsp;<\/p>\n<h5><\/h5>\n<h5 style=\"text-align: left;\">Pi\u00e8ces jointes<\/h5>\n<a class=\"button  button_left button_size_2\" href=\"https:\/\/finewoodencreations.com\/wp-content\/uploads\/2021\/11\/FineR_Medium_Resin_SDS_EN.pdf\"     style=\"background-color:#f7f7f7!important;color:#000000;\" target=\"_blank\"    title=\"\"><span class=\"button_icon\"><i class=\"icon-acrobat\"  style=\"color:#000000!important;\" aria-hidden=\"true\"><\/i><\/span><span class=\"button_label\"><strong>FineR_Medium_Resin_SDS_EN.pdf<\/strong><\/span><\/a>\n\n<p>&nbsp;<\/p>\n<a class=\"button  button_left button_size_2\" href=\"https:\/\/finewoodencreations.com\/wp-content\/uploads\/2021\/11\/FineR_Medium_Hardener_SDS_EN.pdf\"     style=\"background-color:#f7f7f7!important;color:#000000;\" target=\"_blank\"    title=\"\"><span class=\"button_icon\"><i class=\"icon-acrobat\"  style=\"color:#000000!important;\" aria-hidden=\"true\"><\/i><\/span><span class=\"button_label\"><strong>FineR_Medium_Hardener_SDS_EN.pdf<\/strong><\/span><\/a>\n\n<p>&nbsp;<\/p>\n<p>Si vous avez besoin de plus grandes quantit\u00e9s de r\u00e9sine \u00e9poxy, veuillez nous contacter.: <a href=\"mailto:info@finewoodencreations.com\"><strong>info@finewoodencreations.com<\/strong><\/a><\/p>\n","protected":false},"excerpt":{"rendered":"<h6>Do you want to make your own epoxy resin table or pour large objects up to 5 cm at once?<\/h6>\n<h6>Then you can use <strong>&#8220;FineR MEDIUM &#8221; casting epoxy resin<\/strong>\u00a0for large castings.<\/h6>\n<h6><strong><span style=\"color: #ff9900;\"><i class=\"icon-truck-line\" style=\"\" aria-hidden=\"true\"><\/i><\/span> Delivery from our warehouse!<\/strong><\/h6>\n<h6><strong><span style=\"color: #ff9900;\"><i class=\"icon-credit-card\" style=\"\" aria-hidden=\"true\"><\/i><\/span> MasterCard, VISA, PayPal, Google Pay, Apple Pay or bank transfer<\/strong><\/h6>\n<h6><strong><span style=\"color: #ff9900;\"><i class=\"icon-clock\" style=\"\" aria-hidden=\"true\"><\/i><\/span> Fast delivery &#8211; even the same day!<\/strong><\/h6>\n<h6><strong><span style=\"color: #ff9900;\"><i class=\"icon-lock\" style=\"\" aria-hidden=\"true\"><\/i><\/span> Secure checkout<\/strong><\/h6>\n","protected":false},"featured_media":44160,"template":"","meta":{"footnotes":""},"product_brand":[],"product_cat":[2621],"product_tag":[],"class_list":{"0":"post-44159","1":"product","2":"type-product","3":"status-publish","4":"has-post-thumbnail","6":"product_cat-resine-epoxy","7":"tm-has-options","9":"first","10":"instock","11":"sale","12":"taxable","13":"shipping-taxable","14":"purchasable","15":"product-type-simple"},"bundled_by":[],"bundle_stock_status":"instock","bundle_stock_quantity":null,"bundle_virtual":false,"bundle_layout":"","bundle_add_to_cart_form_location":"","bundle_editable_in_cart":false,"bundle_sold_individually_context":"","bundle_item_grouping":"","bundle_min_size":"","bundle_max_size":"","bundle_price":[],"bundled_items":[],"bundle_sell_ids":[],"_links":{"self":[{"href":"https:\/\/finewoodencreations.com\/fr\/wp-json\/wp\/v2\/product\/44159","targetHints":{"allow":["GET"]}}],"collection":[{"href":"https:\/\/finewoodencreations.com\/fr\/wp-json\/wp\/v2\/product"}],"about":[{"href":"https:\/\/finewoodencreations.com\/fr\/wp-json\/wp\/v2\/types\/product"}],"version-history":[{"count":4,"href":"https:\/\/finewoodencreations.com\/fr\/wp-json\/wp\/v2\/product\/44159\/revisions"}],"predecessor-version":[{"id":44207,"href":"https:\/\/finewoodencreations.com\/fr\/wp-json\/wp\/v2\/product\/44159\/revisions\/44207"}],"wp:featuredmedia":[{"embeddable":true,"href":"https:\/\/finewoodencreations.com\/fr\/wp-json\/wp\/v2\/media\/44160"}],"wp:attachment":[{"href":"https:\/\/finewoodencreations.com\/fr\/wp-json\/wp\/v2\/media?parent=44159"}],"wp:term":[{"taxonomy":"product_brand","embeddable":true,"href":"https:\/\/finewoodencreations.com\/fr\/wp-json\/wp\/v2\/product_brand?post=44159"},{"taxonomy":"product_cat","embeddable":true,"href":"https:\/\/finewoodencreations.com\/fr\/wp-json\/wp\/v2\/product_cat?post=44159"},{"taxonomy":"product_tag","embeddable":true,"href":"https:\/\/finewoodencreations.com\/fr\/wp-json\/wp\/v2\/product_tag?post=44159"}],"curies":[{"name":"wp","href":"https:\/\/api.w.org\/{rel}","templated":true}]}}